{"id":567,"date":"2024-01-20T15:37:45","date_gmt":"2024-01-20T15:37:45","guid":{"rendered":"https:\/\/sportwebclub.revolucionweb.es\/?page_id=567"},"modified":"2024-01-29T18:01:52","modified_gmt":"2024-01-29T18:01:52","slug":"expedier-et-recevoir-en-securite-sur-sportweb-club","status":"publish","type":"page","link":"https:\/\/sportweb.club\/fr\/expedier-et-recevoir-en-securite-sur-sportweb-club\/","title":{"rendered":"Exp\u00e9dier &#038; Recevoir"},"content":{"rendered":"\t\t<div data-elementor-type=\"wp-page\" data-elementor-id=\"567\" class=\"elementor elementor-567 elementor-313\" data-elementor-post-type=\"page\">\n\t\t\t\t\t\t<section class=\"elementor-section elementor-top-section elementor-element elementor-element-14d90dc9 elementor-section-boxed elementor-section-height-default elementor-section-height-default\" data-id=\"14d90dc9\" data-element_type=\"section\" data-e-type=\"section\">\n\t\t\t\t\t\t<div class=\"elementor-container elementor-column-gap-default\">\n\t\t\t\t\t<div class=\"elementor-column elementor-col-100 elementor-top-column elementor-element elementor-element-2b169fed\" data-id=\"2b169fed\" data-element_type=\"column\" data-e-type=\"column\">\n\t\t\t<div class=\"elementor-widget-wrap elementor-element-populated\">\n\t\t\t\t\t\t<div class=\"elementor-element elementor-element-699b8caf elementor-widget elementor-widget-text-editor\" data-id=\"699b8caf\" data-element_type=\"widget\" data-e-type=\"widget\" data-widget_type=\"text-editor.default\">\n\t\t\t\t<div class=\"elementor-widget-container\">\n\t\t\t\t\t\t\t\t\t<p><\/p>\n<p><strong style=\"font-style: inherit; color: var(--ast-global-color-3); background-color: var(--ast-global-color-5);\">1. Exp\u00e9dition en tant que vendeur<\/strong><br><\/p>\n<p><\/p>\n<p><\/p>\n<p>Les frais d\u2019exp\u00e9dition sont ajout\u00e9s \u00e0 votre prix demand\u00e9 et pay\u00e9s par l\u2019acheteur dans le cadre du prix d\u2019achat total.<\/p>\n<p><\/p>\n<p><\/p>\n<p>Il est important d\u2019ajouter la preuve d\u2019exp\u00e9dition afin que l\u2019acheteur soit inform\u00e9 que l\u2019article a \u00e9t\u00e9 envoy\u00e9 et qu\u2019il puisse suivre son article.<\/p>\n<p><\/p>\n<p><\/p>\n<p><strong>Qui paie les frais d\u2019exp\u00e9dition?<\/strong><\/p>\n<p><\/p>\n<p><\/p>\n<p>Fondamentalement, le prix d\u2019exp\u00e9dition est toujours \u00e0 la charge de l\u2019acheteur.&nbsp;Les vendeurs doivent toujours exp\u00e9dier leurs articles en utilisant la m\u00e9thode et le fournisseur choisis et pay\u00e9s par l\u2019acheteur.&nbsp;Assurez-vous que la taille de l\u2019emballage choisie correspond bien \u00e0 votre article.&nbsp;Une fois que l\u2019acheteur a pay\u00e9, les vendeurs ne pourront pas leur facturer de frais suppl\u00e9mentaires et devront envoyer l\u2019article.<\/p>\n<p><\/p>\n<p><\/p>\n<p><strong>Emballage de l\u2019article<\/strong><\/p>\n<p><\/p>\n<p><\/p>\n<p>Il est important d\u2019emballer correctement vos articles afin qu\u2019ils ne soient pas endommag\u00e9s lors de l\u2019exp\u00e9dition.<\/p>\n<p><\/p>\n<p><\/p>\n<p>En outre, le colis doit respecter les r\u00e9glementations du fournisseur de services postaux afin que vous ou votre acheteur n\u2019ayez pas \u00e0 payer de suppl\u00e9ment. Assurez-vous que votre colis correspond \u00e0 la taille, au poids et aux dimensions.<\/p>\n<p><\/p>\n<p><\/p>\n<p>Lors de l\u2019emballage de votre article, gardez ces choses \u00e0 l\u2019esprit:<\/p>\n<p><\/p>\n<p><\/p>\n<p>Utilisez un mat\u00e9riau d\u2019emballage ext\u00e9rieur r\u00e9sistant et solide.<\/p>\n<p><\/p>\n<p><\/p>\n<p>Emballez l\u2019article avec du papier bulle, de la mousse ou du papier afin qu\u2019il n\u2019y ait pas de place pour que votre article se d\u00e9place dans l\u2019emballage.<\/p>\n<p><\/p>\n<p><\/p>\n<p>Placez les produits susceptibles d\u2019\u00eatre affect\u00e9s par la salet\u00e9, l\u2019eau ou les conditions humides dans un sac en plastique.<\/p>\n<p><\/p>\n<p><\/p>\n<p>La touche personnelle est toujours une bonne id\u00e9e.<\/p>\n<p><\/p>\n<p><\/p>\n<p><strong>Comment exp\u00e9dier un article?<\/strong><\/p>\n<p><\/p>\n<p><\/p>\n<p>Le processus d\u2019exp\u00e9dition est simple.<\/p>\n<p><\/p>\n<p><\/p>\n<p>Vous verrez les informations d\u2019exp\u00e9dition dans la conversation avec l\u2019acheteur.<\/p>\n<p><\/p>\n<p><\/p>\n<p>Vous n\u2019avez pas \u00e0 payer les frais d\u2019exp\u00e9dition, votre acheteur paiera.<\/p>\n<p><\/p>\n<p><\/p>\n<p>Exp\u00e9diez le colis sous 5 jours ouvr\u00e9s et conservez le re\u00e7u.<\/p>\n<p><\/p>\n<p><\/p>\n<p>Assurez-vous que l\u2019article parvient \u00e0 l\u2019acheteur en tr\u00e8s bon \u00e9tat, alors emballez-le soigneusement.<\/p>\n<p><\/p>\n<p><\/p>\n<p>Assurez-vous de choisir la bonne taille d\u2019emballage car l\u2019acheteur paiera pour cela.<\/p>\n<p><\/p>\n<p><\/p>\n<p>Un mauvais choix peut entra\u00eener un retour de colis, des frais d\u2019exp\u00e9dition suppl\u00e9mentaires, des frais de ramassage ou m\u00eame des commentaires n\u00e9gatifs de la part de votre acheteur.<\/p>\n<p><\/p>\n<p><\/p>\n<p><strong>Combien de temps ai-je pour exp\u00e9dier l\u2019article?<\/strong><\/p>\n<p><\/p>\n<p><\/p>\n<p>Vous disposez de 5 jours ouvrables pour exp\u00e9dier l\u2019article \u00e0 partir du jour o\u00f9 l\u2019acheteur l\u2019a achet\u00e9, sinon la transaction sera annul\u00e9e.<\/p>\n<p><\/p>\n<p><\/p>\n<p>Nous vous recommandons de ne pas attendre le dernier jour, car cela peut prendre jusqu\u2019\u00e0 48 heures pour que le fournisseur de transport mette \u00e0 jour les informations de livraison.<\/p>\n<p><\/p>\n<p><\/p>\n<p>Si vous ne parvenez pas \u00e0 exp\u00e9dier \u00e0 temps:<\/p>\n<p><\/p>\n<p><\/p>\n<p>Expliquez la situation \u00e0 l\u2019acheteur.<\/p>\n<p><\/p>\n<p><\/p>\n<p>Annulez la commande.<\/p>\n<p><\/p>\n<p><\/p>\n<p>Si vous \u00eates d\u2019accord avec l\u2019acheteur avant d\u2019annuler, vous \u00e9viterez les commentaires n\u00e9gatifs<\/p>\n<p><\/p>\n<p><\/p>\n<p><strong>2. Exp\u00e9dition en tant qu\u2019acheteur<\/strong><\/p>\n<p><\/p>\n<p><\/p>\n<p>Comment fonctionne le processus de livraison?<\/p>\n<p><\/p>\n<p><\/p>\n<p>Apr\u00e8s avoir achet\u00e9 un article, le vendeur est inform\u00e9.<\/p>\n<p><\/p>\n<p><\/p>\n<p>Le vendeur dispose de 5 jours ouvrables pour exp\u00e9dier l\u2019article.<\/p>\n<p><\/p>\n<p><\/p>\n<p>L\u2019acheteur sera averti lorsque l\u2019article est exp\u00e9di\u00e9 sur la base des informations de suivi ou lorsque le vendeur \u00e9crit \u00abJ\u2019ai exp\u00e9di\u00e9\u00bb.&nbsp;Si vous avez choisi un mode d\u2019exp\u00e9dition suivi, vous pourrez le suivre via une conversation avec le vendeur et le transporteur.<\/p>\n<p><\/p>\n<p><\/p>\n<p><strong>Heure de livraison<\/strong><\/p>\n<p><\/p>\n<p><\/p>\n<p>Le d\u00e9lai de livraison d\u2019un article d\u00e9pend du service d\u2019exp\u00e9dition choisi par l\u2019acheteur et du d\u00e9lai de traitement du vendeur.&nbsp;Les acheteurs peuvent voir la date de livraison estim\u00e9e de leur commande au moment du paiement.&nbsp;En outre, ils seront avertis une fois que le vendeur exp\u00e9diera son article.<\/p>\n<p><\/p>\n<p><\/p>\n<p>Temps de traitement du vendeur:<\/p>\n<p><\/p>\n<p><\/p>\n<p>Les vendeurs ont jusqu\u2019\u00e0 5 jours ouvrables pour exp\u00e9dier l\u2019article, selon le mode d\u2019exp\u00e9dition choisi par l\u2019acheteur.<\/p>\n<p><\/p>\n<p><\/p>\n<p><strong>Temps d\u2019exp\u00e9dition<\/strong><\/p>\n<p><\/p>\n<p><\/p>\n<p>Le d\u00e9lai de livraison varie en fonction de la destination du colis, ainsi que du fournisseur d\u2019exp\u00e9dition: g\u00e9n\u00e9ralement, cela prend 2-3 jours ouvrables, mais cela peut parfois \u00eatre plus long.<\/p>\n<p><\/p>\n<p><\/p>\n<p>Les samedis, dimanches et principaux jours f\u00e9ri\u00e9s nationaux ne sont g\u00e9n\u00e9ralement pas inclus dans les estimations du temps de transit.<\/p>\n<p><\/p>\n<p><\/p>\n<p><strong>Suivi des colis<\/strong><\/p>\n<p><\/p>\n<p><\/p>\n<p>Les acheteurs et les vendeurs peuvent suivre leur colis dans le fil de discussion.&nbsp;L\u00e0, ils peuvent voir o\u00f9 se trouve le colis et son d\u00e9lai de livraison pr\u00e9vu sur le Web de la soci\u00e9t\u00e9 de transport avec num\u00e9ro de suivi.<\/p>\n<p><\/p>\n<p><\/p>\n<p><strong>R\u00e9solution des probl\u00e8mes de livraison<\/strong><\/p>\n<p><\/p>\n<p><\/p>\n<p>Si vous \u00eates un acheteur et que votre article n\u2019est pas arriv\u00e9, qu\u2019il est arriv\u00e9 endommag\u00e9 ou qu\u2019il ne correspond pas \u00e0 la description, assurez-vous de signaler que j\u2019ai un probl\u00e8me dans les d\u00e9lais suivants:<\/p>\n<p><\/p>\n<p><\/p>\n<p>Dans les 2 jours suivant la livraison de votre article s\u2019il n\u2019est pas conforme \u00e0 la description ou s\u2019il est endommag\u00e9.<\/p>\n<p><\/p>\n<p><\/p>\n<p>Dans les 2 jours suivant la date de livraison pr\u00e9vue si l\u2019article n\u2019est pas arriv\u00e9.<\/p>\n<p><\/p>\t\t\t\t\t\t\t\t<\/div>\n\t\t\t\t<\/div>\n\t\t\t\t\t<\/div>\n\t\t<\/div>\n\t\t\t\t\t<\/div>\n\t\t<\/section>\n\t\t\t\t<\/div>\n\t\t","protected":false},"excerpt":{"rendered":"<p>1. Exp\u00e9dition en tant que vendeur Les frais d\u2019exp\u00e9dition sont ajout\u00e9s \u00e0 votre prix demand\u00e9 et pay\u00e9s par l\u2019acheteur dans le cadre du prix d\u2019achat total. Il est important d\u2019ajouter la preuve d\u2019exp\u00e9dition afin que l\u2019acheteur soit inform\u00e9 que l\u2019article a \u00e9t\u00e9 envoy\u00e9 et qu\u2019il puisse suivre son article. Qui paie les frais d\u2019exp\u00e9dition? Fondamentalement, [&hellip;]<\/p>\n","protected":false},"author":1,"featured_media":0,"parent":0,"menu_order":0,"comment_status":"closed","ping_status":"closed","template":"","meta":{"site-sidebar-layout":"default","site-content-layout":"default","ast-site-content-layout":"","site-content-style":"default","site-sidebar-style":"default","ast-global-header-display":"","ast-banner-title-visibility":"","ast-main-header-display":"","ast-hfb-above-header-display":"","ast-hfb-below-header-display":"","ast-hfb-mobile-header-display":"","site-post-title":"","ast-breadcrumbs-content":"","ast-featured-img":"","footer-sml-layout":"","theme-transparent-header-meta":"default","adv-header-id-meta":"","stick-header-meta":"","header-above-stick-meta":"","header-main-stick-meta":"","header-below-stick-meta":"","astra-migrate-meta-layouts":"default","ast-page-background-enabled":"default","ast-page-background-meta":{"desktop":{"background-color":"var(--ast-global-color-4)","background-image":"","background-repeat":"repeat","background-position":"center center","background-size":"auto","background-attachment":"scroll","background-type":"","background-media":"","overlay-type":"","overlay-color":"","overlay-opacity":"","overlay-gradient":""},"tablet":{"background-color":"","background-image":"","background-repeat":"repeat","background-position":"center center","background-size":"auto","background-attachment":"scroll","background-type":"","background-media":"","overlay-type":"","overlay-color":"","overlay-opacity":"","overlay-gradient":""},"mobile":{"background-color":"","background-image":"","background-repeat":"repeat","background-position":"center center","background-size":"auto","background-attachment":"scroll","background-type":"","background-media":"","overlay-type":"","overlay-color":"","overlay-opacity":"","overlay-gradient":""}},"ast-content-background-meta":{"desktop":{"background-color":"var(--ast-global-color-5)","background-image":"","background-repeat":"repeat","background-position":"center center","background-size":"auto","background-attachment":"scroll","background-type":"","background-media":"","overlay-type":"","overlay-color":"","overlay-opacity":"","overlay-gradient":""},"tablet":{"background-color":"var(--ast-global-color-5)","background-image":"","background-repeat":"repeat","background-position":"center center","background-size":"auto","background-attachment":"scroll","background-type":"","background-media":"","overlay-type":"","overlay-color":"","overlay-opacity":"","overlay-gradient":""},"mobile":{"background-color":"var(--ast-global-color-5)","background-image":"","background-repeat":"repeat","background-position":"center center","background-size":"auto","background-attachment":"scroll","background-type":"","background-media":"","overlay-type":"","overlay-color":"","overlay-opacity":"","overlay-gradient":""}},"footnotes":""},"class_list":["post-567","page","type-page","status-publish","hentry"],"yoast_head":"<!-- This site is optimized with the Yoast SEO plugin v27.5 - https:\/\/yoast.com\/product\/yoast-seo-wordpress\/ -->\n<title>Exp\u00e9dier et Recevoir en S\u00e9curit\u00e9 avec SportWeb.club<\/title>\n<meta name=\"description\" content=\"Faites l&#039;exp\u00e9rience d&#039;une livraison s\u00e9curis\u00e9e de vos \u00e9quipements de sport gr\u00e2ce aux services d&#039;exp\u00e9dition recommand\u00e9s par SportWeb.club.\" \/>\n<meta name=\"robots\" content=\"index, follow, max-snippet:-1, max-image-preview:large, max-video-preview:-1\" \/>\n<link rel=\"canonical\" href=\"https:\/\/sportweb.club\/send-and-receive-safely-at-sportweb-club\/\" \/>\n<meta property=\"og:locale\" content=\"fr_FR\" \/>\n<meta property=\"og:type\" content=\"article\" \/>\n<meta property=\"og:title\" content=\"Exp\u00e9dier et Recevoir en S\u00e9curit\u00e9 avec SportWeb.club\" \/>\n<meta property=\"og:description\" content=\"Faites l&#039;exp\u00e9rience d&#039;une livraison s\u00e9curis\u00e9e de vos \u00e9quipements de sport gr\u00e2ce aux services d&#039;exp\u00e9dition recommand\u00e9s par SportWeb.club.\" \/>\n<meta property=\"og:url\" content=\"https:\/\/sportweb.club\/send-and-receive-safely-at-sportweb-club\/\" \/>\n<meta property=\"og:site_name\" content=\"SportWeb Club\" \/>\n<meta property=\"article:modified_time\" content=\"2024-01-29T18:01:52+00:00\" \/>\n<meta property=\"og:image\" content=\"https:\/\/sportweb.club\/wp-content\/uploads\/2023\/01\/sell-it-ship-it.png\" \/>\n\t<meta property=\"og:image:width\" content=\"390\" \/>\n\t<meta property=\"og:image:height\" content=\"260\" \/>\n\t<meta property=\"og:image:type\" content=\"image\/png\" \/>\n<meta name=\"twitter:card\" content=\"summary_large_image\" \/>\n<meta name=\"twitter:title\" content=\"Services d&#039;exp\u00e9dition rapides et s\u00e9curis\u00e9s sur SportWeb.club\" \/>\n<meta name=\"twitter:description\" content=\"Faites l&#039;exp\u00e9rience d&#039;une livraison s\u00e9curis\u00e9e de vos \u00e9quipements de sport gr\u00e2ce aux services d&#039;exp\u00e9dition recommand\u00e9s par SportWeb.club.\" \/>\n<meta name=\"twitter:image\" content=\"https:\/\/sportweb.club\/wp-content\/uploads\/2023\/01\/sell-it-ship-it.png\" \/>\n<meta name=\"twitter:label1\" content=\"Dur\u00e9e de lecture estim\u00e9e\" \/>\n\t<meta name=\"twitter:data1\" content=\"4 minutes\" \/>\n<script type=\"application\/ld+json\" class=\"yoast-schema-graph\">{\"@context\":\"https:\\\/\\\/schema.org\",\"@graph\":[{\"@type\":\"WebPage\",\"@id\":\"https:\\\/\\\/sportweb.club\\\/send-and-receive-safely-at-sportweb-club\\\/\",\"url\":\"https:\\\/\\\/sportweb.club\\\/send-and-receive-safely-at-sportweb-club\\\/\",\"name\":\"Exp\u00e9dier et Recevoir en S\u00e9curit\u00e9 avec SportWeb.club\",\"isPartOf\":{\"@id\":\"https:\\\/\\\/sportweb.club\\\/#website\"},\"datePublished\":\"2024-01-20T15:37:45+00:00\",\"dateModified\":\"2024-01-29T18:01:52+00:00\",\"description\":\"Faites l'exp\u00e9rience d'une livraison s\u00e9curis\u00e9e de vos \u00e9quipements de sport gr\u00e2ce aux services d'exp\u00e9dition recommand\u00e9s par SportWeb.club.\",\"breadcrumb\":{\"@id\":\"https:\\\/\\\/sportweb.club\\\/send-and-receive-safely-at-sportweb-club\\\/#breadcrumb\"},\"inLanguage\":\"fr-FR\",\"potentialAction\":[{\"@type\":\"ReadAction\",\"target\":[\"https:\\\/\\\/sportweb.club\\\/send-and-receive-safely-at-sportweb-club\\\/\"]}]},{\"@type\":\"BreadcrumbList\",\"@id\":\"https:\\\/\\\/sportweb.club\\\/send-and-receive-safely-at-sportweb-club\\\/#breadcrumb\",\"itemListElement\":[{\"@type\":\"ListItem\",\"position\":1,\"name\":\"Home\",\"item\":\"https:\\\/\\\/sportweb.club\\\/fr\\\/\"},{\"@type\":\"ListItem\",\"position\":2,\"name\":\"Exp\u00e9dier &#038; Recevoir\"}]},{\"@type\":\"WebSite\",\"@id\":\"https:\\\/\\\/sportweb.club\\\/#website\",\"url\":\"https:\\\/\\\/sportweb.club\\\/\",\"name\":\"SportWeb Club\",\"description\":\"Sell and Buy Sport Second Hand Products\",\"publisher\":{\"@id\":\"https:\\\/\\\/sportweb.club\\\/#organization\"},\"potentialAction\":[{\"@type\":\"SearchAction\",\"target\":{\"@type\":\"EntryPoint\",\"urlTemplate\":\"https:\\\/\\\/sportweb.club\\\/?s={search_term_string}\"},\"query-input\":{\"@type\":\"PropertyValueSpecification\",\"valueRequired\":true,\"valueName\":\"search_term_string\"}}],\"inLanguage\":\"fr-FR\"},{\"@type\":\"Organization\",\"@id\":\"https:\\\/\\\/sportweb.club\\\/#organization\",\"name\":\"SportWeb Club\",\"url\":\"https:\\\/\\\/sportweb.club\\\/\",\"logo\":{\"@type\":\"ImageObject\",\"inLanguage\":\"fr-FR\",\"@id\":\"https:\\\/\\\/sportweb.club\\\/#\\\/schema\\\/logo\\\/image\\\/\",\"url\":\"https:\\\/\\\/sportweb.club\\\/wp-content\\\/uploads\\\/2023\\\/01\\\/sportweblogo.jpg\",\"contentUrl\":\"https:\\\/\\\/sportweb.club\\\/wp-content\\\/uploads\\\/2023\\\/01\\\/sportweblogo.jpg\",\"width\":450,\"height\":80,\"caption\":\"SportWeb Club\"},\"image\":{\"@id\":\"https:\\\/\\\/sportweb.club\\\/#\\\/schema\\\/logo\\\/image\\\/\"}}]}<\/script>\n<!-- \/ Yoast SEO plugin. -->","yoast_head_json":{"title":"Exp\u00e9dier et Recevoir en S\u00e9curit\u00e9 avec SportWeb.club","description":"Faites l'exp\u00e9rience d'une livraison s\u00e9curis\u00e9e de vos \u00e9quipements de sport gr\u00e2ce aux services d'exp\u00e9dition recommand\u00e9s par SportWeb.club.","robots":{"index":"index","follow":"follow","max-snippet":"max-snippet:-1","max-image-preview":"max-image-preview:large","max-video-preview":"max-video-preview:-1"},"canonical":"https:\/\/sportweb.club\/send-and-receive-safely-at-sportweb-club\/","og_locale":"fr_FR","og_type":"article","og_title":"Exp\u00e9dier et Recevoir en S\u00e9curit\u00e9 avec SportWeb.club","og_description":"Faites l'exp\u00e9rience d'une livraison s\u00e9curis\u00e9e de vos \u00e9quipements de sport gr\u00e2ce aux services d'exp\u00e9dition recommand\u00e9s par SportWeb.club.","og_url":"https:\/\/sportweb.club\/send-and-receive-safely-at-sportweb-club\/","og_site_name":"SportWeb Club","article_modified_time":"2024-01-29T18:01:52+00:00","og_image":[{"width":390,"height":260,"url":"https:\/\/sportweb.club\/wp-content\/uploads\/2023\/01\/sell-it-ship-it.png","type":"image\/png"}],"twitter_card":"summary_large_image","twitter_title":"Services d'exp\u00e9dition rapides et s\u00e9curis\u00e9s sur SportWeb.club","twitter_description":"Faites l'exp\u00e9rience d'une livraison s\u00e9curis\u00e9e de vos \u00e9quipements de sport gr\u00e2ce aux services d'exp\u00e9dition recommand\u00e9s par SportWeb.club.","twitter_image":"https:\/\/sportweb.club\/wp-content\/uploads\/2023\/01\/sell-it-ship-it.png","twitter_misc":{"Dur\u00e9e de lecture estim\u00e9e":"4 minutes"},"schema":{"@context":"https:\/\/schema.org","@graph":[{"@type":"WebPage","@id":"https:\/\/sportweb.club\/send-and-receive-safely-at-sportweb-club\/","url":"https:\/\/sportweb.club\/send-and-receive-safely-at-sportweb-club\/","name":"Exp\u00e9dier et Recevoir en S\u00e9curit\u00e9 avec SportWeb.club","isPartOf":{"@id":"https:\/\/sportweb.club\/#website"},"datePublished":"2024-01-20T15:37:45+00:00","dateModified":"2024-01-29T18:01:52+00:00","description":"Faites l'exp\u00e9rience d'une livraison s\u00e9curis\u00e9e de vos \u00e9quipements de sport gr\u00e2ce aux services d'exp\u00e9dition recommand\u00e9s par SportWeb.club.","breadcrumb":{"@id":"https:\/\/sportweb.club\/send-and-receive-safely-at-sportweb-club\/#breadcrumb"},"inLanguage":"fr-FR","potentialAction":[{"@type":"ReadAction","target":["https:\/\/sportweb.club\/send-and-receive-safely-at-sportweb-club\/"]}]},{"@type":"BreadcrumbList","@id":"https:\/\/sportweb.club\/send-and-receive-safely-at-sportweb-club\/#breadcrumb","itemListElement":[{"@type":"ListItem","position":1,"name":"Home","item":"https:\/\/sportweb.club\/fr\/"},{"@type":"ListItem","position":2,"name":"Exp\u00e9dier &#038; Recevoir"}]},{"@type":"WebSite","@id":"https:\/\/sportweb.club\/#website","url":"https:\/\/sportweb.club\/","name":"SportWeb Club","description":"Sell and Buy Sport Second Hand Products","publisher":{"@id":"https:\/\/sportweb.club\/#organization"},"potentialAction":[{"@type":"SearchAction","target":{"@type":"EntryPoint","urlTemplate":"https:\/\/sportweb.club\/?s={search_term_string}"},"query-input":{"@type":"PropertyValueSpecification","valueRequired":true,"valueName":"search_term_string"}}],"inLanguage":"fr-FR"},{"@type":"Organization","@id":"https:\/\/sportweb.club\/#organization","name":"SportWeb Club","url":"https:\/\/sportweb.club\/","logo":{"@type":"ImageObject","inLanguage":"fr-FR","@id":"https:\/\/sportweb.club\/#\/schema\/logo\/image\/","url":"https:\/\/sportweb.club\/wp-content\/uploads\/2023\/01\/sportweblogo.jpg","contentUrl":"https:\/\/sportweb.club\/wp-content\/uploads\/2023\/01\/sportweblogo.jpg","width":450,"height":80,"caption":"SportWeb Club"},"image":{"@id":"https:\/\/sportweb.club\/#\/schema\/logo\/image\/"}}]}},"_links":{"self":[{"href":"https:\/\/sportweb.club\/fr\/wp-json\/wp\/v2\/pages\/567","targetHints":{"allow":["GET"]}}],"collection":[{"href":"https:\/\/sportweb.club\/fr\/wp-json\/wp\/v2\/pages"}],"about":[{"href":"https:\/\/sportweb.club\/fr\/wp-json\/wp\/v2\/types\/page"}],"author":[{"embeddable":true,"href":"https:\/\/sportweb.club\/fr\/wp-json\/wp\/v2\/users\/1"}],"replies":[{"embeddable":true,"href":"https:\/\/sportweb.club\/fr\/wp-json\/wp\/v2\/comments?post=567"}],"version-history":[{"count":8,"href":"https:\/\/sportweb.club\/fr\/wp-json\/wp\/v2\/pages\/567\/revisions"}],"predecessor-version":[{"id":5066,"href":"https:\/\/sportweb.club\/fr\/wp-json\/wp\/v2\/pages\/567\/revisions\/5066"}],"wp:attachment":[{"href":"https:\/\/sportweb.club\/fr\/wp-json\/wp\/v2\/media?parent=567"}],"curies":[{"name":"wp","href":"https:\/\/api.w.org\/{rel}","templated":true}]}}