{"id":563,"date":"2024-01-20T15:34:01","date_gmt":"2024-01-20T15:34:01","guid":{"rendered":"https:\/\/sportwebclub.revolucionweb.es\/?page_id=563"},"modified":"2024-01-22T10:07:28","modified_gmt":"2024-01-22T10:07:28","slug":"vend-ton-materiel-de-sport-doccasion-sur-sportweb-club","status":"publish","type":"page","link":"https:\/\/sportweb.club\/fr\/vend-ton-materiel-de-sport-doccasion-sur-sportweb-club\/","title":{"rendered":"Vendre"},"content":{"rendered":"\t\t<div data-elementor-type=\"wp-page\" data-elementor-id=\"563\" class=\"elementor elementor-563 elementor-308\" data-elementor-post-type=\"page\">\n\t\t\t\t\t\t<section class=\"elementor-section elementor-top-section elementor-element elementor-element-10e83f96 elementor-section-boxed elementor-section-height-default elementor-section-height-default\" data-id=\"10e83f96\" data-element_type=\"section\" data-e-type=\"section\">\n\t\t\t\t\t\t<div class=\"elementor-container elementor-column-gap-default\">\n\t\t\t\t\t<div class=\"elementor-column elementor-col-100 elementor-top-column elementor-element elementor-element-325dee7c\" data-id=\"325dee7c\" data-element_type=\"column\" data-e-type=\"column\">\n\t\t\t<div class=\"elementor-widget-wrap elementor-element-populated\">\n\t\t\t\t\t\t<div class=\"elementor-element elementor-element-157f68ac elementor-widget elementor-widget-text-editor\" data-id=\"157f68ac\" data-element_type=\"widget\" data-e-type=\"widget\" data-widget_type=\"text-editor.default\">\n\t\t\t\t<div class=\"elementor-widget-container\">\n\t\t\t\t\t\t\t\t\t<p><\/p>\n<p>Vendre un article est simple!&nbsp;Voici comment proc\u00e9der:<\/p>\n<p><\/p>\n<p>Publiez un article.<\/p>\n<p><\/p>\n<p>T\u00e9l\u00e9chargez quelques superbes photos de l\u2019article, r\u00e9digez une description d\u00e9taill\u00e9e, d\u00e9finissez le prix de votre article.<\/p>\n<p><\/p>\n<p>La liste de plusieurs articles vous aide \u00e0 vendre plus rapidement.<\/p>\n<p><\/p>\n<p>Construisez votre profil.<\/p>\n<p><\/p>\n<p>Configurez et v\u00e9rifiez votre compte.<\/p>\n<p><\/p>\n<p>Choisissez les options d\u2019exp\u00e9dition et de paiement dans vos param\u00e8tres.<\/p>\n<p><\/p>\n<p>Attendez les acheteurs.<\/p>\n<p><\/p>\n<p>Soyez pr\u00eat \u00e0 r\u00e9pondre \u00e0 toutes les questions des acheteurs<\/p>\n<p><\/p>\n<p>Vous serez inform\u00e9 de toutes les \u00e9tapes d\u2019achat effectu\u00e9es par l\u2019acheteur.<\/p>\n<p><\/p>\n<p>C\u2019est vendu! Il est temps d\u2019envoyer.<\/p>\n<p><\/p>\n<p>Emballez votre article!&nbsp;Une touche personnelle est toujours agr\u00e9able.<\/p>\n<p><\/p>\n<p>Exp\u00e9diez l\u2019article avec le mode de transport pour lequel l\u2019acheteur a pay\u00e9.<\/p>\n<p><\/p>\n<p>Suivez les instructions d\u2019exp\u00e9dition, mais assurez-vous d\u2019exp\u00e9dier l\u2019article dans les 5 jours ouvrables suivant l\u2019achat.<\/p>\n<p><\/p>\n<p>Si l\u2019acheteur a choisi un mode d\u2019exp\u00e9dition suivi, vous pouvez tous les deux suivre le trajet de l\u2019article.<\/p>\n<p><\/p>\n<p>Livr\u00e9 et tout va bien?<\/p>\n<p><\/p>\n<p>C\u2019est le moment id\u00e9al pour laisser un commentaire et des \u00e9toiles \u00e0 votre acheteur et dire aux autres ce que vous en pensez!<\/p>\n<p><\/p>\n<p>N\u00b4oubliez pas d\u00b4\u00e9liminer les annonces de chaque article vendu.<\/p>\n<p><\/p>\n<p><strong>Que puis-je vendre sur SportWeb.Club?<\/strong><\/p>\n<p><\/p>\n<p>SportWeb.Club est un lieu de vente:<\/p>\n<p><\/p>\n<p>Articles de sport pour femmes, hommes et enfants, v\u00eatements, chaussures et accessoires li\u00e9s au sport. Ce \u00e0 quoi SportWeb.Club n\u2019est pas destin\u00e9:<\/p>\n<p><\/p>\n<p>1. Les articles suivants ne peuvent pas \u00eatre vendus sur SportWeb.Club<\/p>\n<p><\/p>\n<p>Articles strictement interdits:<\/p>\n<p><\/p>\n<p>Les articles qui ne sont pas conformes aux lois de votre juridiction;<\/p>\n<p><\/p>\n<p>Articles contrefaits, c\u2019est-\u00e0-dire contrefa\u00e7ons et r\u00e9pliques non autoris\u00e9es des produits r\u00e9els;<\/p>\n<p><\/p>\n<p>\u00c9chantillons ou articles promotionnels que vous avez re\u00e7us gratuitement;<\/p>\n<p><\/p>\n<p>Produits d\u2019ordonnance, m\u00e9dicaments, fournitures m\u00e9dicales professionnelles, vitamines, compl\u00e9ments alimentaires;<\/p>\n<p><\/p>\n<p>Nourriture et boissons;<\/p>\n<p><\/p>\n<p>Drogues, accessoires pour drogues, produits du tabac tels que cigarettes, cigares, pipes, cigarettes \u00e9lectroniques, ainsi que des vapoteurs, ou autres instruments et accessoires de vaporisation;<\/p>\n<p><\/p>\n<p>Uniformes officiels, badges, accessoires ou tout autre type d\u2019articles des forces arm\u00e9es, de la police ou de tout autre service d\u2019urgence<\/p>\n<p><\/p>\n<p>Embl\u00e8mes et noms de l\u2019aide humanitaire internationale individuellement ou dans les v\u00eatements;<\/p>\n<p><\/p>\n<p>Nazi, fasciste, uniformes et accessoires;<\/p>\n<p><\/p>\n<p>Articles qui encouragent ou affichent la violence, la discrimination, la haine ou le crime;<\/p>\n<p><\/p>\n<p>Articles autographi\u00e9s (ou articles similaires) sans certificat d\u2019authenticit\u00e9 de confiance.<\/p>\n<p><\/p>\n<p>2. Les articles qui ne sont pas conformes aux normes d\u2019hygi\u00e8ne ou qui pr\u00e9sentent un risque pour votre sant\u00e9 \/ s\u00e9curit\u00e9:<\/p>\n<p><\/p>\n<p>Les sous-v\u00eatements port\u00e9s, les soutiens-gorge, les maillots de bain et les collants peuvent \u00eatre vendus \u00e0 condition qu\u2019ils soient correctement lav\u00e9s et que la description indique clairement que l\u2019article a \u00e9t\u00e9 port\u00e9.<\/p>\n<p><\/p>\n<p>Il est strictement interdit de vendre des articles cosm\u00e9tiques.<\/p>\n<p><\/p>\n<p>Produits \u00e9lectroniques et de haute technologie (par exemple, t\u00e9l\u00e9phones mobiles, ordinateurs, t\u00e9l\u00e9viseurs, haut-parleurs, appareils photo, banques d\u2019alimentation, c\u00e2bles, chargeurs de t\u00e9l\u00e9phone, machines \u00e0 laver, lave-vaisselle, fers \u00e0 repasser, aspirateurs, etc.);<\/p>\n<p><\/p>\n<p>Meubles, articles m\u00e9nagers, appareils m\u00e9nagers, outils et \u00e9quipement de jardinage;<\/p>\n<p><\/p>\n<p>Matelas, oreillers, literie, couvertures pour adultes;<\/p>\n<p><\/p>\n<p>Ustensiles et appareils de cuisine, couteaux, casseroles, casseroles, machines \u00e0 caf\u00e9 et articles ou appareils similaires pour la pr\u00e9paration des aliments, articles de conservation des aliments;<\/p>\n<p><\/p>\n<p>Magazines et fournitures de papeterie pour adultes, tels que cahiers, agendas et calendriers;<\/p>\n<p><\/p>\n<p>Peintures, dessins, photos et autres \u0153uvres d\u2019art;<\/p>\n<p><\/p>\n<p>Catalogues de vente et produits command\u00e9s sur demande, services professionnels ou toute autre publicit\u00e9 faisant la promotion d\u2019activit\u00e9s commerciales;<\/p>\n<p><\/p>\n<p>Sacs \u00e0 poussi\u00e8re vides, bo\u00eetes d\u2019emballage, sacs \u00e0 provisions en papier, bo\u00eetes-cadeaux, bo\u00eetes de d\u00e9m\u00e9nagement;<\/p>\n<p><\/p>\n<p>Calendriers de l\u2019Avant, forfaits \/ lots surprises;<\/p>\n<p><\/p>\n<p>Articles sexuellement explicites tels que jouets sexuels et articles li\u00e9s au f\u00e9tiche;<\/p>\n<p><\/p>\n<p>Accessoires ou v\u00eatements pour animaux et animaux eux-m\u00eames;<\/p>\n<p><\/p>\n<p>Billets pour \u00e9v\u00e9nements, cartes-cadeaux et coupons de r\u00e9duction, abonnements.<\/p>\n<p><\/p>\n<p>Tous les articles mentionn\u00e9s ci-dessus, ainsi que les articles similaires qui ne rel\u00e8vent pas de nos cat\u00e9gories accept\u00e9es, seront supprim\u00e9s ou masqu\u00e9s de la liste par notre \u00e9quipe.<\/p>\n<p><\/p>\n<p>Veuillez noter que si vous utilisez une fonctionnalit\u00e9 payante pour votre annonce et que celle-ci enfreint nos r\u00e8gles, nous ne serons pas en mesure de rembourser le co\u00fbt de la fonctionnalit\u00e9 apr\u00e8s avoir supprim\u00e9 ou masqu\u00e9 cette annonce.<\/p>\n<p><\/p>\n<p><strong>R\u00e9ception du paiement<\/strong><\/p>\n<p><\/p>\n<p>Les Vendeurs re\u00e7oivent leurs paiements d\u00e8s qu\u2019une commande est compl\u00e9t\u00e9e suivant le Mode de Paiement choisi par l\u2019Acheteur.<\/p>\n<p><\/p>\n<p><strong>Laisser les commentaires!<\/strong><\/p>\n<p><\/p>\n<p>Laisser des commentaires \u00e0 la fois aux acheteurs et aux vendeurs est important car cela renforce la confiance entre les membres de SportWeb.Club.<\/p>\n<p><\/p>\n<p>Laissez des commentaires dans votre fil de conversation<\/p>\n<p><\/p>\n<p>Choisissez le nombre d\u2019\u00e9toiles que vous souhaitez attribuer, ajoutez un commentaire et soumettez-le.<\/p>\n<p><\/p>\n<p>Vous pouvez \u00e9galement laisser des commentaires en consultant le profil de votre vendeur ou acheteur et en cliquant sur leur note.<\/p>\n<p><\/p>\n<p>Vous pouvez modifier ou supprimer vos commentaires.&nbsp;Vous verrez ces options sous les commentaires que vous avez laiss\u00e9s.<\/p>\n<p><\/p>\n<p><strong>Conseils pour le nombre d\u2019\u00e9toiles:<\/strong><\/p>\n<p><\/p>\n<p>Comment ma note d\u2019\u00e9valuation est-elle calcul\u00e9e?<\/p>\n<p><\/p>\n<p>L\u00b4opinion est la fa\u00e7on dont nous construisons la confiance dans la communaut\u00e9.<\/p>\n<p><\/p>\n<p>Comment cela fonctionne:<\/p>\n<p><\/p>\n<p>Votre note est bas\u00e9e sur le nombre moyen d\u2019\u00e9toiles que vous avez re\u00e7u.<\/p>\n<p><\/p>\n<p>Seuls les commentaires laiss\u00e9s par d\u2019autres clients affectent votre note.<\/p>\n<p><\/p>\n<p>Chaque message de retour compte.&nbsp;Lorsque le m\u00eame client vous laisse plus d\u2019un avis, chaque message de retour sera pris en compte.<\/p>\n<p><\/p>\n<p><strong>Annuler une commande<\/strong><\/p>\n<p><\/p>\n<p>Un acheteur et un vendeur ne peuvent annuler leur commande que si l\u2019article n\u2019a pas encore \u00e9t\u00e9 exp\u00e9di\u00e9.<\/p>\n<p><\/p>\n<p>Pour annuler votre achat:<\/p>\n<p><\/p>\n<p>Ouvrez votre \u00e9cran de conversation avec l\u2019acheteur.<\/p>\n<p><\/p>\n<p>Un accord mutuel entre un acheteur et un vendeur sur l\u2019annulation de leur commande les aidera \u00e0 \u00e9viter les commentaires n\u00e9gatifs.<\/p>\n<p><\/p>\n<p><strong>Vous \u00eates parvenu \u00e0 un accord avec l\u2019acheteur?<\/strong><\/p>\n<p><\/p>\n<p>Si vous avez accept\u00e9 le remboursement:<\/p>\n<p><\/p>\n<p>Veuillez organiser le retour de l\u2019article directement avec l\u2019acheteur.&nbsp;D\u00e8s que vous recevez un num\u00e9ro de suivi valide du colis de retour de l\u2019acheteur, vous pouvez annuler la commande et le rembourser via le fil de conversation.&nbsp;Nous vous conseillons vivement d\u2019attendre d\u2019avoir re\u00e7u au moins cette preuve avant de proc\u00e9der au remboursement.<\/p>\n<p><\/p>\n<p>Si vous acceptez que l\u2019acheteur conserve l\u2019article, \u00e9crivez Probl\u00e8me R\u00e9solu dans votre fil de conversation avec l\u2019acheteur.<\/p>\n<p><\/p>\n<p><strong>Vous n\u2019arrivez pas \u00e0 vous entendre sur le remboursement avec l\u2019acheteur?<\/strong><\/p>\n<p><\/p>\n<p>Demandez-nous d\u2019intervenir.<\/p>\n<p><\/p>\n<p>Si vous avez besoin d\u2019aide pour r\u00e9soudre un probl\u00e8me, contactez-nous en nous envoyant un e-mail d\u00e9crivant votre probl\u00e8me \u00e0 contact@sportweb.club Nous examinerons le cas pour vous aider \u00e0 trouver la solution.<\/p>\n<p><\/p>\t\t\t\t\t\t\t\t<\/div>\n\t\t\t\t<\/div>\n\t\t\t\t\t<\/div>\n\t\t<\/div>\n\t\t\t\t\t<\/div>\n\t\t<\/section>\n\t\t\t\t<\/div>\n\t\t","protected":false},"excerpt":{"rendered":"<p>Vendre un article est simple!\u00a0Voici comment proc\u00e9der: Publiez un article. T\u00e9l\u00e9chargez quelques superbes photos de l\u2019article, r\u00e9digez une description d\u00e9taill\u00e9e, d\u00e9finissez le prix de votre article. La liste de plusieurs articles vous aide \u00e0 vendre plus rapidement. Construisez votre profil. Configurez et v\u00e9rifiez votre compte. Choisissez les options d\u2019exp\u00e9dition et de paiement dans vos param\u00e8tres. [&hellip;]<\/p>\n","protected":false},"author":1,"featured_media":0,"parent":0,"menu_order":0,"comment_status":"closed","ping_status":"closed","template":"","meta":{"site-sidebar-layout":"default","site-content-layout":"default","ast-site-content-layout":"","site-content-style":"default","site-sidebar-style":"default","ast-global-header-display":"","ast-banner-title-visibility":"","ast-main-header-display":"","ast-hfb-above-header-display":"","ast-hfb-below-header-display":"","ast-hfb-mobile-header-display":"","site-post-title":"","ast-breadcrumbs-content":"","ast-featured-img":"","footer-sml-layout":"","theme-transparent-header-meta":"default","adv-header-id-meta":"","stick-header-meta":"","header-above-stick-meta":"","header-main-stick-meta":"","header-below-stick-meta":"","astra-migrate-meta-layouts":"default","ast-page-background-enabled":"default","ast-page-background-meta":{"desktop":{"background-color":"var(--ast-global-color-4)","background-image":"","background-repeat":"repeat","background-position":"center center","background-size":"auto","background-attachment":"scroll","background-type":"","background-media":"","overlay-type":"","overlay-color":"","overlay-opacity":"","overlay-gradient":""},"tablet":{"background-color":"","background-image":"","background-repeat":"repeat","background-position":"center center","background-size":"auto","background-attachment":"scroll","background-type":"","background-media":"","overlay-type":"","overlay-color":"","overlay-opacity":"","overlay-gradient":""},"mobile":{"background-color":"","background-image":"","background-repeat":"repeat","background-position":"center center","background-size":"auto","background-attachment":"scroll","background-type":"","background-media":"","overlay-type":"","overlay-color":"","overlay-opacity":"","overlay-gradient":""}},"ast-content-background-meta":{"desktop":{"background-color":"var(--ast-global-color-5)","background-image":"","background-repeat":"repeat","background-position":"center center","background-size":"auto","background-attachment":"scroll","background-type":"","background-media":"","overlay-type":"","overlay-color":"","overlay-opacity":"","overlay-gradient":""},"tablet":{"background-color":"var(--ast-global-color-5)","background-image":"","background-repeat":"repeat","background-position":"center center","background-size":"auto","background-attachment":"scroll","background-type":"","background-media":"","overlay-type":"","overlay-color":"","overlay-opacity":"","overlay-gradient":""},"mobile":{"background-color":"var(--ast-global-color-5)","background-image":"","background-repeat":"repeat","background-position":"center center","background-size":"auto","background-attachment":"scroll","background-type":"","background-media":"","overlay-type":"","overlay-color":"","overlay-opacity":"","overlay-gradient":""}},"footnotes":""},"class_list":["post-563","page","type-page","status-publish","hentry"],"yoast_head":"<!-- This site is optimized with the Yoast SEO plugin v27.5 - https:\/\/yoast.com\/product\/yoast-seo-wordpress\/ -->\n<title>Vend ton Mat\u00e9riel de Sport d&#039;Occasion sur Sportweb.Club<\/title>\n<meta name=\"description\" content=\"SportWeb.Club, la nouvelle plateforme s\u00e9curis\u00e9e en ligne pour vendre des articles de sport au meilleurs prix directement entre utilisateurs.\" \/>\n<meta name=\"robots\" content=\"index, follow, max-snippet:-1, max-image-preview:large, max-video-preview:-1\" \/>\n<link rel=\"canonical\" href=\"https:\/\/sportweb.club\/sell-your-secondhand-sports-equipment-on-sportweb-club\/\" \/>\n<meta property=\"og:locale\" content=\"fr_FR\" \/>\n<meta property=\"og:type\" content=\"article\" \/>\n<meta property=\"og:title\" content=\"Vend ton mat\u00e9riel de sport d&#039;occasion sur Sportweb.Club\" \/>\n<meta property=\"og:description\" content=\"SportWeb.Club, la nouvelle plateforme s\u00e9curis\u00e9e en ligne pour vendre des articles de sport au meilleurs prix directement entre utilisateurs.\" \/>\n<meta property=\"og:url\" content=\"https:\/\/sportweb.club\/sell-your-secondhand-sports-equipment-on-sportweb-club\/\" \/>\n<meta property=\"og:site_name\" content=\"SportWeb Club\" \/>\n<meta property=\"article:modified_time\" content=\"2024-01-22T10:07:28+00:00\" \/>\n<meta property=\"og:image\" content=\"https:\/\/sportweb.club\/wp-content\/uploads\/2023\/01\/list-for-free.png\" \/>\n\t<meta property=\"og:image:width\" content=\"390\" \/>\n\t<meta property=\"og:image:height\" content=\"260\" \/>\n\t<meta property=\"og:image:type\" content=\"image\/png\" \/>\n<meta name=\"twitter:card\" content=\"summary_large_image\" \/>\n<meta name=\"twitter:title\" content=\"Vend ton mat\u00e9riel de sport d&#039;occasion sur Sportweb.Club\" \/>\n<meta name=\"twitter:description\" content=\"SportWeb.Club, la nouvelle plateforme s\u00e9curis\u00e9e en ligne pour vendre des articles de sport au meilleurs prix directement entre utilisateurs.\" \/>\n<meta name=\"twitter:image\" content=\"https:\/\/sportweb.club\/wp-content\/uploads\/2023\/01\/list-for-free.png\" \/>\n<meta name=\"twitter:label1\" content=\"Dur\u00e9e de lecture estim\u00e9e\" \/>\n\t<meta name=\"twitter:data1\" content=\"5 minutes\" \/>\n<script type=\"application\/ld+json\" class=\"yoast-schema-graph\">{\"@context\":\"https:\\\/\\\/schema.org\",\"@graph\":[{\"@type\":\"WebPage\",\"@id\":\"https:\\\/\\\/sportweb.club\\\/sell-your-secondhand-sports-equipment-on-sportweb-club\\\/\",\"url\":\"https:\\\/\\\/sportweb.club\\\/sell-your-secondhand-sports-equipment-on-sportweb-club\\\/\",\"name\":\"Vend ton Mat\u00e9riel de Sport d'Occasion sur Sportweb.Club\",\"isPartOf\":{\"@id\":\"https:\\\/\\\/sportweb.club\\\/#website\"},\"datePublished\":\"2024-01-20T15:34:01+00:00\",\"dateModified\":\"2024-01-22T10:07:28+00:00\",\"description\":\"SportWeb.Club, la nouvelle plateforme s\u00e9curis\u00e9e en ligne pour vendre des articles de sport au meilleurs prix directement entre utilisateurs.\",\"breadcrumb\":{\"@id\":\"https:\\\/\\\/sportweb.club\\\/sell-your-secondhand-sports-equipment-on-sportweb-club\\\/#breadcrumb\"},\"inLanguage\":\"fr-FR\",\"potentialAction\":[{\"@type\":\"ReadAction\",\"target\":[\"https:\\\/\\\/sportweb.club\\\/sell-your-secondhand-sports-equipment-on-sportweb-club\\\/\"]}]},{\"@type\":\"BreadcrumbList\",\"@id\":\"https:\\\/\\\/sportweb.club\\\/sell-your-secondhand-sports-equipment-on-sportweb-club\\\/#breadcrumb\",\"itemListElement\":[{\"@type\":\"ListItem\",\"position\":1,\"name\":\"Home\",\"item\":\"https:\\\/\\\/sportweb.club\\\/fr\\\/\"},{\"@type\":\"ListItem\",\"position\":2,\"name\":\"Vendre\"}]},{\"@type\":\"WebSite\",\"@id\":\"https:\\\/\\\/sportweb.club\\\/#website\",\"url\":\"https:\\\/\\\/sportweb.club\\\/\",\"name\":\"SportWeb Club\",\"description\":\"Sell and Buy Sport Second Hand Products\",\"publisher\":{\"@id\":\"https:\\\/\\\/sportweb.club\\\/#organization\"},\"potentialAction\":[{\"@type\":\"SearchAction\",\"target\":{\"@type\":\"EntryPoint\",\"urlTemplate\":\"https:\\\/\\\/sportweb.club\\\/?s={search_term_string}\"},\"query-input\":{\"@type\":\"PropertyValueSpecification\",\"valueRequired\":true,\"valueName\":\"search_term_string\"}}],\"inLanguage\":\"fr-FR\"},{\"@type\":\"Organization\",\"@id\":\"https:\\\/\\\/sportweb.club\\\/#organization\",\"name\":\"SportWeb Club\",\"url\":\"https:\\\/\\\/sportweb.club\\\/\",\"logo\":{\"@type\":\"ImageObject\",\"inLanguage\":\"fr-FR\",\"@id\":\"https:\\\/\\\/sportweb.club\\\/#\\\/schema\\\/logo\\\/image\\\/\",\"url\":\"https:\\\/\\\/sportweb.club\\\/wp-content\\\/uploads\\\/2023\\\/01\\\/sportweblogo.jpg\",\"contentUrl\":\"https:\\\/\\\/sportweb.club\\\/wp-content\\\/uploads\\\/2023\\\/01\\\/sportweblogo.jpg\",\"width\":450,\"height\":80,\"caption\":\"SportWeb Club\"},\"image\":{\"@id\":\"https:\\\/\\\/sportweb.club\\\/#\\\/schema\\\/logo\\\/image\\\/\"}}]}<\/script>\n<!-- \/ Yoast SEO plugin. -->","yoast_head_json":{"title":"Vend ton Mat\u00e9riel de Sport d'Occasion sur Sportweb.Club","description":"SportWeb.Club, la nouvelle plateforme s\u00e9curis\u00e9e en ligne pour vendre des articles de sport au meilleurs prix directement entre utilisateurs.","robots":{"index":"index","follow":"follow","max-snippet":"max-snippet:-1","max-image-preview":"max-image-preview:large","max-video-preview":"max-video-preview:-1"},"canonical":"https:\/\/sportweb.club\/sell-your-secondhand-sports-equipment-on-sportweb-club\/","og_locale":"fr_FR","og_type":"article","og_title":"Vend ton mat\u00e9riel de sport d'occasion sur Sportweb.Club","og_description":"SportWeb.Club, la nouvelle plateforme s\u00e9curis\u00e9e en ligne pour vendre des articles de sport au meilleurs prix directement entre utilisateurs.","og_url":"https:\/\/sportweb.club\/sell-your-secondhand-sports-equipment-on-sportweb-club\/","og_site_name":"SportWeb Club","article_modified_time":"2024-01-22T10:07:28+00:00","og_image":[{"width":390,"height":260,"url":"https:\/\/sportweb.club\/wp-content\/uploads\/2023\/01\/list-for-free.png","type":"image\/png"}],"twitter_card":"summary_large_image","twitter_title":"Vend ton mat\u00e9riel de sport d'occasion sur Sportweb.Club","twitter_description":"SportWeb.Club, la nouvelle plateforme s\u00e9curis\u00e9e en ligne pour vendre des articles de sport au meilleurs prix directement entre utilisateurs.","twitter_image":"https:\/\/sportweb.club\/wp-content\/uploads\/2023\/01\/list-for-free.png","twitter_misc":{"Dur\u00e9e de lecture estim\u00e9e":"5 minutes"},"schema":{"@context":"https:\/\/schema.org","@graph":[{"@type":"WebPage","@id":"https:\/\/sportweb.club\/sell-your-secondhand-sports-equipment-on-sportweb-club\/","url":"https:\/\/sportweb.club\/sell-your-secondhand-sports-equipment-on-sportweb-club\/","name":"Vend ton Mat\u00e9riel de Sport d'Occasion sur Sportweb.Club","isPartOf":{"@id":"https:\/\/sportweb.club\/#website"},"datePublished":"2024-01-20T15:34:01+00:00","dateModified":"2024-01-22T10:07:28+00:00","description":"SportWeb.Club, la nouvelle plateforme s\u00e9curis\u00e9e en ligne pour vendre des articles de sport au meilleurs prix directement entre utilisateurs.","breadcrumb":{"@id":"https:\/\/sportweb.club\/sell-your-secondhand-sports-equipment-on-sportweb-club\/#breadcrumb"},"inLanguage":"fr-FR","potentialAction":[{"@type":"ReadAction","target":["https:\/\/sportweb.club\/sell-your-secondhand-sports-equipment-on-sportweb-club\/"]}]},{"@type":"BreadcrumbList","@id":"https:\/\/sportweb.club\/sell-your-secondhand-sports-equipment-on-sportweb-club\/#breadcrumb","itemListElement":[{"@type":"ListItem","position":1,"name":"Home","item":"https:\/\/sportweb.club\/fr\/"},{"@type":"ListItem","position":2,"name":"Vendre"}]},{"@type":"WebSite","@id":"https:\/\/sportweb.club\/#website","url":"https:\/\/sportweb.club\/","name":"SportWeb Club","description":"Sell and Buy Sport Second Hand Products","publisher":{"@id":"https:\/\/sportweb.club\/#organization"},"potentialAction":[{"@type":"SearchAction","target":{"@type":"EntryPoint","urlTemplate":"https:\/\/sportweb.club\/?s={search_term_string}"},"query-input":{"@type":"PropertyValueSpecification","valueRequired":true,"valueName":"search_term_string"}}],"inLanguage":"fr-FR"},{"@type":"Organization","@id":"https:\/\/sportweb.club\/#organization","name":"SportWeb Club","url":"https:\/\/sportweb.club\/","logo":{"@type":"ImageObject","inLanguage":"fr-FR","@id":"https:\/\/sportweb.club\/#\/schema\/logo\/image\/","url":"https:\/\/sportweb.club\/wp-content\/uploads\/2023\/01\/sportweblogo.jpg","contentUrl":"https:\/\/sportweb.club\/wp-content\/uploads\/2023\/01\/sportweblogo.jpg","width":450,"height":80,"caption":"SportWeb Club"},"image":{"@id":"https:\/\/sportweb.club\/#\/schema\/logo\/image\/"}}]}},"_links":{"self":[{"href":"https:\/\/sportweb.club\/fr\/wp-json\/wp\/v2\/pages\/563","targetHints":{"allow":["GET"]}}],"collection":[{"href":"https:\/\/sportweb.club\/fr\/wp-json\/wp\/v2\/pages"}],"about":[{"href":"https:\/\/sportweb.club\/fr\/wp-json\/wp\/v2\/types\/page"}],"author":[{"embeddable":true,"href":"https:\/\/sportweb.club\/fr\/wp-json\/wp\/v2\/users\/1"}],"replies":[{"embeddable":true,"href":"https:\/\/sportweb.club\/fr\/wp-json\/wp\/v2\/comments?post=563"}],"version-history":[{"count":15,"href":"https:\/\/sportweb.club\/fr\/wp-json\/wp\/v2\/pages\/563\/revisions"}],"predecessor-version":[{"id":5038,"href":"https:\/\/sportweb.club\/fr\/wp-json\/wp\/v2\/pages\/563\/revisions\/5038"}],"wp:attachment":[{"href":"https:\/\/sportweb.club\/fr\/wp-json\/wp\/v2\/media?parent=563"}],"curies":[{"name":"wp","href":"https:\/\/api.w.org\/{rel}","templated":true}]}}