{"id":551,"date":"2024-01-20T15:38:17","date_gmt":"2024-01-20T15:38:17","guid":{"rendered":"https:\/\/sportwebclub.revolucionweb.es\/?page_id=551"},"modified":"2024-01-31T11:01:28","modified_gmt":"2024-01-31T11:01:28","slug":"information-sur-les-modes-de-paiement-securises","status":"publish","type":"page","link":"https:\/\/sportweb.club\/fr\/information-sur-les-modes-de-paiement-securises\/","title":{"rendered":"Modes de Paiement"},"content":{"rendered":"\t\t<div data-elementor-type=\"wp-page\" data-elementor-id=\"551\" class=\"elementor elementor-551 elementor-315\" data-elementor-post-type=\"page\">\n\t\t\t\t\t\t<section class=\"elementor-section elementor-top-section elementor-element elementor-element-71618ae9 elementor-section-boxed elementor-section-height-default elementor-section-height-default\" data-id=\"71618ae9\" data-element_type=\"section\" data-e-type=\"section\">\n\t\t\t\t\t\t<div class=\"elementor-container elementor-column-gap-default\">\n\t\t\t\t\t<div class=\"elementor-column elementor-col-100 elementor-top-column elementor-element elementor-element-5fd6612a\" data-id=\"5fd6612a\" data-element_type=\"column\" data-e-type=\"column\">\n\t\t\t<div class=\"elementor-widget-wrap elementor-element-populated\">\n\t\t\t\t\t\t<div class=\"elementor-element elementor-element-39d828aa elementor-widget elementor-widget-text-editor\" data-id=\"39d828aa\" data-element_type=\"widget\" data-e-type=\"widget\" data-widget_type=\"text-editor.default\">\n\t\t\t\t<div class=\"elementor-widget-container\">\n\t\t\t\t\t\t\t\t\t<p><\/p>\n<p><span style=\"background-color: var(--ast-global-color-5); color: var(--ast-global-color-3); font-style: inherit; font-weight: inherit;\">Sur SportWeb.Club, les acheteurs et les vendeurs doivent trouver un accord pour le mode de paiement.<\/span><br><\/p>\n<p><\/p>\n<p><\/p>\n<p>PayPal (m\u00e9thode de paiement recommand\u00e9e pour des raisons de s\u00e9curit\u00e9).<\/p>\n<p><\/p>\n<p><\/p>\n<p>Virement bancaire.<\/p>\n<p><\/p>\n<p><\/p>\n<p>Paiement \u00e0 la livraison.<\/p>\n<p><\/p>\n<p><\/p>\n<p>Pourquoi nous recommandons PayPal?<\/p>\n<p><\/p>\n<p><\/p>\n<p>PayPal propose la plateforme de paiement la plus s\u00e9curis\u00e9es au monde. Que vous achetiez ou vendiez, vous b\u00e9n\u00e9ficiez d\u2019un niveau de s\u00e9curit\u00e9 suppl\u00e9mentaire lorsque vous utilisez PayPal. En effet, toutes vos informations financi\u00e8res (comme vos coordonn\u00e9es bancaires et votre num\u00e9ro de carte de cr\u00e9dit) sont stock\u00e9es et crypt\u00e9es en toute s\u00e9curit\u00e9 sur leurs serveurs.<\/p>\n<p><\/p>\n<p><\/p>\n<p><strong>Payez comme vous le souhaitez<\/strong><\/p>\n<p><\/p>\n<p><\/p>\n<p>PayPal vous donne la possibilit\u00e9 de choisir le meilleur moyen de paiement pour vous chaque fois que vous payez.&nbsp;Vous pouvez lier votre compte PayPal \u00e0 votre compte bancaire, vos cartes de d\u00e9bit et de cr\u00e9dit.&nbsp;Ajoutez simplement vos coordonn\u00e9es bancaires et de carte \u00e0 votre compte PayPal, puis choisissez comment vous souhaitez payer pendant le processus de paiement.<\/p>\n<p><\/p>\n<p><\/p>\n<p><strong>Facile \u00e0 utiliser<\/strong><\/p>\n<p><\/p>\n<p><\/p>\n<p>Utiliser PayPal est simple.&nbsp;Achetez ce que vous aimez ou recevez des paiements pour les articles que vous vendez sur la plateforme.&nbsp;Quel que soit l\u2019appareil que vous utilisez \u2013 tablette, mobile ou ordinateur \u2013 vous pouvez payer en quelques clics.&nbsp;Tout ce que vous entrez est votre adresse e-mail et un mot de passe s\u00e9curis\u00e9.&nbsp;C\u2019est rapide et c\u2019est facile.<\/p>\n<p><\/p>\t\t\t\t\t\t\t\t<\/div>\n\t\t\t\t<\/div>\n\t\t\t\t\t<\/div>\n\t\t<\/div>\n\t\t\t\t\t<\/div>\n\t\t<\/section>\n\t\t\t\t<\/div>\n\t\t","protected":false},"excerpt":{"rendered":"<p>Sur SportWeb.Club, les acheteurs et les vendeurs doivent trouver un accord pour le mode de paiement. PayPal (m\u00e9thode de paiement recommand\u00e9e pour des raisons de s\u00e9curit\u00e9). Virement bancaire. Paiement \u00e0 la livraison. Pourquoi nous recommandons PayPal? PayPal propose la plateforme de paiement la plus s\u00e9curis\u00e9es au monde. Que vous achetiez ou vendiez, vous b\u00e9n\u00e9ficiez d\u2019un [&hellip;]<\/p>\n","protected":false},"author":1,"featured_media":0,"parent":0,"menu_order":0,"comment_status":"closed","ping_status":"closed","template":"","meta":{"site-sidebar-layout":"default","site-content-layout":"default","ast-site-content-layout":"","site-content-style":"default","site-sidebar-style":"default","ast-global-header-display":"","ast-banner-title-visibility":"","ast-main-header-display":"","ast-hfb-above-header-display":"","ast-hfb-below-header-display":"","ast-hfb-mobile-header-display":"","site-post-title":"","ast-breadcrumbs-content":"","ast-featured-img":"","footer-sml-layout":"","theme-transparent-header-meta":"default","adv-header-id-meta":"","stick-header-meta":"","header-above-stick-meta":"","header-main-stick-meta":"","header-below-stick-meta":"","astra-migrate-meta-layouts":"default","ast-page-background-enabled":"default","ast-page-background-meta":{"desktop":{"background-color":"var(--ast-global-color-4)","background-image":"","background-repeat":"repeat","background-position":"center center","background-size":"auto","background-attachment":"scroll","background-type":"","background-media":"","overlay-type":"","overlay-color":"","overlay-opacity":"","overlay-gradient":""},"tablet":{"background-color":"","background-image":"","background-repeat":"repeat","background-position":"center center","background-size":"auto","background-attachment":"scroll","background-type":"","background-media":"","overlay-type":"","overlay-color":"","overlay-opacity":"","overlay-gradient":""},"mobile":{"background-color":"","background-image":"","background-repeat":"repeat","background-position":"center center","background-size":"auto","background-attachment":"scroll","background-type":"","background-media":"","overlay-type":"","overlay-color":"","overlay-opacity":"","overlay-gradient":""}},"ast-content-background-meta":{"desktop":{"background-color":"var(--ast-global-color-5)","background-image":"","background-repeat":"repeat","background-position":"center center","background-size":"auto","background-attachment":"scroll","background-type":"","background-media":"","overlay-type":"","overlay-color":"","overlay-opacity":"","overlay-gradient":""},"tablet":{"background-color":"var(--ast-global-color-5)","background-image":"","background-repeat":"repeat","background-position":"center center","background-size":"auto","background-attachment":"scroll","background-type":"","background-media":"","overlay-type":"","overlay-color":"","overlay-opacity":"","overlay-gradient":""},"mobile":{"background-color":"var(--ast-global-color-5)","background-image":"","background-repeat":"repeat","background-position":"center center","background-size":"auto","background-attachment":"scroll","background-type":"","background-media":"","overlay-type":"","overlay-color":"","overlay-opacity":"","overlay-gradient":""}},"footnotes":""},"class_list":["post-551","page","type-page","status-publish","hentry"],"yoast_head":"<!-- This site is optimized with the Yoast SEO plugin v27.5 - https:\/\/yoast.com\/product\/yoast-seo-wordpress\/ -->\n<title>Information sur les modes de paiement s\u00e9curis\u00e9s<\/title>\n<meta name=\"description\" content=\"Sur SportWeb.Club le paiement se fait directement entre utilisateurs. C\u2019est gratuit. La plateforme ne pr\u00e9l\u00e8ve aucune commission.\" \/>\n<meta name=\"robots\" content=\"index, follow, max-snippet:-1, max-image-preview:large, max-video-preview:-1\" \/>\n<link rel=\"canonical\" href=\"https:\/\/sportweb.club\/secure-payment-modes-information\/\" \/>\n<meta property=\"og:locale\" content=\"fr_FR\" \/>\n<meta property=\"og:type\" content=\"article\" \/>\n<meta property=\"og:title\" content=\"Information sur les modes de paiement s\u00e9curis\u00e9s\" \/>\n<meta property=\"og:description\" content=\"Sur SportWeb.Club le paiement se fait directement entre utilisateurs. C\u2019est gratuit. La plateforme ne pr\u00e9l\u00e8ve aucune commission.\" \/>\n<meta property=\"og:url\" content=\"https:\/\/sportweb.club\/secure-payment-modes-information\/\" \/>\n<meta property=\"og:site_name\" content=\"SportWeb Club\" \/>\n<meta property=\"article:modified_time\" content=\"2024-01-31T11:01:28+00:00\" \/>\n<meta property=\"og:image\" content=\"https:\/\/sportweb.club\/wp-content\/uploads\/2023\/09\/How-Using-SportWeb.Club-Benefits-the-Planet-and-Your-Wallet.-SportWeb.Club-is-an-innovative-solution-promoting-the-purchase-and-sale-of-second-hand-sports-items-and-equipment.jpeg\" \/>\n\t<meta property=\"og:image:width\" content=\"800\" \/>\n\t<meta property=\"og:image:height\" content=\"532\" \/>\n\t<meta property=\"og:image:type\" content=\"image\/jpeg\" \/>\n<meta name=\"twitter:card\" content=\"summary_large_image\" \/>\n<meta name=\"twitter:title\" content=\"Information sur les modes de paiement s\u00e9curis\u00e9s\" \/>\n<meta name=\"twitter:description\" content=\"Sur SportWeb.Club le paiement se fait directement entre utilisateurs. C\u2019est gratuit. La plateforme ne pr\u00e9l\u00e8ve aucune commission.\" \/>\n<meta name=\"twitter:image\" content=\"https:\/\/sportweb.club\/wp-content\/uploads\/2023\/09\/How-Using-SportWeb.Club-Benefits-the-Planet-and-Your-Wallet.-SportWeb.Club-is-an-innovative-solution-promoting-the-purchase-and-sale-of-second-hand-sports-items-and-equipment.jpeg\" \/>\n<meta name=\"twitter:label1\" content=\"Dur\u00e9e de lecture estim\u00e9e\" \/>\n\t<meta name=\"twitter:data1\" content=\"2 minutes\" \/>\n<script type=\"application\/ld+json\" class=\"yoast-schema-graph\">{\"@context\":\"https:\\\/\\\/schema.org\",\"@graph\":[{\"@type\":\"WebPage\",\"@id\":\"https:\\\/\\\/sportweb.club\\\/secure-payment-modes-information\\\/\",\"url\":\"https:\\\/\\\/sportweb.club\\\/secure-payment-modes-information\\\/\",\"name\":\"Information sur les modes de paiement s\u00e9curis\u00e9s\",\"isPartOf\":{\"@id\":\"https:\\\/\\\/sportweb.club\\\/#website\"},\"datePublished\":\"2024-01-20T15:38:17+00:00\",\"dateModified\":\"2024-01-31T11:01:28+00:00\",\"description\":\"Sur SportWeb.Club le paiement se fait directement entre utilisateurs. C\u2019est gratuit. La plateforme ne pr\u00e9l\u00e8ve aucune commission.\",\"breadcrumb\":{\"@id\":\"https:\\\/\\\/sportweb.club\\\/secure-payment-modes-information\\\/#breadcrumb\"},\"inLanguage\":\"fr-FR\",\"potentialAction\":[{\"@type\":\"ReadAction\",\"target\":[\"https:\\\/\\\/sportweb.club\\\/secure-payment-modes-information\\\/\"]}]},{\"@type\":\"BreadcrumbList\",\"@id\":\"https:\\\/\\\/sportweb.club\\\/secure-payment-modes-information\\\/#breadcrumb\",\"itemListElement\":[{\"@type\":\"ListItem\",\"position\":1,\"name\":\"Home\",\"item\":\"https:\\\/\\\/sportweb.club\\\/fr\\\/\"},{\"@type\":\"ListItem\",\"position\":2,\"name\":\"Modes de Paiement\"}]},{\"@type\":\"WebSite\",\"@id\":\"https:\\\/\\\/sportweb.club\\\/#website\",\"url\":\"https:\\\/\\\/sportweb.club\\\/\",\"name\":\"SportWeb Club\",\"description\":\"Sell and Buy Sport Second Hand Products\",\"publisher\":{\"@id\":\"https:\\\/\\\/sportweb.club\\\/#organization\"},\"potentialAction\":[{\"@type\":\"SearchAction\",\"target\":{\"@type\":\"EntryPoint\",\"urlTemplate\":\"https:\\\/\\\/sportweb.club\\\/?s={search_term_string}\"},\"query-input\":{\"@type\":\"PropertyValueSpecification\",\"valueRequired\":true,\"valueName\":\"search_term_string\"}}],\"inLanguage\":\"fr-FR\"},{\"@type\":\"Organization\",\"@id\":\"https:\\\/\\\/sportweb.club\\\/#organization\",\"name\":\"SportWeb Club\",\"url\":\"https:\\\/\\\/sportweb.club\\\/\",\"logo\":{\"@type\":\"ImageObject\",\"inLanguage\":\"fr-FR\",\"@id\":\"https:\\\/\\\/sportweb.club\\\/#\\\/schema\\\/logo\\\/image\\\/\",\"url\":\"https:\\\/\\\/sportweb.club\\\/wp-content\\\/uploads\\\/2023\\\/01\\\/sportweblogo.jpg\",\"contentUrl\":\"https:\\\/\\\/sportweb.club\\\/wp-content\\\/uploads\\\/2023\\\/01\\\/sportweblogo.jpg\",\"width\":450,\"height\":80,\"caption\":\"SportWeb Club\"},\"image\":{\"@id\":\"https:\\\/\\\/sportweb.club\\\/#\\\/schema\\\/logo\\\/image\\\/\"}}]}<\/script>\n<!-- \/ Yoast SEO plugin. -->","yoast_head_json":{"title":"Information sur les modes de paiement s\u00e9curis\u00e9s","description":"Sur SportWeb.Club le paiement se fait directement entre utilisateurs. C\u2019est gratuit. La plateforme ne pr\u00e9l\u00e8ve aucune commission.","robots":{"index":"index","follow":"follow","max-snippet":"max-snippet:-1","max-image-preview":"max-image-preview:large","max-video-preview":"max-video-preview:-1"},"canonical":"https:\/\/sportweb.club\/secure-payment-modes-information\/","og_locale":"fr_FR","og_type":"article","og_title":"Information sur les modes de paiement s\u00e9curis\u00e9s","og_description":"Sur SportWeb.Club le paiement se fait directement entre utilisateurs. C\u2019est gratuit. La plateforme ne pr\u00e9l\u00e8ve aucune commission.","og_url":"https:\/\/sportweb.club\/secure-payment-modes-information\/","og_site_name":"SportWeb Club","article_modified_time":"2024-01-31T11:01:28+00:00","og_image":[{"width":800,"height":532,"url":"https:\/\/sportweb.club\/wp-content\/uploads\/2023\/09\/How-Using-SportWeb.Club-Benefits-the-Planet-and-Your-Wallet.-SportWeb.Club-is-an-innovative-solution-promoting-the-purchase-and-sale-of-second-hand-sports-items-and-equipment.jpeg","type":"image\/jpeg"}],"twitter_card":"summary_large_image","twitter_title":"Information sur les modes de paiement s\u00e9curis\u00e9s","twitter_description":"Sur SportWeb.Club le paiement se fait directement entre utilisateurs. C\u2019est gratuit. La plateforme ne pr\u00e9l\u00e8ve aucune commission.","twitter_image":"https:\/\/sportweb.club\/wp-content\/uploads\/2023\/09\/How-Using-SportWeb.Club-Benefits-the-Planet-and-Your-Wallet.-SportWeb.Club-is-an-innovative-solution-promoting-the-purchase-and-sale-of-second-hand-sports-items-and-equipment.jpeg","twitter_misc":{"Dur\u00e9e de lecture estim\u00e9e":"2 minutes"},"schema":{"@context":"https:\/\/schema.org","@graph":[{"@type":"WebPage","@id":"https:\/\/sportweb.club\/secure-payment-modes-information\/","url":"https:\/\/sportweb.club\/secure-payment-modes-information\/","name":"Information sur les modes de paiement s\u00e9curis\u00e9s","isPartOf":{"@id":"https:\/\/sportweb.club\/#website"},"datePublished":"2024-01-20T15:38:17+00:00","dateModified":"2024-01-31T11:01:28+00:00","description":"Sur SportWeb.Club le paiement se fait directement entre utilisateurs. C\u2019est gratuit. La plateforme ne pr\u00e9l\u00e8ve aucune commission.","breadcrumb":{"@id":"https:\/\/sportweb.club\/secure-payment-modes-information\/#breadcrumb"},"inLanguage":"fr-FR","potentialAction":[{"@type":"ReadAction","target":["https:\/\/sportweb.club\/secure-payment-modes-information\/"]}]},{"@type":"BreadcrumbList","@id":"https:\/\/sportweb.club\/secure-payment-modes-information\/#breadcrumb","itemListElement":[{"@type":"ListItem","position":1,"name":"Home","item":"https:\/\/sportweb.club\/fr\/"},{"@type":"ListItem","position":2,"name":"Modes de Paiement"}]},{"@type":"WebSite","@id":"https:\/\/sportweb.club\/#website","url":"https:\/\/sportweb.club\/","name":"SportWeb Club","description":"Sell and Buy Sport Second Hand Products","publisher":{"@id":"https:\/\/sportweb.club\/#organization"},"potentialAction":[{"@type":"SearchAction","target":{"@type":"EntryPoint","urlTemplate":"https:\/\/sportweb.club\/?s={search_term_string}"},"query-input":{"@type":"PropertyValueSpecification","valueRequired":true,"valueName":"search_term_string"}}],"inLanguage":"fr-FR"},{"@type":"Organization","@id":"https:\/\/sportweb.club\/#organization","name":"SportWeb Club","url":"https:\/\/sportweb.club\/","logo":{"@type":"ImageObject","inLanguage":"fr-FR","@id":"https:\/\/sportweb.club\/#\/schema\/logo\/image\/","url":"https:\/\/sportweb.club\/wp-content\/uploads\/2023\/01\/sportweblogo.jpg","contentUrl":"https:\/\/sportweb.club\/wp-content\/uploads\/2023\/01\/sportweblogo.jpg","width":450,"height":80,"caption":"SportWeb Club"},"image":{"@id":"https:\/\/sportweb.club\/#\/schema\/logo\/image\/"}}]}},"_links":{"self":[{"href":"https:\/\/sportweb.club\/fr\/wp-json\/wp\/v2\/pages\/551","targetHints":{"allow":["GET"]}}],"collection":[{"href":"https:\/\/sportweb.club\/fr\/wp-json\/wp\/v2\/pages"}],"about":[{"href":"https:\/\/sportweb.club\/fr\/wp-json\/wp\/v2\/types\/page"}],"author":[{"embeddable":true,"href":"https:\/\/sportweb.club\/fr\/wp-json\/wp\/v2\/users\/1"}],"replies":[{"embeddable":true,"href":"https:\/\/sportweb.club\/fr\/wp-json\/wp\/v2\/comments?post=551"}],"version-history":[{"count":5,"href":"https:\/\/sportweb.club\/fr\/wp-json\/wp\/v2\/pages\/551\/revisions"}],"predecessor-version":[{"id":5024,"href":"https:\/\/sportweb.club\/fr\/wp-json\/wp\/v2\/pages\/551\/revisions\/5024"}],"wp:attachment":[{"href":"https:\/\/sportweb.club\/fr\/wp-json\/wp\/v2\/media?parent=551"}],"curies":[{"name":"wp","href":"https:\/\/api.w.org\/{rel}","templated":true}]}}