{"id":541,"date":"2024-01-09T15:37:04","date_gmt":"2024-01-09T15:37:04","guid":{"rendered":"https:\/\/sportwebclub.revolucionweb.es\/?page_id=541"},"modified":"2024-01-19T10:36:05","modified_gmt":"2024-01-19T10:36:05","slug":"achete-ton-materiel-de-sport-doccasion-sur-sportweb-club","status":"publish","type":"page","link":"https:\/\/sportweb.club\/fr\/achete-ton-materiel-de-sport-doccasion-sur-sportweb-club\/","title":{"rendered":"Acheter"},"content":{"rendered":"\t\t<div data-elementor-type=\"wp-page\" data-elementor-id=\"541\" class=\"elementor elementor-541 elementor-311\" data-elementor-post-type=\"page\">\n\t\t\t\t\t\t<section class=\"elementor-section elementor-top-section elementor-element elementor-element-5b514c82 elementor-section-boxed elementor-section-height-default elementor-section-height-default\" data-id=\"5b514c82\" data-element_type=\"section\" data-e-type=\"section\">\n\t\t\t\t\t\t<div class=\"elementor-container elementor-column-gap-default\">\n\t\t\t\t\t<div class=\"elementor-column elementor-col-100 elementor-top-column elementor-element elementor-element-62c99626\" data-id=\"62c99626\" data-element_type=\"column\" data-e-type=\"column\">\n\t\t\t<div class=\"elementor-widget-wrap elementor-element-populated\">\n\t\t\t\t\t\t<div class=\"elementor-element elementor-element-17b74f4f elementor-widget__width-initial elementor-widget elementor-widget-text-editor\" data-id=\"17b74f4f\" data-element_type=\"widget\" data-e-type=\"widget\" data-widget_type=\"text-editor.default\">\n\t\t\t\t<div class=\"elementor-widget-container\">\n\t\t\t\t\t\t\t\t\t<p><\/p>\n<p><span style=\"background-color: var(--ast-global-color-5); color: var(--ast-global-color-3); font-style: inherit; font-weight: inherit;\">Conseils d\u2019achat:<\/span><br><\/p>\n<p><\/p>\n<p><\/p>\n<p>Si vous voyez le profil d\u2019un vendeur avec beaucoup de commentaires positifs, cela signifie que vous aurez probablement une excellente exp\u00e9rience en achetant chez lui.<\/p>\n<p><\/p>\n<p><\/p>\n<p>Posez toutes les questions que vous avez sur l\u2019article afin que vous vous sentiez \u00e0 l\u2019aise avec votre achat.&nbsp;Cela vous fait gagner du temps car vous rassemblez toutes les informations avant que le colis n\u2019apparaisse \u00e0 votre porte.&nbsp;Vous pouvez \u00e9galement demander des photos suppl\u00e9mentaires!<\/p>\n<p><\/p>\n<p><\/p>\n<p>Nous vous sugg\u00e9rons d\u2019utiliser PayPal pour des raisons de s\u00e9curit\u00e9.<\/p>\n<p><\/p>\n<p><\/p>\n<p><strong>Achat \u00e9tape par \u00e9tape<\/strong><\/p>\n<p><\/p>\n<p><\/p>\n<p>Trouvez un article que vous aimez et discutez avec le vendeur<\/p>\n<p><\/p>\n<p><\/p>\n<p>Commencez une conversation.<\/p>\n<p><\/p>\n<p><\/p>\n<p>\u00c0 partir du fil de conversation, vous pouvez:<\/p>\n<p><\/p>\n<p><\/p>\n<p>Discutez par Chat avec le vendeur ou Appeler le vendeur.<\/p>\n<p><\/p>\n<p><\/p>\n<p>Offrir un nouveau prix.<\/p>\n<p><\/p>\n<p><\/p>\n<p>Acheter l\u2019article tout de suite.<\/p>\n<p><\/p>\n<p><\/p>\n<p>Clarifiez toutes les questions que vous avez sur l\u2019article<\/p>\n<p><\/p>\n<p><\/p>\n<p>Acheter l\u2019article:<\/p>\n<p><\/p>\n<p><\/p>\n<p>Soit sur la liste de l\u2019article, soit sur l\u2019\u00e9cran de conversation, vous pouvez effectuer votre achat.<\/p>\n<p><\/p>\n<p><\/p>\n<p>R\u00e9ception de votre article:<\/p>\n<p><\/p>\n<p><\/p>\n<p>Tout pay\u00e9?&nbsp;G\u00e9nial!&nbsp;Maintenant, attendez que votre article arrive.<\/p>\n<p><\/p>\n<p><\/p>\n<p>Le vendeur a 5 jours pour envoyer votre nouveau tr\u00e9sor.<\/p>\n<p><\/p>\n<p><\/p>\n<p>Vous pourrez suivre l\u2019\u00e9tat de livraison de votre colis avec un Num\u00e9ro de Suivi.<\/p>\n<p><\/p>\n<p><\/p>\n<p>La livraison prend g\u00e9n\u00e9ralement jusqu\u2019\u00e0 5 jours ouvrables, mais parfois cela peut prendre un peu plus de temps.<\/p>\n<p><\/p>\n<p><\/p>\n<p>Une fois votre article livr\u00e9, vous aurez 2 options:<\/p>\n<p><\/p>\n<p><\/p>\n<p>Tout va bien \u2013 laissez un commentaire avec des \u00e9toiles.<\/p>\n<p><\/p>\n<p><\/p>\n<p>J\u2019ai un probl\u00e8me \u2013 si votre article n\u2019est pas arriv\u00e9, s\u2019il est arriv\u00e9 endommag\u00e9 ou s\u2019il ne correspond pas \u00e0 la description, veuillez d\u2019abord contacter le vendeur pour trouver une \u00abSolution Amicale\u00bb, si ce n\u2019est pas possible, contactez-nous.<\/p>\n<p><\/p>\n<p><\/p>\n<p><strong>D\u00e9lai de livraison<\/strong><\/p>\n<p><\/p>\n<p><\/p>\n<p>Le d\u00e9lai de livraison d\u2019un article d\u00e9pend du service d\u2019exp\u00e9dition choisi par l\u2019acheteur et du d\u00e9lai de traitement du vendeur.&nbsp;Les acheteurs peuvent voir la date de livraison estim\u00e9e de leur commande au moment du paiement.&nbsp;En outre, ils seront avertis une fois que le vendeur exp\u00e9diera son article.<\/p>\n<p><\/p>\n<p><\/p>\n<p>Temps de traitement du vendeur:<\/p>\n<p><\/p>\n<p><\/p>\n<p>Les vendeurs ont jusqu\u2019\u00e0 5 jours ouvrables pour exp\u00e9dier l\u2019article, selon le mode d\u2019exp\u00e9dition choisi par l\u2019acheteur.<\/p>\n<p><\/p>\n<p><\/p>\n<p>D\u00e9lai de livraison:<\/p>\n<p><\/p>\n<p><\/p>\n<p>Le d\u00e9lai de livraison varie en fonction de la destination du colis, ainsi que du fournisseur d\u2019exp\u00e9dition: g\u00e9n\u00e9ralement, cela prend 2-3 jours ouvrables, mais cela peut parfois \u00eatre plus long.<\/p>\n<p><\/p>\n<p><\/p>\n<p>Les samedis, dimanches et principaux jours f\u00e9ri\u00e9s nationaux ne sont g\u00e9n\u00e9ralement pas inclus dans les estimations du temps de transit.<\/p>\n<p><\/p>\n<p><\/p>\n<p><strong>Suivi des colis<\/strong><\/p>\n<p><\/p>\n<p><\/p>\n<p>Les acheteurs et les vendeurs peuvent suivre leur colis dans le fil de discussion.&nbsp;L\u00e0, ils peuvent voir o\u00f9 se trouve le colis et son d\u00e9lai de livraison pr\u00e9vu sur le Web de la soci\u00e9t\u00e9 de transport avec num\u00e9ro de suivi.<\/p>\n<p><\/p>\n<p><\/p>\n<p>R\u00e9solution des probl\u00e8mes de livraison:<\/p>\n<p><\/p>\n<p><\/p>\n<p>Si vous \u00eates un acheteur et que votre article n\u2019est pas arriv\u00e9, qu\u2019il est arriv\u00e9 endommag\u00e9 ou qu\u2019il ne correspond pas \u00e0 la description, assurez-vous de signaler au vendeur \u201cJ\u2019ai un probl\u00e8me\u201d dans les d\u00e9lais suivants:<\/p>\n<p><\/p>\n<p><\/p>\n<p>Dans les 2 jours suivant la livraison de votre article s\u2019il n\u2019est pas conforme \u00e0 la description ou s\u2019il est endommag\u00e9, ou dans les 2 jours suivant la date de livraison pr\u00e9vue si l\u2019article n\u2019est pas arriv\u00e9.<\/p>\n<p><\/p>\n<p><\/p>\n<p><strong>Annuler une commande<\/strong><\/p>\n<p><\/p>\n<p><\/p>\n<p>Un acheteur et un vendeur ne peuvent annuler leur commande que si l\u2019article n\u2019a pas encore \u00e9t\u00e9 exp\u00e9di\u00e9.<\/p>\n<p><\/p>\n<p><\/p>\n<p>Pour annuler votre achat:<\/p>\n<p><\/p>\n<p><\/p>\n<p>Ouvrez votre \u00e9cran de conversation avec le vendeur.<\/p>\n<p><\/p>\n<p><\/p>\n<p>Un accord mutuel entre un acheteur et un vendeur sur l\u2019annulation de leur commande les aidera \u00e0 \u00e9viter les commentaires n\u00e9gatifs.<\/p>\n<p><\/p>\n<p><\/p>\n<p><strong>Retourner un article<\/strong><\/p>\n<p><\/p>\n<p><\/p>\n<p>Si votre article a \u00e9t\u00e9 endommag\u00e9 pendant le transport ou n\u2019est pas conforme \u00e0 la description, vous pouvez le retourner et demander un remboursement.&nbsp;Si l\u2019article ne vous convient pas ou si vous ne l\u2019aimez pas, vous ne pouvez le retourner que si votre vendeur l\u2019accepte.<\/p>\n<p><\/p>\n<p><\/p>\n<p>Important:<\/p>\n<p><\/p>\n<p><\/p>\n<p>Vous devez retourner l\u2019article dans le m\u00eame \u00e9tat dans lequel vous l\u2019avez re\u00e7u, c\u2019est-\u00e0-dire que vous ne pouvez pas le laver ou l\u2019utiliser.<\/p>\n<p><\/p>\n<p><\/p>\n<p><strong>Commencer un retour<\/strong><\/p>\n<p><\/p>\n<p><\/p>\n<p>Si l\u2019article que vous avez re\u00e7u a \u00e9t\u00e9 endommag\u00e9 pendant le transport ou diff\u00e8re consid\u00e9rablement de la description, voici les \u00e9tapes \u00e0 suivre: Dans le fil de conversation avec votre vendeur, \u00e9crivez \u00abJ\u2019ai un probl\u00e8me\u00bb dans les 2 jours suivant la livraison de l\u2019article.<\/p>\n<p><\/p>\n<p><\/p>\n<p>Fournir au vendeur la preuve pour lui montrer que l\u2019article est arriv\u00e9 endommag\u00e9 pendant le transport ou qu\u2019il ne correspond pas \u00e0 la description.&nbsp;Les preuves peuvent \u00eatre des photos avec l\u2019un des \u00e9l\u00e9ments suivants:<\/p>\n<p><\/p>\n<p><\/p>\n<p>L\u2019article avec la (les) pi\u00e8ce (s) endommag\u00e9e (s) visible (s).<\/p>\n<p><\/p>\n<p><\/p>\n<p>L\u2019emballage de l\u2019article montrant sa (ses) pi\u00e8ce (s) endommag\u00e9e (s).<\/p>\n<p><\/p>\n<p><\/p>\n<p>La ou les pi\u00e8ces de l\u2019article qui ne correspondent pas \u00e0 la description de l\u2019article.<\/p>\n<p><\/p>\n<p><\/p>\n<p>Cherchez une solution avec le vendeur.&nbsp;Discutez des options de remboursement et d\u2019exp\u00e9dition de retour de l\u2019article:<\/p>\n<p><\/p>\n<p><\/p>\n<p>Le vendeur peut vous demander de renvoyer l\u2019article et de vous rembourser le paiement.<\/p>\n<p><\/p>\n<p><\/p>\n<p>Ensuite, sur la base de votre discussion avec le vendeur, continuez avec l\u2019un des sc\u00e9narios d\u00e9crits ci-dessous.<\/p>\n<p><\/p>\n<p><\/p>\n<p><strong>Vous avez conclu un accord avec le vendeur?<\/strong><\/p>\n<p><\/p>\n<p><\/p>\n<p>Si vous avez accept\u00e9 le remboursemen:t<\/p>\n<p><\/p>\n<p><\/p>\n<p>Veuillez organiser le retour de l\u2019article directement avec le vendeur.<\/p>\n<p><\/p>\n<p><\/p>\n<p>D\u00e8s que le vendeur re\u00e7oit de votre part un num\u00e9ro de suivi valide du colis de retour, il peut annuler la commande et vous rembourser.<\/p>\n<p><\/p>\n<p><\/p>\n<p>Assurez-vous de partager le num\u00e9ro de suivi du colis avec le vendeur.&nbsp;Nous leur conseillons vivement d\u2019attendre d\u2019avoir re\u00e7u au moins cette preuve avant de proc\u00e9der au remboursement.<\/p>\n<p><\/p>\n<p><\/p>\n<p>Si vous avez accept\u00e9 que vous (l\u2019acheteur) conserveriez l\u2019article, confirmez-le dans votre fil de conversation avec le vendeur.<\/p>\n<p><\/p>\n<p><\/p>\n<p><strong>Vous n\u2019arrivez pas \u00e0 vous entendre sur le remboursement avec le vendeur?<\/strong><\/p>\n<p><\/p>\n<p><\/p>\n<p>Demandez-nous d\u2019intervenir:<\/p>\n<p><\/p>\n<p><\/p>\n<p>Si vous avez besoin d\u2019aide pour r\u00e9soudre un probl\u00e8me, contactez-nous en \u00e9crivant un e-mail d\u00e9crivant votre probl\u00e8me \u00e0 contact@sportweb.club Nous examinerons le cas pour vous aider \u00e0 trouver une solution.<\/p>\n<p><\/p>\n<p><\/p>\n<p><strong>Prochaines \u00e9tapes \u00e0 suivre<\/strong><\/p>\n<p><\/p>\n<p><\/p>\n<p>Si le retour de l\u2019article est confirm\u00e9, proc\u00e9dez comme suit:<\/p>\n<p><\/p>\n<p><\/p>\n<p>Exp\u00e9diez l\u2019article au vendeur dans les 5 jours en utilisant une m\u00e9thode d\u2019exp\u00e9dition avec suivi.<\/p>\n<p><\/p>\n<p><\/p>\n<p>Envoyez-lui les informations suivantes:<\/p>\n<p><\/p>\n<p><\/p>\n<p>Num\u00e9ro de suivi valide du colis.<\/p>\n<p><\/p>\n<p><\/p>\n<p>Photo de l\u2019article dans l\u2019emballage.<\/p>\n<p><\/p>\n<p><\/p>\n<p>Photo de l\u2019\u00e9tiquette d\u2019exp\u00e9dition (avec le code de suivi, les noms de l\u2019exp\u00e9diteur et du destinataire visibles) Sauf si quelque chose ne va pas, il s\u2019occupera du remboursement pour vous.<\/p>\n<p><\/p>\n<p><\/p>\n<p>Si l\u2019article que vous avez achet\u00e9 ne vous convient pas:<\/p>\n<p><\/p>\n<p><\/p>\n<p>Malheureusement, dans cette situation, vous ne pouvez pas demander un remboursement \u00e0 moins que le vendeur n\u2019accepte le retour apr\u00e8s l\u2019avoir contact\u00e9 en priv\u00e9.<\/p>\n<p><\/p>\n<p><\/p>\n<p>Si tel est le cas, vous devrez convenir des conditions de retour avec lui.<\/p>\n<p><\/p>\n<p><\/p>\n<p><strong>Retour<\/strong><\/p>\n<p><\/p>\n<p><\/p>\n<p>Sauf accord contraire avec votre vendeur, vous devrez g\u00e9n\u00e9ralement couvrir les frais de retour.<\/p>\n<p><\/p>\n<p><\/p>\n<p>Veuillez noter:<\/p>\n<p><\/p>\n<p><\/p>\n<p>Dans certains cas, lorsqu\u2019il existe de fortes indications que l\u2019article que vous avez re\u00e7u est une contrefa\u00e7on, vous n\u2019aurez peut-\u00eatre pas \u00e0 le renvoyer au vendeur.&nbsp;Dans cette situation, nous pouvons vous demander de coop\u00e9rer avec nous.<\/p>\n<p><\/p>\t\t\t\t\t\t\t\t<\/div>\n\t\t\t\t<\/div>\n\t\t\t\t\t<\/div>\n\t\t<\/div>\n\t\t\t\t\t<\/div>\n\t\t<\/section>\n\t\t\t\t<\/div>\n\t\t","protected":false},"excerpt":{"rendered":"<p>Conseils d\u2019achat: Si vous voyez le profil d\u2019un vendeur avec beaucoup de commentaires positifs, cela signifie que vous aurez probablement une excellente exp\u00e9rience en achetant chez lui. Posez toutes les questions que vous avez sur l\u2019article afin que vous vous sentiez \u00e0 l\u2019aise avec votre achat.\u00a0Cela vous fait gagner du temps car vous rassemblez toutes [&hellip;]<\/p>\n","protected":false},"author":1,"featured_media":0,"parent":0,"menu_order":0,"comment_status":"closed","ping_status":"closed","template":"","meta":{"site-sidebar-layout":"default","site-content-layout":"default","ast-site-content-layout":"","site-content-style":"default","site-sidebar-style":"default","ast-global-header-display":"","ast-banner-title-visibility":"","ast-main-header-display":"","ast-hfb-above-header-display":"","ast-hfb-below-header-display":"","ast-hfb-mobile-header-display":"","site-post-title":"","ast-breadcrumbs-content":"","ast-featured-img":"","footer-sml-layout":"","theme-transparent-header-meta":"default","adv-header-id-meta":"","stick-header-meta":"","header-above-stick-meta":"","header-main-stick-meta":"","header-below-stick-meta":"","astra-migrate-meta-layouts":"default","ast-page-background-enabled":"default","ast-page-background-meta":{"desktop":{"background-color":"var(--ast-global-color-4)","background-image":"","background-repeat":"repeat","background-position":"center center","background-size":"auto","background-attachment":"scroll","background-type":"","background-media":"","overlay-type":"","overlay-color":"","overlay-opacity":"","overlay-gradient":""},"tablet":{"background-color":"","background-image":"","background-repeat":"repeat","background-position":"center center","background-size":"auto","background-attachment":"scroll","background-type":"","background-media":"","overlay-type":"","overlay-color":"","overlay-opacity":"","overlay-gradient":""},"mobile":{"background-color":"","background-image":"","background-repeat":"repeat","background-position":"center center","background-size":"auto","background-attachment":"scroll","background-type":"","background-media":"","overlay-type":"","overlay-color":"","overlay-opacity":"","overlay-gradient":""}},"ast-content-background-meta":{"desktop":{"background-color":"var(--ast-global-color-5)","background-image":"","background-repeat":"repeat","background-position":"center center","background-size":"auto","background-attachment":"scroll","background-type":"","background-media":"","overlay-type":"","overlay-color":"","overlay-opacity":"","overlay-gradient":""},"tablet":{"background-color":"var(--ast-global-color-5)","background-image":"","background-repeat":"repeat","background-position":"center center","background-size":"auto","background-attachment":"scroll","background-type":"","background-media":"","overlay-type":"","overlay-color":"","overlay-opacity":"","overlay-gradient":""},"mobile":{"background-color":"var(--ast-global-color-5)","background-image":"","background-repeat":"repeat","background-position":"center center","background-size":"auto","background-attachment":"scroll","background-type":"","background-media":"","overlay-type":"","overlay-color":"","overlay-opacity":"","overlay-gradient":""}},"footnotes":""},"class_list":["post-541","page","type-page","status-publish","hentry"],"yoast_head":"<!-- This site is optimized with the Yoast SEO plugin v27.4 - https:\/\/yoast.com\/product\/yoast-seo-wordpress\/ -->\n<title>Ach\u00e8te ton Mat\u00e9riel de Sport d&#039;Occasion sur Sportweb.Club<\/title>\n<meta name=\"description\" content=\"SportWeb.Club offre une plate-forme pour acheter des articles de sport d\u2019occasion au meilleur prix du march\u00e9 en ligne. Visite maintenant!\" \/>\n<meta name=\"robots\" content=\"index, follow, max-snippet:-1, max-image-preview:large, max-video-preview:-1\" \/>\n<link rel=\"canonical\" href=\"https:\/\/sportweb.club\/buy-your-secondhand-sports-equipment-on-sportweb-club\/\" \/>\n<meta property=\"og:locale\" content=\"fr_FR\" \/>\n<meta property=\"og:type\" content=\"article\" \/>\n<meta property=\"og:title\" content=\"Ach\u00e8te ton mat\u00e9riel de sport d&#039;occasion sur Sportweb.Club\" \/>\n<meta property=\"og:description\" content=\"SportWeb.Club offre une plate-forme pour acheter des articles de sport d\u2019occasion au meilleur prix du march\u00e9 en ligne. Visite maintenant!\" \/>\n<meta property=\"og:url\" content=\"https:\/\/sportweb.club\/buy-your-secondhand-sports-equipment-on-sportweb-club\/\" \/>\n<meta property=\"og:site_name\" content=\"SportWeb Club\" \/>\n<meta property=\"article:modified_time\" content=\"2024-01-19T10:36:05+00:00\" \/>\n<meta property=\"og:image\" content=\"https:\/\/sportweb.club\/wp-content\/uploads\/2023\/01\/buy-it.png\" \/>\n\t<meta property=\"og:image:width\" content=\"396\" \/>\n\t<meta property=\"og:image:height\" content=\"260\" \/>\n\t<meta property=\"og:image:type\" content=\"image\/png\" \/>\n<meta name=\"twitter:card\" content=\"summary_large_image\" \/>\n<meta name=\"twitter:title\" content=\"Ach\u00e8te ton mat\u00e9riel de sport d&#039;occasion sur Sportweb.Club\" \/>\n<meta name=\"twitter:description\" content=\"SportWeb.Club offre une plate-forme pour acheter des articles de sport d\u2019occasion au meilleur prix du march\u00e9 en ligne. Visite maintenant!\" \/>\n<meta name=\"twitter:image\" content=\"https:\/\/sportweb.club\/wp-content\/uploads\/2023\/01\/buy-it.png\" \/>\n<meta name=\"twitter:label1\" content=\"Dur\u00e9e de lecture estim\u00e9e\" \/>\n\t<meta name=\"twitter:data1\" content=\"5 minutes\" \/>\n<script type=\"application\/ld+json\" class=\"yoast-schema-graph\">{\"@context\":\"https:\\\/\\\/schema.org\",\"@graph\":[{\"@type\":\"WebPage\",\"@id\":\"https:\\\/\\\/sportweb.club\\\/buy-your-secondhand-sports-equipment-on-sportweb-club\\\/\",\"url\":\"https:\\\/\\\/sportweb.club\\\/buy-your-secondhand-sports-equipment-on-sportweb-club\\\/\",\"name\":\"Ach\u00e8te ton Mat\u00e9riel de Sport d'Occasion sur Sportweb.Club\",\"isPartOf\":{\"@id\":\"https:\\\/\\\/sportweb.club\\\/#website\"},\"datePublished\":\"2024-01-09T15:37:04+00:00\",\"dateModified\":\"2024-01-19T10:36:05+00:00\",\"description\":\"SportWeb.Club offre une plate-forme pour acheter des articles de sport d\u2019occasion au meilleur prix du march\u00e9 en ligne. Visite maintenant!\",\"breadcrumb\":{\"@id\":\"https:\\\/\\\/sportweb.club\\\/buy-your-secondhand-sports-equipment-on-sportweb-club\\\/#breadcrumb\"},\"inLanguage\":\"fr-FR\",\"potentialAction\":[{\"@type\":\"ReadAction\",\"target\":[\"https:\\\/\\\/sportweb.club\\\/buy-your-secondhand-sports-equipment-on-sportweb-club\\\/\"]}]},{\"@type\":\"BreadcrumbList\",\"@id\":\"https:\\\/\\\/sportweb.club\\\/buy-your-secondhand-sports-equipment-on-sportweb-club\\\/#breadcrumb\",\"itemListElement\":[{\"@type\":\"ListItem\",\"position\":1,\"name\":\"Home\",\"item\":\"https:\\\/\\\/sportweb.club\\\/fr\\\/\"},{\"@type\":\"ListItem\",\"position\":2,\"name\":\"Acheter\"}]},{\"@type\":\"WebSite\",\"@id\":\"https:\\\/\\\/sportweb.club\\\/#website\",\"url\":\"https:\\\/\\\/sportweb.club\\\/\",\"name\":\"SportWeb Club\",\"description\":\"Sell and Buy Sport Second Hand Products\",\"publisher\":{\"@id\":\"https:\\\/\\\/sportweb.club\\\/#organization\"},\"potentialAction\":[{\"@type\":\"SearchAction\",\"target\":{\"@type\":\"EntryPoint\",\"urlTemplate\":\"https:\\\/\\\/sportweb.club\\\/?s={search_term_string}\"},\"query-input\":{\"@type\":\"PropertyValueSpecification\",\"valueRequired\":true,\"valueName\":\"search_term_string\"}}],\"inLanguage\":\"fr-FR\"},{\"@type\":\"Organization\",\"@id\":\"https:\\\/\\\/sportweb.club\\\/#organization\",\"name\":\"SportWeb Club\",\"url\":\"https:\\\/\\\/sportweb.club\\\/\",\"logo\":{\"@type\":\"ImageObject\",\"inLanguage\":\"fr-FR\",\"@id\":\"https:\\\/\\\/sportweb.club\\\/#\\\/schema\\\/logo\\\/image\\\/\",\"url\":\"https:\\\/\\\/sportweb.club\\\/wp-content\\\/uploads\\\/2023\\\/01\\\/sportweblogo.jpg\",\"contentUrl\":\"https:\\\/\\\/sportweb.club\\\/wp-content\\\/uploads\\\/2023\\\/01\\\/sportweblogo.jpg\",\"width\":450,\"height\":80,\"caption\":\"SportWeb Club\"},\"image\":{\"@id\":\"https:\\\/\\\/sportweb.club\\\/#\\\/schema\\\/logo\\\/image\\\/\"}}]}<\/script>\n<!-- \/ Yoast SEO plugin. -->","yoast_head_json":{"title":"Ach\u00e8te ton Mat\u00e9riel de Sport d'Occasion sur Sportweb.Club","description":"SportWeb.Club offre une plate-forme pour acheter des articles de sport d\u2019occasion au meilleur prix du march\u00e9 en ligne. Visite maintenant!","robots":{"index":"index","follow":"follow","max-snippet":"max-snippet:-1","max-image-preview":"max-image-preview:large","max-video-preview":"max-video-preview:-1"},"canonical":"https:\/\/sportweb.club\/buy-your-secondhand-sports-equipment-on-sportweb-club\/","og_locale":"fr_FR","og_type":"article","og_title":"Ach\u00e8te ton mat\u00e9riel de sport d'occasion sur Sportweb.Club","og_description":"SportWeb.Club offre une plate-forme pour acheter des articles de sport d\u2019occasion au meilleur prix du march\u00e9 en ligne. Visite maintenant!","og_url":"https:\/\/sportweb.club\/buy-your-secondhand-sports-equipment-on-sportweb-club\/","og_site_name":"SportWeb Club","article_modified_time":"2024-01-19T10:36:05+00:00","og_image":[{"width":396,"height":260,"url":"https:\/\/sportweb.club\/wp-content\/uploads\/2023\/01\/buy-it.png","type":"image\/png"}],"twitter_card":"summary_large_image","twitter_title":"Ach\u00e8te ton mat\u00e9riel de sport d'occasion sur Sportweb.Club","twitter_description":"SportWeb.Club offre une plate-forme pour acheter des articles de sport d\u2019occasion au meilleur prix du march\u00e9 en ligne. Visite maintenant!","twitter_image":"https:\/\/sportweb.club\/wp-content\/uploads\/2023\/01\/buy-it.png","twitter_misc":{"Dur\u00e9e de lecture estim\u00e9e":"5 minutes"},"schema":{"@context":"https:\/\/schema.org","@graph":[{"@type":"WebPage","@id":"https:\/\/sportweb.club\/buy-your-secondhand-sports-equipment-on-sportweb-club\/","url":"https:\/\/sportweb.club\/buy-your-secondhand-sports-equipment-on-sportweb-club\/","name":"Ach\u00e8te ton Mat\u00e9riel de Sport d'Occasion sur Sportweb.Club","isPartOf":{"@id":"https:\/\/sportweb.club\/#website"},"datePublished":"2024-01-09T15:37:04+00:00","dateModified":"2024-01-19T10:36:05+00:00","description":"SportWeb.Club offre une plate-forme pour acheter des articles de sport d\u2019occasion au meilleur prix du march\u00e9 en ligne. Visite maintenant!","breadcrumb":{"@id":"https:\/\/sportweb.club\/buy-your-secondhand-sports-equipment-on-sportweb-club\/#breadcrumb"},"inLanguage":"fr-FR","potentialAction":[{"@type":"ReadAction","target":["https:\/\/sportweb.club\/buy-your-secondhand-sports-equipment-on-sportweb-club\/"]}]},{"@type":"BreadcrumbList","@id":"https:\/\/sportweb.club\/buy-your-secondhand-sports-equipment-on-sportweb-club\/#breadcrumb","itemListElement":[{"@type":"ListItem","position":1,"name":"Home","item":"https:\/\/sportweb.club\/fr\/"},{"@type":"ListItem","position":2,"name":"Acheter"}]},{"@type":"WebSite","@id":"https:\/\/sportweb.club\/#website","url":"https:\/\/sportweb.club\/","name":"SportWeb Club","description":"Sell and Buy Sport Second Hand Products","publisher":{"@id":"https:\/\/sportweb.club\/#organization"},"potentialAction":[{"@type":"SearchAction","target":{"@type":"EntryPoint","urlTemplate":"https:\/\/sportweb.club\/?s={search_term_string}"},"query-input":{"@type":"PropertyValueSpecification","valueRequired":true,"valueName":"search_term_string"}}],"inLanguage":"fr-FR"},{"@type":"Organization","@id":"https:\/\/sportweb.club\/#organization","name":"SportWeb Club","url":"https:\/\/sportweb.club\/","logo":{"@type":"ImageObject","inLanguage":"fr-FR","@id":"https:\/\/sportweb.club\/#\/schema\/logo\/image\/","url":"https:\/\/sportweb.club\/wp-content\/uploads\/2023\/01\/sportweblogo.jpg","contentUrl":"https:\/\/sportweb.club\/wp-content\/uploads\/2023\/01\/sportweblogo.jpg","width":450,"height":80,"caption":"SportWeb Club"},"image":{"@id":"https:\/\/sportweb.club\/#\/schema\/logo\/image\/"}}]}},"_links":{"self":[{"href":"https:\/\/sportweb.club\/fr\/wp-json\/wp\/v2\/pages\/541","targetHints":{"allow":["GET"]}}],"collection":[{"href":"https:\/\/sportweb.club\/fr\/wp-json\/wp\/v2\/pages"}],"about":[{"href":"https:\/\/sportweb.club\/fr\/wp-json\/wp\/v2\/types\/page"}],"author":[{"embeddable":true,"href":"https:\/\/sportweb.club\/fr\/wp-json\/wp\/v2\/users\/1"}],"replies":[{"embeddable":true,"href":"https:\/\/sportweb.club\/fr\/wp-json\/wp\/v2\/comments?post=541"}],"version-history":[{"count":13,"href":"https:\/\/sportweb.club\/fr\/wp-json\/wp\/v2\/pages\/541\/revisions"}],"predecessor-version":[{"id":5014,"href":"https:\/\/sportweb.club\/fr\/wp-json\/wp\/v2\/pages\/541\/revisions\/5014"}],"wp:attachment":[{"href":"https:\/\/sportweb.club\/fr\/wp-json\/wp\/v2\/media?parent=541"}],"curies":[{"name":"wp","href":"https:\/\/api.w.org\/{rel}","templated":true}]}}