{"id":508,"date":"2024-01-17T12:06:18","date_gmt":"2024-01-17T12:06:18","guid":{"rendered":"https:\/\/sportwebclub.revolucionweb.es\/ajouter-un-entraineur\/"},"modified":"2024-01-31T10:32:56","modified_gmt":"2024-01-31T10:32:56","slug":"coach","status":"publish","type":"page","link":"https:\/\/sportweb.club\/fr\/ajouter\/coach\/","title":{"rendered":"Ajouter Coach"},"content":{"rendered":"\r\n            <div class=\"adverts-flash-messages adverts-flash-error\">\r\n                    \r\n        <div class=\"adverts-flash-single\">\r\n                        <span class=\"adverts-flash-message-icon adverts-icon-lock\"><\/span>\r\n            <span class=\"adverts-flash-message-text adverts-flash-padding\">Il est n\u00e9cessaire d\u00b4\u00eatre membre pour ajouter une annonce.<br>\nJe suis d\u00e9ja membre:  <a href=\"https:\/\/sportweb.club\/fr\/mon-compte\/\">Se connecter<\/a> pour entrer<br>\nJe ne suis pas encore membre: <a href=\"https:\/\/sportweb.club\/fr\/enregistrement\/\">S\u00b4Enregistrer<\/a> pour \u00eatre membre<\/span>\r\n                    <\/div>\r\n        <\/div>\r\n                \r\n    \n","protected":false},"excerpt":{"rendered":"","protected":false},"author":1,"featured_media":0,"parent":512,"menu_order":0,"comment_status":"closed","ping_status":"closed","template":"","meta":{"site-sidebar-layout":"default","site-content-layout":"default","ast-site-content-layout":"","site-content-style":"default","site-sidebar-style":"default","ast-global-header-display":"","ast-banner-title-visibility":"","ast-main-header-display":"","ast-hfb-above-header-display":"","ast-hfb-below-header-display":"","ast-hfb-mobile-header-display":"","site-post-title":"","ast-breadcrumbs-content":"","ast-featured-img":"","footer-sml-layout":"","theme-transparent-header-meta":"default","adv-header-id-meta":"","stick-header-meta":"","header-above-stick-meta":"","header-main-stick-meta":"","header-below-stick-meta":"","astra-migrate-meta-layouts":"default","ast-page-background-enabled":"default","ast-page-background-meta":{"desktop":{"background-color":"var(--ast-global-color-4)","background-image":"","background-repeat":"repeat","background-position":"center center","background-size":"auto","background-attachment":"scroll","background-type":"","background-media":"","overlay-type":"","overlay-color":"","overlay-opacity":"","overlay-gradient":""},"tablet":{"background-color":"","background-image":"","background-repeat":"repeat","background-position":"center center","background-size":"auto","background-attachment":"scroll","background-type":"","background-media":"","overlay-type":"","overlay-color":"","overlay-opacity":"","overlay-gradient":""},"mobile":{"background-color":"","background-image":"","background-repeat":"repeat","background-position":"center center","background-size":"auto","background-attachment":"scroll","background-type":"","background-media":"","overlay-type":"","overlay-color":"","overlay-opacity":"","overlay-gradient":""}},"ast-content-background-meta":{"desktop":{"background-color":"var(--ast-global-color-5)","background-image":"","background-repeat":"repeat","background-position":"center center","background-size":"auto","background-attachment":"scroll","background-type":"","background-media":"","overlay-type":"","overlay-color":"","overlay-opacity":"","overlay-gradient":""},"tablet":{"background-color":"var(--ast-global-color-5)","background-image":"","background-repeat":"repeat","background-position":"center center","background-size":"auto","background-attachment":"scroll","background-type":"","background-media":"","overlay-type":"","overlay-color":"","overlay-opacity":"","overlay-gradient":""},"mobile":{"background-color":"var(--ast-global-color-5)","background-image":"","background-repeat":"repeat","background-position":"center center","background-size":"auto","background-attachment":"scroll","background-type":"","background-media":"","overlay-type":"","overlay-color":"","overlay-opacity":"","overlay-gradient":""}},"footnotes":""},"class_list":["post-508","page","type-page","status-publish","hentry"],"yoast_head":"<!-- This site is optimized with the Yoast SEO plugin v27.3 - https:\/\/yoast.com\/product\/yoast-seo-wordpress\/ -->\n<title>Coach<\/title>\n<meta name=\"description\" content=\"Cr\u00e9e et publie ton profil de coach sportif maintenant juste en quelques simples \u00e9tapes et trouve de nouveaux \u00e9l\u00e8ves.\" \/>\n<meta name=\"robots\" content=\"index, follow, max-snippet:-1, max-image-preview:large, max-video-preview:-1\" \/>\n<link rel=\"canonical\" href=\"https:\/\/sportweb.club\/add\/coach\/\" \/>\n<meta property=\"og:locale\" content=\"fr_FR\" \/>\n<meta property=\"og:type\" content=\"article\" \/>\n<meta property=\"og:title\" content=\"Cr\u00e9e et publie ton profil de coach sportif sur SportWeb.Club\" \/>\n<meta property=\"og:description\" content=\"Cr\u00e9e et publie ton profil de coach sportif maintenant juste en quelques simples \u00e9tapes et trouve de nouveaux \u00e9l\u00e8ves.\" \/>\n<meta property=\"og:url\" content=\"https:\/\/sportweb.club\/add\/coach\/\" \/>\n<meta property=\"og:site_name\" content=\"SportWeb Club\" \/>\n<meta property=\"article:modified_time\" content=\"2024-01-31T10:32:56+00:00\" \/>\n<meta property=\"og:image\" content=\"https:\/\/sportweb.club\/wp-content\/uploads\/2023\/09\/Are-you-a-sports-coach-who-wants-to-expand-his-presence-online-Sportweb.club-is-the-new-leading-online-platform-for-sports-coaches-that-offers-a-unique-opportunity-to-increase-their-visibility.-2.jpg\" \/>\n\t<meta property=\"og:image:width\" content=\"593\" \/>\n\t<meta property=\"og:image:height\" content=\"395\" \/>\n\t<meta property=\"og:image:type\" content=\"image\/jpeg\" \/>\n<meta name=\"twitter:card\" content=\"summary_large_image\" \/>\n<meta name=\"twitter:title\" content=\"Cr\u00e9e et publie ton profil de coach sportif sur SportWeb.Club\" \/>\n<meta name=\"twitter:description\" content=\"Cr\u00e9e et publie ton profil de coach sportif maintenant juste en quelques simples \u00e9tapes et trouve de nouveaux \u00e9l\u00e8ves.\" \/>\n<meta name=\"twitter:image\" content=\"https:\/\/sportweb.club\/wp-content\/uploads\/2023\/09\/Are-you-a-sports-coach-who-wants-to-expand-his-presence-online-Sportweb.club-is-the-new-leading-online-platform-for-sports-coaches-that-offers-a-unique-opportunity-to-increase-their-visibility.-2.jpg\" \/>\n<meta name=\"twitter:label1\" content=\"Dur\u00e9e de lecture estim\u00e9e\" \/>\n\t<meta name=\"twitter:data1\" content=\"1 minute\" \/>\n<script type=\"application\/ld+json\" class=\"yoast-schema-graph\">{\"@context\":\"https:\\\/\\\/schema.org\",\"@graph\":[{\"@type\":\"WebPage\",\"@id\":\"https:\\\/\\\/sportweb.club\\\/add\\\/coach\\\/\",\"url\":\"https:\\\/\\\/sportweb.club\\\/add\\\/coach\\\/\",\"name\":\"Coach\",\"isPartOf\":{\"@id\":\"https:\\\/\\\/sportweb.club\\\/#website\"},\"datePublished\":\"2024-01-17T12:06:18+00:00\",\"dateModified\":\"2024-01-31T10:32:56+00:00\",\"description\":\"Cr\u00e9e et publie ton profil de coach sportif maintenant juste en quelques simples \u00e9tapes et trouve de nouveaux \u00e9l\u00e8ves.\",\"breadcrumb\":{\"@id\":\"https:\\\/\\\/sportweb.club\\\/add\\\/coach\\\/#breadcrumb\"},\"inLanguage\":\"fr-FR\",\"potentialAction\":[{\"@type\":\"ReadAction\",\"target\":[\"https:\\\/\\\/sportweb.club\\\/add\\\/coach\\\/\"]}]},{\"@type\":\"BreadcrumbList\",\"@id\":\"https:\\\/\\\/sportweb.club\\\/add\\\/coach\\\/#breadcrumb\",\"itemListElement\":[{\"@type\":\"ListItem\",\"position\":1,\"name\":\"Home\",\"item\":\"https:\\\/\\\/sportweb.club\\\/fr\\\/\"},{\"@type\":\"ListItem\",\"position\":2,\"name\":\"Ajouter Annonce\",\"item\":\"https:\\\/\\\/sportweb.club\\\/add\\\/\"},{\"@type\":\"ListItem\",\"position\":3,\"name\":\"Ajouter Coach\"}]},{\"@type\":\"WebSite\",\"@id\":\"https:\\\/\\\/sportweb.club\\\/#website\",\"url\":\"https:\\\/\\\/sportweb.club\\\/\",\"name\":\"SportWeb Club\",\"description\":\"Sell and Buy Sport Second Hand Products\",\"publisher\":{\"@id\":\"https:\\\/\\\/sportweb.club\\\/#organization\"},\"potentialAction\":[{\"@type\":\"SearchAction\",\"target\":{\"@type\":\"EntryPoint\",\"urlTemplate\":\"https:\\\/\\\/sportweb.club\\\/?s={search_term_string}\"},\"query-input\":{\"@type\":\"PropertyValueSpecification\",\"valueRequired\":true,\"valueName\":\"search_term_string\"}}],\"inLanguage\":\"fr-FR\"},{\"@type\":\"Organization\",\"@id\":\"https:\\\/\\\/sportweb.club\\\/#organization\",\"name\":\"SportWeb Club\",\"url\":\"https:\\\/\\\/sportweb.club\\\/\",\"logo\":{\"@type\":\"ImageObject\",\"inLanguage\":\"fr-FR\",\"@id\":\"https:\\\/\\\/sportweb.club\\\/#\\\/schema\\\/logo\\\/image\\\/\",\"url\":\"https:\\\/\\\/sportweb.club\\\/wp-content\\\/uploads\\\/2023\\\/01\\\/sportweblogo.jpg\",\"contentUrl\":\"https:\\\/\\\/sportweb.club\\\/wp-content\\\/uploads\\\/2023\\\/01\\\/sportweblogo.jpg\",\"width\":450,\"height\":80,\"caption\":\"SportWeb Club\"},\"image\":{\"@id\":\"https:\\\/\\\/sportweb.club\\\/#\\\/schema\\\/logo\\\/image\\\/\"}}]}<\/script>\n<!-- \/ Yoast SEO plugin. -->","yoast_head_json":{"title":"Coach","description":"Cr\u00e9e et publie ton profil de coach sportif maintenant juste en quelques simples \u00e9tapes et trouve de nouveaux \u00e9l\u00e8ves.","robots":{"index":"index","follow":"follow","max-snippet":"max-snippet:-1","max-image-preview":"max-image-preview:large","max-video-preview":"max-video-preview:-1"},"canonical":"https:\/\/sportweb.club\/add\/coach\/","og_locale":"fr_FR","og_type":"article","og_title":"Cr\u00e9e et publie ton profil de coach sportif sur SportWeb.Club","og_description":"Cr\u00e9e et publie ton profil de coach sportif maintenant juste en quelques simples \u00e9tapes et trouve de nouveaux \u00e9l\u00e8ves.","og_url":"https:\/\/sportweb.club\/add\/coach\/","og_site_name":"SportWeb Club","article_modified_time":"2024-01-31T10:32:56+00:00","og_image":[{"width":593,"height":395,"url":"https:\/\/sportweb.club\/wp-content\/uploads\/2023\/09\/Are-you-a-sports-coach-who-wants-to-expand-his-presence-online-Sportweb.club-is-the-new-leading-online-platform-for-sports-coaches-that-offers-a-unique-opportunity-to-increase-their-visibility.-2.jpg","type":"image\/jpeg"}],"twitter_card":"summary_large_image","twitter_title":"Cr\u00e9e et publie ton profil de coach sportif sur SportWeb.Club","twitter_description":"Cr\u00e9e et publie ton profil de coach sportif maintenant juste en quelques simples \u00e9tapes et trouve de nouveaux \u00e9l\u00e8ves.","twitter_image":"https:\/\/sportweb.club\/wp-content\/uploads\/2023\/09\/Are-you-a-sports-coach-who-wants-to-expand-his-presence-online-Sportweb.club-is-the-new-leading-online-platform-for-sports-coaches-that-offers-a-unique-opportunity-to-increase-their-visibility.-2.jpg","twitter_misc":{"Dur\u00e9e de lecture estim\u00e9e":"1 minute"},"schema":{"@context":"https:\/\/schema.org","@graph":[{"@type":"WebPage","@id":"https:\/\/sportweb.club\/add\/coach\/","url":"https:\/\/sportweb.club\/add\/coach\/","name":"Coach","isPartOf":{"@id":"https:\/\/sportweb.club\/#website"},"datePublished":"2024-01-17T12:06:18+00:00","dateModified":"2024-01-31T10:32:56+00:00","description":"Cr\u00e9e et publie ton profil de coach sportif maintenant juste en quelques simples \u00e9tapes et trouve de nouveaux \u00e9l\u00e8ves.","breadcrumb":{"@id":"https:\/\/sportweb.club\/add\/coach\/#breadcrumb"},"inLanguage":"fr-FR","potentialAction":[{"@type":"ReadAction","target":["https:\/\/sportweb.club\/add\/coach\/"]}]},{"@type":"BreadcrumbList","@id":"https:\/\/sportweb.club\/add\/coach\/#breadcrumb","itemListElement":[{"@type":"ListItem","position":1,"name":"Home","item":"https:\/\/sportweb.club\/fr\/"},{"@type":"ListItem","position":2,"name":"Ajouter Annonce","item":"https:\/\/sportweb.club\/add\/"},{"@type":"ListItem","position":3,"name":"Ajouter Coach"}]},{"@type":"WebSite","@id":"https:\/\/sportweb.club\/#website","url":"https:\/\/sportweb.club\/","name":"SportWeb Club","description":"Sell and Buy Sport Second Hand Products","publisher":{"@id":"https:\/\/sportweb.club\/#organization"},"potentialAction":[{"@type":"SearchAction","target":{"@type":"EntryPoint","urlTemplate":"https:\/\/sportweb.club\/?s={search_term_string}"},"query-input":{"@type":"PropertyValueSpecification","valueRequired":true,"valueName":"search_term_string"}}],"inLanguage":"fr-FR"},{"@type":"Organization","@id":"https:\/\/sportweb.club\/#organization","name":"SportWeb Club","url":"https:\/\/sportweb.club\/","logo":{"@type":"ImageObject","inLanguage":"fr-FR","@id":"https:\/\/sportweb.club\/#\/schema\/logo\/image\/","url":"https:\/\/sportweb.club\/wp-content\/uploads\/2023\/01\/sportweblogo.jpg","contentUrl":"https:\/\/sportweb.club\/wp-content\/uploads\/2023\/01\/sportweblogo.jpg","width":450,"height":80,"caption":"SportWeb Club"},"image":{"@id":"https:\/\/sportweb.club\/#\/schema\/logo\/image\/"}}]}},"_links":{"self":[{"href":"https:\/\/sportweb.club\/fr\/wp-json\/wp\/v2\/pages\/508","targetHints":{"allow":["GET"]}}],"collection":[{"href":"https:\/\/sportweb.club\/fr\/wp-json\/wp\/v2\/pages"}],"about":[{"href":"https:\/\/sportweb.club\/fr\/wp-json\/wp\/v2\/types\/page"}],"author":[{"embeddable":true,"href":"https:\/\/sportweb.club\/fr\/wp-json\/wp\/v2\/users\/1"}],"replies":[{"embeddable":true,"href":"https:\/\/sportweb.club\/fr\/wp-json\/wp\/v2\/comments?post=508"}],"version-history":[{"count":8,"href":"https:\/\/sportweb.club\/fr\/wp-json\/wp\/v2\/pages\/508\/revisions"}],"predecessor-version":[{"id":5054,"href":"https:\/\/sportweb.club\/fr\/wp-json\/wp\/v2\/pages\/508\/revisions\/5054"}],"up":[{"embeddable":true,"href":"https:\/\/sportweb.club\/fr\/wp-json\/wp\/v2\/pages\/512"}],"wp:attachment":[{"href":"https:\/\/sportweb.club\/fr\/wp-json\/wp\/v2\/media?parent=508"}],"curies":[{"name":"wp","href":"https:\/\/api.w.org\/{rel}","templated":true}]}}