{"id":569,"date":"2024-01-20T15:37:45","date_gmt":"2024-01-20T15:37:45","guid":{"rendered":"https:\/\/sportwebclub.revolucionweb.es\/?page_id=569"},"modified":"2024-01-29T18:02:13","modified_gmt":"2024-01-29T18:02:13","slug":"expedicion-y-recepcion-en-seguridad-con-sportweb-club","status":"publish","type":"page","link":"https:\/\/sportweb.club\/es\/expedicion-y-recepcion-en-seguridad-con-sportweb-club\/","title":{"rendered":"Enviar &#038; Recibir"},"content":{"rendered":"\t\t<div data-elementor-type=\"wp-page\" data-elementor-id=\"569\" class=\"elementor elementor-569 elementor-313\" data-elementor-post-type=\"page\">\n\t\t\t\t\t\t<section class=\"elementor-section elementor-top-section elementor-element elementor-element-29558b51 elementor-section-boxed elementor-section-height-default elementor-section-height-default\" data-id=\"29558b51\" data-element_type=\"section\" data-e-type=\"section\">\n\t\t\t\t\t\t<div class=\"elementor-container elementor-column-gap-default\">\n\t\t\t\t\t<div class=\"elementor-column elementor-col-100 elementor-top-column elementor-element elementor-element-2a9f6ad5\" data-id=\"2a9f6ad5\" data-element_type=\"column\" data-e-type=\"column\">\n\t\t\t<div class=\"elementor-widget-wrap elementor-element-populated\">\n\t\t\t\t\t\t<div class=\"elementor-element elementor-element-8f6ac2f elementor-widget elementor-widget-text-editor\" data-id=\"8f6ac2f\" data-element_type=\"widget\" data-e-type=\"widget\" data-widget_type=\"text-editor.default\">\n\t\t\t\t<div class=\"elementor-widget-container\">\n\t\t\t\t\t\t\t\t\t<p><\/p>\n<p><strong style=\"font-style: inherit; color: var(--ast-global-color-3); background-color: var(--ast-global-color-5);\">1. Env\u00edo como vendedor<\/strong><br><\/p>\n<p><\/p>\n<p><\/p>\n<p>Los costos de env\u00edo se agregan al precio de venta y el comprador los paga como parte del precio total de compra.<\/p>\n<p><\/p>\n<p><\/p>\n<p>Es importante agregar la prueba de env\u00edo para que se notifique al comprador que el art\u00edculo ha sido enviado y que pueda rastrear su art\u00edculo.<\/p>\n<p><\/p>\n<p><\/p>\n<p><strong>\u00bfQui\u00e9n paga el env\u00edo?<\/strong><\/p>\n<p><\/p>\n<p><\/p>\n<p>B\u00e1sicamente, el precio de env\u00edo siempre corre a cargo del comprador.&nbsp;Los vendedores siempre deben enviar sus art\u00edculos utilizando el m\u00e9todo y el proveedor elegido y pagado por el comprador.&nbsp;Aseg\u00farese de que el tama\u00f1o del paquete elegido sea adecuado para su art\u00edculo.&nbsp;Despu\u00e9s de que el comprador pague, los vendedores no podr\u00e1n cobrarles m\u00e1s y tendr\u00e1n que enviar el art\u00edculo.<\/p>\n<p><\/p>\n<p><\/p>\n<p><strong>Empacando el art\u00edculo<\/strong><\/p>\n<p><\/p>\n<p><\/p>\n<p>Es importante empacar sus art\u00edculos correctamente para que no se da\u00f1en durante el env\u00edo.<\/p>\n<p><\/p>\n<p><\/p>\n<p>Adem\u00e1s, el paquete debe ajustarse a las regulaciones del proveedor de correo para que usted o su comprador no tengan que pagar m\u00e1s. Aseg\u00farese de que su paquete se ajuste al tama\u00f1o, peso y dimensiones.<\/p>\n<p><\/p>\n<p><\/p>\n<p>Al empacar su art\u00edculo, tenga en cuenta estas cosas:<\/p>\n<p><\/p>\n<p><\/p>\n<p>Utilice un material de embalaje exterior que sea resistente y fuerte.<\/p>\n<p><\/p>\n<p><\/p>\n<p>Empaque el art\u00edculo con pl\u00e1stico de burbujas, espuma o papel para que no haya espacio para que el art\u00edculo se mueva en el paquete.<\/p>\n<p><\/p>\n<p><\/p>\n<p>Coloque los productos que puedan verse afectados por la suciedad, el agua o la humedad dentro de una bolsa de pl\u00e1stico.<\/p>\n<p><\/p>\n<p><\/p>\n<p>El toque personal siempre es una buena idea.<\/p>\n<p><\/p>\n<p><\/p>\n<p><strong>\u00bfC\u00f3mo enviar un art\u00edculo?<\/strong><\/p>\n<p><\/p>\n<p><\/p>\n<p>El proceso de env\u00edo es sencillo:<\/p>\n<p><\/p>\n<p><\/p>\n<p>Ver\u00e1s la informaci\u00f3n de env\u00edo en la conversaci\u00f3n con el comprador.<\/p>\n<p><\/p>\n<p><\/p>\n<p>No tienes que pagar el env\u00edo, tu comprador pagar\u00e1.<\/p>\n<p><\/p>\n<p><\/p>\n<p>Env\u00ede el paquete dentro de los 5 d\u00edas h\u00e1biles y conserve el recibo.<\/p>\n<p><\/p>\n<p><\/p>\n<p>Aseg\u00farese de que el art\u00edculo llegue al comprador en perfecto estado, as\u00ed que empaqu\u00e9telo bien.<\/p>\n<p><\/p>\n<p><\/p>\n<p>Aseg\u00farese de elegir el tama\u00f1o de paquete correcto, ya que el comprador lo pagar\u00e1.<\/p>\n<p><\/p>\n<p><\/p>\n<p>Una elecci\u00f3n incorrecta puede resultar en un paquete devuelto, costos de env\u00edo adicionales, una tarifa de recolecci\u00f3n o incluso comentarios negativos de su comprador.<\/p>\n<p><\/p>\n<p><\/p>\n<p><strong>\u00bfCu\u00e1nto tiempo tengo para enviar el art\u00edculo?<\/strong><\/p>\n<p><\/p>\n<p><\/p>\n<p>Tienes 5 d\u00edas laborables para enviar el art\u00edculo a partir del d\u00eda en que el comprador lo compr\u00f3, de lo contrario, la transacci\u00f3n ser\u00e1 cancelada.<\/p>\n<p><\/p>\n<p><\/p>\n<p>Recomendamos no esperar hasta el \u00faltimo d\u00eda, ya que el proveedor de env\u00edo puede tardar hasta 48 horas en actualizar la informaci\u00f3n de entrega.<\/p>\n<p><\/p>\n<p><\/p>\n<p>Si no puede realizar el env\u00edo a tiempo:<\/p>\n<p><\/p>\n<p><\/p>\n<p>Explique la situaci\u00f3n al comprador.<\/p>\n<p><\/p>\n<p><\/p>\n<p>Cancela el pedido.<\/p>\n<p><\/p>\n<p><\/p>\n<p>Si estuvo de acuerdo con el comprador antes de cancelar, evitar\u00e1 comentarios negativos<\/p>\n<p><\/p>\n<p><\/p>\n<p><strong>2. Env\u00edo como comprador<\/strong><\/p>\n<p><\/p>\n<p><\/p>\n<p>\u00bfC\u00f3mo funciona el proceso de entrega?<\/p>\n<p><\/p>\n<p><\/p>\n<p>Despu\u00e9s de comprar un art\u00edculo, se notifica al vendedor.<\/p>\n<p><\/p>\n<p><\/p>\n<p>El vendedor tiene 5 d\u00edas h\u00e1biles para enviar el art\u00edculo.<\/p>\n<p><\/p>\n<p><\/p>\n<p>Se notificar\u00e1 al comprador cuando se env\u00ede el art\u00edculo seg\u00fan la informaci\u00f3n de seguimiento o cuando el vendedor escriba \u201cHe enviado\u201d.&nbsp;Si elige un m\u00e9todo de env\u00edo con seguimiento, podr\u00e1 realizar un seguimiento a trav\u00e9s de una conversaci\u00f3n con el vendedor y el transportista.<\/p>\n<p><\/p>\n<p><\/p>\n<p><strong>El tiempo de entrega<\/strong><\/p>\n<p><\/p>\n<p><\/p>\n<p>El tiempo de entrega de un art\u00edculo depende del servicio de env\u00edo que elija el comprador y del tiempo de manipulaci\u00f3n del vendedor.&nbsp;Los compradores pueden ver la fecha de entrega estimada de su pedido al finalizar la compra.&nbsp;Adem\u00e1s, ser\u00e1n notificados una vez que el vendedor env\u00ede su art\u00edculo.<\/p>\n<p><\/p>\n<p><\/p>\n<p>Tiempo de manipulaci\u00f3n del vendedor:<\/p>\n<p><\/p>\n<p><\/p>\n<p>Los vendedores tienen hasta 5 d\u00edas h\u00e1biles para enviar el art\u00edculo, dependiendo del m\u00e9todo de env\u00edo que haya elegido su comprador.<\/p>\n<p><\/p>\n<p><\/p>\n<p><strong>Tiempo de env\u00edo<\/strong><\/p>\n<p><\/p>\n<p><\/p>\n<p>El tiempo de env\u00edo var\u00eda seg\u00fan el destino del paquete, as\u00ed como el proveedor de env\u00edo: por lo general, demora de 2 a 3 d\u00edas h\u00e1biles, pero a veces puede ser m\u00e1s largo.<\/p>\n<p><\/p>\n<p><\/p>\n<p>Los s\u00e1bados, domingos y los principales feriados nacionales generalmente no se incluyen en las estimaciones de tiempo de tr\u00e1nsito.<\/p>\n<p><\/p>\n<p><\/p>\n<p><strong>Seguimiento de paquetes<\/strong><\/p>\n<p><\/p>\n<p><\/p>\n<p>Tanto los compradores como los vendedores pueden rastrear su paquete en el hilo de mensajes.&nbsp;All\u00ed pueden ver d\u00f3nde est\u00e1 el paquete y su tiempo de entrega previsto a trav\u00e9s de la web de la empresa transportadora con n\u00famero de seguimiento.<\/p>\n<p><\/p>\n<p><\/p>\n<p><strong>Resolver problemas con la entrega<\/strong><\/p>\n<p><\/p>\n<p><\/p>\n<p>Si usted es un comprador y su art\u00edculo no ha llegado, lleg\u00f3 da\u00f1ado o tiene una discrepancia significativa con la descripci\u00f3n, aseg\u00farese de notificar que tengo un problema dentro de los siguientes plazos:<\/p>\n<p><\/p>\n<p><\/p>\n<p>Dentro de los 2 d\u00edas posteriores a la entrega de su art\u00edculo si no se corresponde significativamente con la descripci\u00f3n o si est\u00e1 da\u00f1ado.<\/p>\n<p><\/p>\n<p><\/p>\n<p>Dentro de los 2 d\u00edas posteriores a la fecha de entrega prevista si el art\u00edculo no ha llegado.<\/p>\n<p><\/p>\t\t\t\t\t\t\t\t<\/div>\n\t\t\t\t<\/div>\n\t\t\t\t\t<\/div>\n\t\t<\/div>\n\t\t\t\t\t<\/div>\n\t\t<\/section>\n\t\t\t\t<\/div>\n\t\t","protected":false},"excerpt":{"rendered":"<p>1. Env\u00edo como vendedor Los costos de env\u00edo se agregan al precio de venta y el comprador los paga como parte del precio total de compra. Es importante agregar la prueba de env\u00edo para que se notifique al comprador que el art\u00edculo ha sido enviado y que pueda rastrear su art\u00edculo. \u00bfQui\u00e9n paga el env\u00edo? [&hellip;]<\/p>\n","protected":false},"author":1,"featured_media":0,"parent":0,"menu_order":0,"comment_status":"closed","ping_status":"closed","template":"","meta":{"site-sidebar-layout":"default","site-content-layout":"default","ast-site-content-layout":"","site-content-style":"default","site-sidebar-style":"default","ast-global-header-display":"","ast-banner-title-visibility":"","ast-main-header-display":"","ast-hfb-above-header-display":"","ast-hfb-below-header-display":"","ast-hfb-mobile-header-display":"","site-post-title":"","ast-breadcrumbs-content":"","ast-featured-img":"","footer-sml-layout":"","theme-transparent-header-meta":"default","adv-header-id-meta":"","stick-header-meta":"","header-above-stick-meta":"","header-main-stick-meta":"","header-below-stick-meta":"","astra-migrate-meta-layouts":"default","ast-page-background-enabled":"default","ast-page-background-meta":{"desktop":{"background-color":"var(--ast-global-color-4)","background-image":"","background-repeat":"repeat","background-position":"center center","background-size":"auto","background-attachment":"scroll","background-type":"","background-media":"","overlay-type":"","overlay-color":"","overlay-opacity":"","overlay-gradient":""},"tablet":{"background-color":"","background-image":"","background-repeat":"repeat","background-position":"center center","background-size":"auto","background-attachment":"scroll","background-type":"","background-media":"","overlay-type":"","overlay-color":"","overlay-opacity":"","overlay-gradient":""},"mobile":{"background-color":"","background-image":"","background-repeat":"repeat","background-position":"center center","background-size":"auto","background-attachment":"scroll","background-type":"","background-media":"","overlay-type":"","overlay-color":"","overlay-opacity":"","overlay-gradient":""}},"ast-content-background-meta":{"desktop":{"background-color":"var(--ast-global-color-5)","background-image":"","background-repeat":"repeat","background-position":"center center","background-size":"auto","background-attachment":"scroll","background-type":"","background-media":"","overlay-type":"","overlay-color":"","overlay-opacity":"","overlay-gradient":""},"tablet":{"background-color":"var(--ast-global-color-5)","background-image":"","background-repeat":"repeat","background-position":"center center","background-size":"auto","background-attachment":"scroll","background-type":"","background-media":"","overlay-type":"","overlay-color":"","overlay-opacity":"","overlay-gradient":""},"mobile":{"background-color":"var(--ast-global-color-5)","background-image":"","background-repeat":"repeat","background-position":"center center","background-size":"auto","background-attachment":"scroll","background-type":"","background-media":"","overlay-type":"","overlay-color":"","overlay-opacity":"","overlay-gradient":""}},"footnotes":""},"class_list":["post-569","page","type-page","status-publish","hentry"],"yoast_head":"<!-- This site is optimized with the Yoast SEO plugin v27.3 - https:\/\/yoast.com\/product\/yoast-seo-wordpress\/ -->\n<title>Expedici\u00f3n y Recepci\u00f3n en seguridad con SportWeb.club<\/title>\n<meta name=\"description\" content=\"Experimente la entrega segura de su equipo deportivo con los servicios de env\u00edo recomendados por SportWeb.club.\" \/>\n<meta name=\"robots\" content=\"index, follow, max-snippet:-1, max-image-preview:large, max-video-preview:-1\" \/>\n<link rel=\"canonical\" href=\"https:\/\/sportweb.club\/send-and-receive-safely-at-sportweb-club\/\" \/>\n<meta property=\"og:locale\" content=\"es_ES\" \/>\n<meta property=\"og:type\" content=\"article\" \/>\n<meta property=\"og:title\" content=\"Expedici\u00f3n y Recepci\u00f3n en seguridad con SportWeb.club\" \/>\n<meta property=\"og:description\" content=\"Experimente la entrega segura de su equipo deportivo con los servicios de env\u00edo recomendados por SportWeb.club.\" \/>\n<meta property=\"og:url\" content=\"https:\/\/sportweb.club\/send-and-receive-safely-at-sportweb-club\/\" \/>\n<meta property=\"og:site_name\" content=\"SportWeb Club\" \/>\n<meta property=\"article:modified_time\" content=\"2024-01-29T18:02:13+00:00\" \/>\n<meta property=\"og:image\" content=\"https:\/\/sportweb.club\/wp-content\/uploads\/2023\/01\/sell-it-ship-it.png\" \/>\n\t<meta property=\"og:image:width\" content=\"390\" \/>\n\t<meta property=\"og:image:height\" content=\"260\" \/>\n\t<meta property=\"og:image:type\" content=\"image\/png\" \/>\n<meta name=\"twitter:card\" content=\"summary_large_image\" \/>\n<meta name=\"twitter:title\" content=\"Expedici\u00f3n y Recepci\u00f3n en seguridad con SportWeb.club\" \/>\n<meta name=\"twitter:description\" content=\"Experimente la entrega segura de su equipo deportivo con los servicios de env\u00edo recomendados por SportWeb.club.\" \/>\n<meta name=\"twitter:image\" content=\"https:\/\/sportweb.club\/wp-content\/uploads\/2023\/01\/sell-it-ship-it.png\" \/>\n<meta name=\"twitter:label1\" content=\"Tiempo de lectura\" \/>\n\t<meta name=\"twitter:data1\" content=\"4 minutos\" \/>\n<script type=\"application\/ld+json\" class=\"yoast-schema-graph\">{\"@context\":\"https:\\\/\\\/schema.org\",\"@graph\":[{\"@type\":\"WebPage\",\"@id\":\"https:\\\/\\\/sportweb.club\\\/send-and-receive-safely-at-sportweb-club\\\/\",\"url\":\"https:\\\/\\\/sportweb.club\\\/send-and-receive-safely-at-sportweb-club\\\/\",\"name\":\"Expedici\u00f3n y Recepci\u00f3n en seguridad con SportWeb.club\",\"isPartOf\":{\"@id\":\"https:\\\/\\\/sportweb.club\\\/#website\"},\"datePublished\":\"2024-01-20T15:37:45+00:00\",\"dateModified\":\"2024-01-29T18:02:13+00:00\",\"description\":\"Experimente la entrega segura de su equipo deportivo con los servicios de env\u00edo recomendados por SportWeb.club.\",\"breadcrumb\":{\"@id\":\"https:\\\/\\\/sportweb.club\\\/send-and-receive-safely-at-sportweb-club\\\/#breadcrumb\"},\"inLanguage\":\"es\",\"potentialAction\":[{\"@type\":\"ReadAction\",\"target\":[\"https:\\\/\\\/sportweb.club\\\/send-and-receive-safely-at-sportweb-club\\\/\"]}]},{\"@type\":\"BreadcrumbList\",\"@id\":\"https:\\\/\\\/sportweb.club\\\/send-and-receive-safely-at-sportweb-club\\\/#breadcrumb\",\"itemListElement\":[{\"@type\":\"ListItem\",\"position\":1,\"name\":\"Home\",\"item\":\"https:\\\/\\\/sportweb.club\\\/es\\\/\"},{\"@type\":\"ListItem\",\"position\":2,\"name\":\"Enviar &#038; Recibir\"}]},{\"@type\":\"WebSite\",\"@id\":\"https:\\\/\\\/sportweb.club\\\/#website\",\"url\":\"https:\\\/\\\/sportweb.club\\\/\",\"name\":\"SportWeb Club\",\"description\":\"The Marketplace to Buy and Sell Sports Products.\",\"publisher\":{\"@id\":\"https:\\\/\\\/sportweb.club\\\/#organization\"},\"potentialAction\":[{\"@type\":\"SearchAction\",\"target\":{\"@type\":\"EntryPoint\",\"urlTemplate\":\"https:\\\/\\\/sportweb.club\\\/?s={search_term_string}\"},\"query-input\":{\"@type\":\"PropertyValueSpecification\",\"valueRequired\":true,\"valueName\":\"search_term_string\"}}],\"inLanguage\":\"es\"},{\"@type\":\"Organization\",\"@id\":\"https:\\\/\\\/sportweb.club\\\/#organization\",\"name\":\"SportWeb Club\",\"url\":\"https:\\\/\\\/sportweb.club\\\/\",\"logo\":{\"@type\":\"ImageObject\",\"inLanguage\":\"es\",\"@id\":\"https:\\\/\\\/sportweb.club\\\/#\\\/schema\\\/logo\\\/image\\\/\",\"url\":\"https:\\\/\\\/sportweb.club\\\/wp-content\\\/uploads\\\/2023\\\/01\\\/sportweblogo.jpg\",\"contentUrl\":\"https:\\\/\\\/sportweb.club\\\/wp-content\\\/uploads\\\/2023\\\/01\\\/sportweblogo.jpg\",\"width\":450,\"height\":80,\"caption\":\"SportWeb Club\"},\"image\":{\"@id\":\"https:\\\/\\\/sportweb.club\\\/#\\\/schema\\\/logo\\\/image\\\/\"}}]}<\/script>\n<!-- \/ Yoast SEO plugin. -->","yoast_head_json":{"title":"Expedici\u00f3n y Recepci\u00f3n en seguridad con SportWeb.club","description":"Experimente la entrega segura de su equipo deportivo con los servicios de env\u00edo recomendados por SportWeb.club.","robots":{"index":"index","follow":"follow","max-snippet":"max-snippet:-1","max-image-preview":"max-image-preview:large","max-video-preview":"max-video-preview:-1"},"canonical":"https:\/\/sportweb.club\/send-and-receive-safely-at-sportweb-club\/","og_locale":"es_ES","og_type":"article","og_title":"Expedici\u00f3n y Recepci\u00f3n en seguridad con SportWeb.club","og_description":"Experimente la entrega segura de su equipo deportivo con los servicios de env\u00edo recomendados por SportWeb.club.","og_url":"https:\/\/sportweb.club\/send-and-receive-safely-at-sportweb-club\/","og_site_name":"SportWeb Club","article_modified_time":"2024-01-29T18:02:13+00:00","og_image":[{"width":390,"height":260,"url":"https:\/\/sportweb.club\/wp-content\/uploads\/2023\/01\/sell-it-ship-it.png","type":"image\/png"}],"twitter_card":"summary_large_image","twitter_title":"Expedici\u00f3n y Recepci\u00f3n en seguridad con SportWeb.club","twitter_description":"Experimente la entrega segura de su equipo deportivo con los servicios de env\u00edo recomendados por SportWeb.club.","twitter_image":"https:\/\/sportweb.club\/wp-content\/uploads\/2023\/01\/sell-it-ship-it.png","twitter_misc":{"Tiempo de lectura":"4 minutos"},"schema":{"@context":"https:\/\/schema.org","@graph":[{"@type":"WebPage","@id":"https:\/\/sportweb.club\/send-and-receive-safely-at-sportweb-club\/","url":"https:\/\/sportweb.club\/send-and-receive-safely-at-sportweb-club\/","name":"Expedici\u00f3n y Recepci\u00f3n en seguridad con SportWeb.club","isPartOf":{"@id":"https:\/\/sportweb.club\/#website"},"datePublished":"2024-01-20T15:37:45+00:00","dateModified":"2024-01-29T18:02:13+00:00","description":"Experimente la entrega segura de su equipo deportivo con los servicios de env\u00edo recomendados por SportWeb.club.","breadcrumb":{"@id":"https:\/\/sportweb.club\/send-and-receive-safely-at-sportweb-club\/#breadcrumb"},"inLanguage":"es","potentialAction":[{"@type":"ReadAction","target":["https:\/\/sportweb.club\/send-and-receive-safely-at-sportweb-club\/"]}]},{"@type":"BreadcrumbList","@id":"https:\/\/sportweb.club\/send-and-receive-safely-at-sportweb-club\/#breadcrumb","itemListElement":[{"@type":"ListItem","position":1,"name":"Home","item":"https:\/\/sportweb.club\/es\/"},{"@type":"ListItem","position":2,"name":"Enviar &#038; Recibir"}]},{"@type":"WebSite","@id":"https:\/\/sportweb.club\/#website","url":"https:\/\/sportweb.club\/","name":"SportWeb Club","description":"The Marketplace to Buy and Sell Sports Products.","publisher":{"@id":"https:\/\/sportweb.club\/#organization"},"potentialAction":[{"@type":"SearchAction","target":{"@type":"EntryPoint","urlTemplate":"https:\/\/sportweb.club\/?s={search_term_string}"},"query-input":{"@type":"PropertyValueSpecification","valueRequired":true,"valueName":"search_term_string"}}],"inLanguage":"es"},{"@type":"Organization","@id":"https:\/\/sportweb.club\/#organization","name":"SportWeb Club","url":"https:\/\/sportweb.club\/","logo":{"@type":"ImageObject","inLanguage":"es","@id":"https:\/\/sportweb.club\/#\/schema\/logo\/image\/","url":"https:\/\/sportweb.club\/wp-content\/uploads\/2023\/01\/sportweblogo.jpg","contentUrl":"https:\/\/sportweb.club\/wp-content\/uploads\/2023\/01\/sportweblogo.jpg","width":450,"height":80,"caption":"SportWeb Club"},"image":{"@id":"https:\/\/sportweb.club\/#\/schema\/logo\/image\/"}}]}},"_links":{"self":[{"href":"https:\/\/sportweb.club\/es\/wp-json\/wp\/v2\/pages\/569","targetHints":{"allow":["GET"]}}],"collection":[{"href":"https:\/\/sportweb.club\/es\/wp-json\/wp\/v2\/pages"}],"about":[{"href":"https:\/\/sportweb.club\/es\/wp-json\/wp\/v2\/types\/page"}],"author":[{"embeddable":true,"href":"https:\/\/sportweb.club\/es\/wp-json\/wp\/v2\/users\/1"}],"replies":[{"embeddable":true,"href":"https:\/\/sportweb.club\/es\/wp-json\/wp\/v2\/comments?post=569"}],"version-history":[{"count":9,"href":"https:\/\/sportweb.club\/es\/wp-json\/wp\/v2\/pages\/569\/revisions"}],"predecessor-version":[{"id":5067,"href":"https:\/\/sportweb.club\/es\/wp-json\/wp\/v2\/pages\/569\/revisions\/5067"}],"wp:attachment":[{"href":"https:\/\/sportweb.club\/es\/wp-json\/wp\/v2\/media?parent=569"}],"curies":[{"name":"wp","href":"https:\/\/api.w.org\/{rel}","templated":true}]}}