{"id":565,"date":"2024-01-20T15:34:01","date_gmt":"2024-01-20T15:34:01","guid":{"rendered":"https:\/\/sportwebclub.revolucionweb.es\/?page_id=565"},"modified":"2024-01-22T10:10:12","modified_gmt":"2024-01-22T10:10:12","slug":"vende-tu-material-deportivo-de-segunda-mano-en-sportweb-club","status":"publish","type":"page","link":"https:\/\/sportweb.club\/es\/vende-tu-material-deportivo-de-segunda-mano-en-sportweb-club\/","title":{"rendered":"Vender"},"content":{"rendered":"\t\t<div data-elementor-type=\"wp-page\" data-elementor-id=\"565\" class=\"elementor elementor-565 elementor-308\" data-elementor-post-type=\"page\">\n\t\t\t\t\t\t<section class=\"elementor-section elementor-top-section elementor-element elementor-element-524c5eea elementor-section-boxed elementor-section-height-default elementor-section-height-default\" data-id=\"524c5eea\" data-element_type=\"section\" data-e-type=\"section\">\n\t\t\t\t\t\t<div class=\"elementor-container elementor-column-gap-default\">\n\t\t\t\t\t<div class=\"elementor-column elementor-col-100 elementor-top-column elementor-element elementor-element-5be5f119\" data-id=\"5be5f119\" data-element_type=\"column\" data-e-type=\"column\">\n\t\t\t<div class=\"elementor-widget-wrap elementor-element-populated\">\n\t\t\t\t\t\t<div class=\"elementor-element elementor-element-15688c0d elementor-widget elementor-widget-text-editor\" data-id=\"15688c0d\" data-element_type=\"widget\" data-e-type=\"widget\" data-widget_type=\"text-editor.default\">\n\t\t\t\t<div class=\"elementor-widget-container\">\n\t\t\t\t\t\t\t\t\t<p><\/p>\n<p>Vender un art\u00edculo es f\u00e1cil. As\u00ed es como se hace:<\/p>\n<p><\/p>\n<p><\/p>\n<p>Publica un art\u00edculo.<\/p>\n<p><\/p>\n<p><\/p>\n<p>Sube algunas fotos geniales del art\u00edculo, escribe una descripci\u00f3n detallada y establece el precio del art\u00edculo.<\/p>\n<p><\/p>\n<p><\/p>\n<p>Enumerar m\u00e1s de un art\u00edculo le ayuda a vender m\u00e1s r\u00e1pido.<\/p>\n<p><\/p>\n<p><\/p>\n<p>Construye tu perfil.<\/p>\n<p><\/p>\n<p><\/p>\n<p>Configure y verifique su cuenta.<\/p>\n<p><\/p>\n<p><\/p>\n<p>Elija las opciones de env\u00edo y pago en su configuraci\u00f3n.<\/p>\n<p><\/p>\n<p><\/p>\n<p>Espere compradores.<\/p>\n<p><\/p>\n<p><\/p>\n<p>Est\u00e9 preparado para responder todas las preguntas de los compradores<\/p>\n<p><\/p>\n<p><\/p>\n<p>Se le notificar\u00e1 sobre todos los pasos de compra que ha realizado el comprador.<\/p>\n<p><\/p>\n<p><\/p>\n<p>\u00a1Est\u00e1 vendido!&nbsp;Hora de enviar<\/p>\n<p><\/p>\n<p><\/p>\n<p>\u00a1Empaca tu art\u00edculo!&nbsp;Un toque personal siempre es bueno.<\/p>\n<p><\/p>\n<p><\/p>\n<p>Env\u00ede el art\u00edculo con el m\u00e9todo que pag\u00f3 el comprador.<\/p>\n<p><\/p>\n<p><\/p>\n<p>Siga las instrucciones de env\u00edo, pero aseg\u00farese de enviar el art\u00edculo dentro de los 5 d\u00edas h\u00e1biles posteriores a la compra.<\/p>\n<p><\/p>\n<p><\/p>\n<p>Si el comprador ha elegido un m\u00e9todo de env\u00edo con seguimiento, ambos pueden realizar un seguimiento del viaje del art\u00edculo.<\/p>\n<p><\/p>\n<p><\/p>\n<p>\u00bfEntregado y todo est\u00e1 bien?<\/p>\n<p><\/p>\n<p><\/p>\n<p>\u00a1Este es el momento perfecto para dejar un comentario y estrellas para su comprador y decirle a otros lo que piensa!<\/p>\n<p><\/p>\n<p><\/p>\n<p>No olvide eliminar los anuncios de cada art\u00edculo vendido.<\/p>\n<p><\/p>\n<p><\/p>\n<p><strong>\u00bfQu\u00e9 puedo vender en SportWeb.Club?<\/strong><\/p>\n<p><\/p>\n<p><\/p>\n<p>SportWeb.Club es un lugar para vender:<\/p>\n<p><\/p>\n<p><\/p>\n<p>Art\u00edculos deportivos, ropa, calzado y complementos para mujer, hombre y ni\u00f1o relacionados con el deporte.&nbsp;Para qu\u00e9 no es SportWeb.Club<\/p>\n<p><\/p>\n<p><\/p>\n<p>1. Los siguientes art\u00edculos no se pueden vender en SportWeb.Club<\/p>\n<p><\/p>\n<p><\/p>\n<p>Art\u00edculos estrictamente prohibidos:<\/p>\n<p><\/p>\n<p><\/p>\n<p>Art\u00edculos que no cumplen con las leyes de su jurisdicci\u00f3n;<\/p>\n<p><\/p>\n<p><\/p>\n<p>Art\u00edculos falsificados, es decir, falsificaciones y r\u00e9plicas no autorizadas de productos reales;<\/p>\n<p><\/p>\n<p><\/p>\n<p>Muestras o art\u00edculos promocionales que recibi\u00f3 de forma gratuita;<\/p>\n<p><\/p>\n<p><\/p>\n<p>Productos recetados, medicamentos, suministros m\u00e9dicos profesionales, vitaminas, complementos alimenticios;<\/p>\n<p><\/p>\n<p><\/p>\n<p>Alimentos y bebidas;<\/p>\n<p><\/p>\n<p><\/p>\n<p>Drogas, parafernalia de drogas, productos de tabaco como cigarrillos, puros, pipas, cigarrillos electr\u00f3nicos, tambi\u00e9n vaporizadores u otros instrumentos y accesorios de vaporizaci\u00f3n;<\/p>\n<p><\/p>\n<p><\/p>\n<p>Uniformes oficiales, insignias, complementos o cualquier otro tipo de elementos de las fuerzas armadas, polic\u00eda o cualquier otro servicio de emergencia.<\/p>\n<p><\/p>\n<p><\/p>\n<p>Emblemas y nombres de ayuda humanitaria internacional individualmente o dentro de la ropa;<\/p>\n<p><\/p>\n<p><\/p>\n<p>Uniformes y complementos nazis, fascistas;<\/p>\n<p><\/p>\n<p><\/p>\n<p>Art\u00edculos que promuevan o muestren violencia, discriminaci\u00f3n, odio o crimen;<\/p>\n<p><\/p>\n<p><\/p>\n<p>Art\u00edculos autografiados (o art\u00edculos similares) sin un certificado de autenticidad confiable.<\/p>\n<p><\/p>\n<p><\/p>\n<p>2. Los art\u00edculos que no cumplen con las normas de higiene o representan un riesgo para su salud \/ seguridad:<\/p>\n<p><\/p>\n<p><\/p>\n<p>La ropa interior gastada, los sujetadores gastados, los trajes de ba\u00f1o y las medias se pueden vender siempre que est\u00e9n bien lavados y la descripci\u00f3n indique claramente que el art\u00edculo se ha usado.<\/p>\n<p><\/p>\n<p><\/p>\n<p>Est\u00e1 estrictamente prohibido vender art\u00edculos cosm\u00e9ticos.<\/p>\n<p><\/p>\n<p><\/p>\n<p>Productos electr\u00f3nicos y de alta tecnolog\u00eda (por ejemplo, tel\u00e9fonos m\u00f3viles, ordenadores, televisores, altavoces, c\u00e1maras, bancos de energ\u00eda, cables, cargadores de tel\u00e9fonos, lavadoras, lavavajillas, planchas, aspiradoras, etc.);<\/p>\n<p><\/p>\n<p><\/p>\n<p>Mobiliario, enseres dom\u00e9sticos, electrodom\u00e9sticos, herramientas y equipos de jardiner\u00eda;<\/p>\n<p><\/p>\n<p><\/p>\n<p>Colchones, almohadas, ropa de cama, mantas para adultos;<\/p>\n<p><\/p>\n<p><\/p>\n<p>Utensilios y aparatos de cocina, cuchillos, sartenes, ollas, cafeteras y art\u00edculos o aparatos similares para la preparaci\u00f3n de alimentos, art\u00edculos para el almacenamiento de alimentos;<\/p>\n<p><\/p>\n<p><\/p>\n<p>Revistas y art\u00edculos de papeler\u00eda para adultos, como cuadernos, agendas y calendarios;<\/p>\n<p><\/p>\n<p><\/p>\n<p>Pinturas, dibujos, fotograf\u00edas y otras obras de arte;<\/p>\n<p><\/p>\n<p><\/p>\n<p>Cat\u00e1logos de venta y productos pedidos a pedido, servicios profesionales o cualquier otro anuncio que promueva actividades comerciales;<\/p>\n<p><\/p>\n<p><\/p>\n<p>Bolsas para el polvo vac\u00edas, cajas de embalaje, bolsas de papel, cajas de regalo, cajas de mudanza<\/p>\n<p><\/p>\n<p><\/p>\n<p>Calendarios de Adviento, paquetes \/ paquetes sorpresa;<\/p>\n<p><\/p>\n<p><\/p>\n<p>Art\u00edculos sexualmente expl\u00edcitos como juguetes sexuales y art\u00edculos relacionados con fetiches;<\/p>\n<p><\/p>\n<p><\/p>\n<p>Accesorios o ropa para animales y los propios animales;<\/p>\n<p><\/p>\n<p><\/p>\n<p>Entradas para eventos, tarjetas regalo y cupones de descuento, suscripciones.<\/p>\n<p><\/p>\n<p><\/p>\n<p>Todos los elementos mencionados anteriormente, as\u00ed como los similares que no se incluyen en nuestras categor\u00edas aceptadas, ser\u00e1n eliminados u ocultos de la lista por nuestro equipo.<\/p>\n<p><\/p>\n<p><\/p>\n<p>Tenga en cuenta que si utiliza una funci\u00f3n paga para su anuncio y el anuncio viola nuestras reglas, no podremos reembolsar el costo de la funci\u00f3n despu\u00e9s de que eliminemos u ocultemos ese anuncio.<\/p>\n<p><\/p>\n<p><\/p>\n<p><strong>Recibiendo el pago<\/strong><\/p>\n<p><\/p>\n<p><\/p>\n<p>Los vendedores reciben sus pagos tan pronto como se completa un pedido siguiendo el m\u00e9todo de pago elegido por el comprador.<\/p>\n<p><\/p>\n<p><\/p>\n<p><strong>\u00a1Deja un comentario!<\/strong><\/p>\n<p><\/p>\n<p><\/p>\n<p>Dejar comentarios tanto para los compradores como para los vendedores es importante porque genera confianza entre los miembros de SportWeb.Club.<\/p>\n<p><\/p>\n<p><\/p>\n<p>Deja comentarios en tu hilo de conversaci\u00f3n<\/p>\n<p><\/p>\n<p><\/p>\n<p>Elija la cantidad de estrellas que le gustar\u00eda dar, agregue un comentario y env\u00edelo.<\/p>\n<p><\/p>\n<p><\/p>\n<p>Tambi\u00e9n puede dejar comentarios al ver el perfil de su vendedor o comprador y hacer click en su calificaci\u00f3n de estrellas.<\/p>\n<p><\/p>\n<p><\/p>\n<p>Puede editar o eliminar sus comentarios.&nbsp;Ver\u00e1 estas opciones debajo de los comentarios que dej\u00f3.<\/p>\n<p><\/p>\n<p><\/p>\n<p><strong>Consejos para el n\u00famero de estrellas:<\/strong><\/p>\n<p><\/p>\n<p><\/p>\n<p>\u00bfC\u00f3mo se calcula mi calificaci\u00f3n de comentarios?<\/p>\n<p><\/p>\n<p><\/p>\n<p>La opinion es la forma en que generamos confianza en la comunidad.<\/p>\n<p><\/p>\n<p><\/p>\n<p>C\u00f3mo funciona:<\/p>\n<p><\/p>\n<p><\/p>\n<p>Su calificaci\u00f3n de estrellas se basa en la cantidad promedio de estrellas que ha recibido.<\/p>\n<p><\/p>\n<p><\/p>\n<p>Solo los comentarios dejados por otros clientes afectan su calificaci\u00f3n de estrellas.<\/p>\n<p><\/p>\n<p><\/p>\n<p>Cada mensaje de opinion cuenta. Cuando un mismo cliente te deja m\u00e1s de una rese\u00f1a, se tendr\u00e1 en cuenta cada mensaje de opinion.<\/p>\n<p><\/p>\n<p><\/p>\n<p><strong>Cancelar un pedido<\/strong><\/p>\n<p><\/p>\n<p><\/p>\n<p>Un comprador y un vendedor pueden cancelar su pedido solo si el art\u00edculo a\u00fan no se ha enviado.<\/p>\n<p><\/p>\n<p><\/p>\n<p>Para cancelar su compra:<\/p>\n<p><\/p>\n<p><\/p>\n<p>Abra su pantalla de conversaci\u00f3n con el comprador<\/p>\n<p><\/p>\n<p><\/p>\n<p>Un acuerdo mutuo entre un comprador y un vendedor sobre la cancelaci\u00f3n de su pedido les ayudar\u00e1 a evitar comentarios negativos.<\/p>\n<p><\/p>\n<p><\/p>\n<p><strong>\u00bfLleg\u00f3 a un acuerdo con el comprador?<\/strong><\/p>\n<p><\/p>\n<p><\/p>\n<p>Si estuvo de acuerdo con el reembolso<\/p>\n<p><\/p>\n<p><\/p>\n<p>Organice la devoluci\u00f3n del art\u00edculo directamente con el comprador.&nbsp;Tan pronto como reciba un n\u00famero de seguimiento v\u00e1lido del paquete de devoluci\u00f3n del comprador, puede cancelar el pedido y reembolsarlo a trav\u00e9s del hilo de conversaci\u00f3n.&nbsp;Recomendamos encarecidamente que espere hasta que reciba al menos esta prueba antes de proceder con el reembolso.<\/p>\n<p><\/p>\n<p><\/p>\n<p>Si acord\u00f3 que el comprador se quedar\u00eda con el art\u00edculo, escriba Problema Resuelto en su hilo de conversaci\u00f3n con el comprador.<\/p>\n<p><\/p>\n<p><\/p>\n<p><strong>\u00bfNo puedes acordar el reembolso con el comprador?<\/strong><\/p>\n<p><\/p>\n<p><\/p>\n<p>P\u00eddenos que intervengamos.<\/p>\n<p><\/p>\n<p><\/p>\n<p>Si necesita ayuda para resolver un problema, comun\u00edquese con nosotros envi\u00e1ndonos un correo electr\u00f3nico describiendo su problema a contact@sportweb.club&nbsp; Analizaremos el caso para ayudarlo a encontrar la soluci\u00f3n.&nbsp;<\/p>\n<p><\/p>\t\t\t\t\t\t\t\t<\/div>\n\t\t\t\t<\/div>\n\t\t\t\t\t<\/div>\n\t\t<\/div>\n\t\t\t\t\t<\/div>\n\t\t<\/section>\n\t\t\t\t<\/div>\n\t\t","protected":false},"excerpt":{"rendered":"<p>Vender un art\u00edculo es f\u00e1cil. As\u00ed es como se hace: Publica un art\u00edculo. Sube algunas fotos geniales del art\u00edculo, escribe una descripci\u00f3n detallada y establece el precio del art\u00edculo. Enumerar m\u00e1s de un art\u00edculo le ayuda a vender m\u00e1s r\u00e1pido. Construye tu perfil. Configure y verifique su cuenta. Elija las opciones de env\u00edo y pago [&hellip;]<\/p>\n","protected":false},"author":1,"featured_media":0,"parent":0,"menu_order":0,"comment_status":"closed","ping_status":"closed","template":"","meta":{"site-sidebar-layout":"default","site-content-layout":"default","ast-site-content-layout":"","site-content-style":"default","site-sidebar-style":"default","ast-global-header-display":"","ast-banner-title-visibility":"","ast-main-header-display":"","ast-hfb-above-header-display":"","ast-hfb-below-header-display":"","ast-hfb-mobile-header-display":"","site-post-title":"","ast-breadcrumbs-content":"","ast-featured-img":"","footer-sml-layout":"","theme-transparent-header-meta":"default","adv-header-id-meta":"","stick-header-meta":"","header-above-stick-meta":"","header-main-stick-meta":"","header-below-stick-meta":"","astra-migrate-meta-layouts":"default","ast-page-background-enabled":"default","ast-page-background-meta":{"desktop":{"background-color":"var(--ast-global-color-4)","background-image":"","background-repeat":"repeat","background-position":"center center","background-size":"auto","background-attachment":"scroll","background-type":"","background-media":"","overlay-type":"","overlay-color":"","overlay-opacity":"","overlay-gradient":""},"tablet":{"background-color":"","background-image":"","background-repeat":"repeat","background-position":"center center","background-size":"auto","background-attachment":"scroll","background-type":"","background-media":"","overlay-type":"","overlay-color":"","overlay-opacity":"","overlay-gradient":""},"mobile":{"background-color":"","background-image":"","background-repeat":"repeat","background-position":"center center","background-size":"auto","background-attachment":"scroll","background-type":"","background-media":"","overlay-type":"","overlay-color":"","overlay-opacity":"","overlay-gradient":""}},"ast-content-background-meta":{"desktop":{"background-color":"var(--ast-global-color-5)","background-image":"","background-repeat":"repeat","background-position":"center center","background-size":"auto","background-attachment":"scroll","background-type":"","background-media":"","overlay-type":"","overlay-color":"","overlay-opacity":"","overlay-gradient":""},"tablet":{"background-color":"var(--ast-global-color-5)","background-image":"","background-repeat":"repeat","background-position":"center center","background-size":"auto","background-attachment":"scroll","background-type":"","background-media":"","overlay-type":"","overlay-color":"","overlay-opacity":"","overlay-gradient":""},"mobile":{"background-color":"var(--ast-global-color-5)","background-image":"","background-repeat":"repeat","background-position":"center center","background-size":"auto","background-attachment":"scroll","background-type":"","background-media":"","overlay-type":"","overlay-color":"","overlay-opacity":"","overlay-gradient":""}},"footnotes":""},"class_list":["post-565","page","type-page","status-publish","hentry"],"yoast_head":"<!-- This site is optimized with the Yoast SEO plugin v27.3 - https:\/\/yoast.com\/product\/yoast-seo-wordpress\/ -->\n<title>Vende tu Material Deportivo de Segunda Mano en Sportweb.club<\/title>\n<meta name=\"description\" content=\"SportWeb.Club, la nueva plataforma segura en l\u00ednea para vender art\u00edculos deportivos a los mejores precios directamente entre usuarios.\" \/>\n<meta name=\"robots\" content=\"index, follow, max-snippet:-1, max-image-preview:large, max-video-preview:-1\" \/>\n<link rel=\"canonical\" href=\"https:\/\/sportweb.club\/sell-your-secondhand-sports-equipment-on-sportweb-club\/\" \/>\n<meta property=\"og:locale\" content=\"es_ES\" \/>\n<meta property=\"og:type\" content=\"article\" \/>\n<meta property=\"og:title\" content=\"Vende tu Material Deportivo de Segunda Mano en Sportweb.club\" \/>\n<meta property=\"og:description\" content=\"SportWeb.Club, la nueva plataforma segura en l\u00ednea para vender art\u00edculos deportivos a los mejores precios directamente entre usuarios.\" \/>\n<meta property=\"og:url\" content=\"https:\/\/sportweb.club\/sell-your-secondhand-sports-equipment-on-sportweb-club\/\" \/>\n<meta property=\"og:site_name\" content=\"SportWeb Club\" \/>\n<meta property=\"article:modified_time\" content=\"2024-01-22T10:10:12+00:00\" \/>\n<meta property=\"og:image\" content=\"https:\/\/sportweb.club\/wp-content\/uploads\/2023\/08\/Giving-A-Second-Life-To-Non-Biodegradable-Sportswear.-Discover-Sportweb.club-a-place-where-you-can-offer-and-sell-your-used-sport-items-directly-between-users.jpeg\" \/>\n\t<meta property=\"og:image:width\" content=\"626\" \/>\n\t<meta property=\"og:image:height\" content=\"412\" \/>\n\t<meta property=\"og:image:type\" content=\"image\/jpeg\" \/>\n<meta name=\"twitter:card\" content=\"summary_large_image\" \/>\n<meta name=\"twitter:title\" content=\"Vende tu Material Deportivo de Segunda Mano en Sportweb.club\" \/>\n<meta name=\"twitter:description\" content=\"SportWeb.Club, la nueva plataforma segura en l\u00ednea para vender art\u00edculos deportivos a los mejores precios directamente entre usuarios.\" \/>\n<meta name=\"twitter:image\" content=\"https:\/\/sportweb.club\/wp-content\/uploads\/2023\/08\/Giving-A-Second-Life-To-Non-Biodegradable-Sportswear.-Discover-Sportweb.club-a-place-where-you-can-offer-and-sell-your-used-sport-items-directly-between-users.jpeg\" \/>\n<meta name=\"twitter:label1\" content=\"Tiempo de lectura\" \/>\n\t<meta name=\"twitter:data1\" content=\"5 minutos\" \/>\n<script type=\"application\/ld+json\" class=\"yoast-schema-graph\">{\"@context\":\"https:\\\/\\\/schema.org\",\"@graph\":[{\"@type\":\"WebPage\",\"@id\":\"https:\\\/\\\/sportweb.club\\\/sell-your-secondhand-sports-equipment-on-sportweb-club\\\/\",\"url\":\"https:\\\/\\\/sportweb.club\\\/sell-your-secondhand-sports-equipment-on-sportweb-club\\\/\",\"name\":\"Vende tu Material Deportivo de Segunda Mano en Sportweb.club\",\"isPartOf\":{\"@id\":\"https:\\\/\\\/sportweb.club\\\/#website\"},\"datePublished\":\"2024-01-20T15:34:01+00:00\",\"dateModified\":\"2024-01-22T10:10:12+00:00\",\"description\":\"SportWeb.Club, la nueva plataforma segura en l\u00ednea para vender art\u00edculos deportivos a los mejores precios directamente entre usuarios.\",\"breadcrumb\":{\"@id\":\"https:\\\/\\\/sportweb.club\\\/sell-your-secondhand-sports-equipment-on-sportweb-club\\\/#breadcrumb\"},\"inLanguage\":\"es\",\"potentialAction\":[{\"@type\":\"ReadAction\",\"target\":[\"https:\\\/\\\/sportweb.club\\\/sell-your-secondhand-sports-equipment-on-sportweb-club\\\/\"]}]},{\"@type\":\"BreadcrumbList\",\"@id\":\"https:\\\/\\\/sportweb.club\\\/sell-your-secondhand-sports-equipment-on-sportweb-club\\\/#breadcrumb\",\"itemListElement\":[{\"@type\":\"ListItem\",\"position\":1,\"name\":\"Home\",\"item\":\"https:\\\/\\\/sportweb.club\\\/es\\\/\"},{\"@type\":\"ListItem\",\"position\":2,\"name\":\"Vender\"}]},{\"@type\":\"WebSite\",\"@id\":\"https:\\\/\\\/sportweb.club\\\/#website\",\"url\":\"https:\\\/\\\/sportweb.club\\\/\",\"name\":\"SportWeb Club\",\"description\":\"The Marketplace to Buy and Sell Sports Products.\",\"publisher\":{\"@id\":\"https:\\\/\\\/sportweb.club\\\/#organization\"},\"potentialAction\":[{\"@type\":\"SearchAction\",\"target\":{\"@type\":\"EntryPoint\",\"urlTemplate\":\"https:\\\/\\\/sportweb.club\\\/?s={search_term_string}\"},\"query-input\":{\"@type\":\"PropertyValueSpecification\",\"valueRequired\":true,\"valueName\":\"search_term_string\"}}],\"inLanguage\":\"es\"},{\"@type\":\"Organization\",\"@id\":\"https:\\\/\\\/sportweb.club\\\/#organization\",\"name\":\"SportWeb Club\",\"url\":\"https:\\\/\\\/sportweb.club\\\/\",\"logo\":{\"@type\":\"ImageObject\",\"inLanguage\":\"es\",\"@id\":\"https:\\\/\\\/sportweb.club\\\/#\\\/schema\\\/logo\\\/image\\\/\",\"url\":\"https:\\\/\\\/sportweb.club\\\/wp-content\\\/uploads\\\/2023\\\/01\\\/sportweblogo.jpg\",\"contentUrl\":\"https:\\\/\\\/sportweb.club\\\/wp-content\\\/uploads\\\/2023\\\/01\\\/sportweblogo.jpg\",\"width\":450,\"height\":80,\"caption\":\"SportWeb Club\"},\"image\":{\"@id\":\"https:\\\/\\\/sportweb.club\\\/#\\\/schema\\\/logo\\\/image\\\/\"}}]}<\/script>\n<!-- \/ Yoast SEO plugin. -->","yoast_head_json":{"title":"Vende tu Material Deportivo de Segunda Mano en Sportweb.club","description":"SportWeb.Club, la nueva plataforma segura en l\u00ednea para vender art\u00edculos deportivos a los mejores precios directamente entre usuarios.","robots":{"index":"index","follow":"follow","max-snippet":"max-snippet:-1","max-image-preview":"max-image-preview:large","max-video-preview":"max-video-preview:-1"},"canonical":"https:\/\/sportweb.club\/sell-your-secondhand-sports-equipment-on-sportweb-club\/","og_locale":"es_ES","og_type":"article","og_title":"Vende tu Material Deportivo de Segunda Mano en Sportweb.club","og_description":"SportWeb.Club, la nueva plataforma segura en l\u00ednea para vender art\u00edculos deportivos a los mejores precios directamente entre usuarios.","og_url":"https:\/\/sportweb.club\/sell-your-secondhand-sports-equipment-on-sportweb-club\/","og_site_name":"SportWeb Club","article_modified_time":"2024-01-22T10:10:12+00:00","og_image":[{"width":626,"height":412,"url":"https:\/\/sportweb.club\/wp-content\/uploads\/2023\/08\/Giving-A-Second-Life-To-Non-Biodegradable-Sportswear.-Discover-Sportweb.club-a-place-where-you-can-offer-and-sell-your-used-sport-items-directly-between-users.jpeg","type":"image\/jpeg"}],"twitter_card":"summary_large_image","twitter_title":"Vende tu Material Deportivo de Segunda Mano en Sportweb.club","twitter_description":"SportWeb.Club, la nueva plataforma segura en l\u00ednea para vender art\u00edculos deportivos a los mejores precios directamente entre usuarios.","twitter_image":"https:\/\/sportweb.club\/wp-content\/uploads\/2023\/08\/Giving-A-Second-Life-To-Non-Biodegradable-Sportswear.-Discover-Sportweb.club-a-place-where-you-can-offer-and-sell-your-used-sport-items-directly-between-users.jpeg","twitter_misc":{"Tiempo de lectura":"5 minutos"},"schema":{"@context":"https:\/\/schema.org","@graph":[{"@type":"WebPage","@id":"https:\/\/sportweb.club\/sell-your-secondhand-sports-equipment-on-sportweb-club\/","url":"https:\/\/sportweb.club\/sell-your-secondhand-sports-equipment-on-sportweb-club\/","name":"Vende tu Material Deportivo de Segunda Mano en Sportweb.club","isPartOf":{"@id":"https:\/\/sportweb.club\/#website"},"datePublished":"2024-01-20T15:34:01+00:00","dateModified":"2024-01-22T10:10:12+00:00","description":"SportWeb.Club, la nueva plataforma segura en l\u00ednea para vender art\u00edculos deportivos a los mejores precios directamente entre usuarios.","breadcrumb":{"@id":"https:\/\/sportweb.club\/sell-your-secondhand-sports-equipment-on-sportweb-club\/#breadcrumb"},"inLanguage":"es","potentialAction":[{"@type":"ReadAction","target":["https:\/\/sportweb.club\/sell-your-secondhand-sports-equipment-on-sportweb-club\/"]}]},{"@type":"BreadcrumbList","@id":"https:\/\/sportweb.club\/sell-your-secondhand-sports-equipment-on-sportweb-club\/#breadcrumb","itemListElement":[{"@type":"ListItem","position":1,"name":"Home","item":"https:\/\/sportweb.club\/es\/"},{"@type":"ListItem","position":2,"name":"Vender"}]},{"@type":"WebSite","@id":"https:\/\/sportweb.club\/#website","url":"https:\/\/sportweb.club\/","name":"SportWeb Club","description":"The Marketplace to Buy and Sell Sports Products.","publisher":{"@id":"https:\/\/sportweb.club\/#organization"},"potentialAction":[{"@type":"SearchAction","target":{"@type":"EntryPoint","urlTemplate":"https:\/\/sportweb.club\/?s={search_term_string}"},"query-input":{"@type":"PropertyValueSpecification","valueRequired":true,"valueName":"search_term_string"}}],"inLanguage":"es"},{"@type":"Organization","@id":"https:\/\/sportweb.club\/#organization","name":"SportWeb Club","url":"https:\/\/sportweb.club\/","logo":{"@type":"ImageObject","inLanguage":"es","@id":"https:\/\/sportweb.club\/#\/schema\/logo\/image\/","url":"https:\/\/sportweb.club\/wp-content\/uploads\/2023\/01\/sportweblogo.jpg","contentUrl":"https:\/\/sportweb.club\/wp-content\/uploads\/2023\/01\/sportweblogo.jpg","width":450,"height":80,"caption":"SportWeb Club"},"image":{"@id":"https:\/\/sportweb.club\/#\/schema\/logo\/image\/"}}]}},"_links":{"self":[{"href":"https:\/\/sportweb.club\/es\/wp-json\/wp\/v2\/pages\/565","targetHints":{"allow":["GET"]}}],"collection":[{"href":"https:\/\/sportweb.club\/es\/wp-json\/wp\/v2\/pages"}],"about":[{"href":"https:\/\/sportweb.club\/es\/wp-json\/wp\/v2\/types\/page"}],"author":[{"embeddable":true,"href":"https:\/\/sportweb.club\/es\/wp-json\/wp\/v2\/users\/1"}],"replies":[{"embeddable":true,"href":"https:\/\/sportweb.club\/es\/wp-json\/wp\/v2\/comments?post=565"}],"version-history":[{"count":8,"href":"https:\/\/sportweb.club\/es\/wp-json\/wp\/v2\/pages\/565\/revisions"}],"predecessor-version":[{"id":5039,"href":"https:\/\/sportweb.club\/es\/wp-json\/wp\/v2\/pages\/565\/revisions\/5039"}],"wp:attachment":[{"href":"https:\/\/sportweb.club\/es\/wp-json\/wp\/v2\/media?parent=565"}],"curies":[{"name":"wp","href":"https:\/\/api.w.org\/{rel}","templated":true}]}}