{"id":533,"date":"2024-01-09T15:37:04","date_gmt":"2024-01-09T15:37:04","guid":{"rendered":"https:\/\/sportwebclub.revolucionweb.es\/?page_id=533"},"modified":"2024-01-19T10:35:34","modified_gmt":"2024-01-19T10:35:34","slug":"compra-tu-material-deportivo-de-segunda-mano-en-sportweb-club","status":"publish","type":"page","link":"https:\/\/sportweb.club\/es\/compra-tu-material-deportivo-de-segunda-mano-en-sportweb-club\/","title":{"rendered":"Comprar"},"content":{"rendered":"\t\t<div data-elementor-type=\"wp-page\" data-elementor-id=\"533\" class=\"elementor elementor-533 elementor-311\" data-elementor-post-type=\"page\">\n\t\t\t\t\t\t<section class=\"elementor-section elementor-top-section elementor-element elementor-element-473ce8ab elementor-section-boxed elementor-section-height-default elementor-section-height-default\" data-id=\"473ce8ab\" data-element_type=\"section\" data-e-type=\"section\">\n\t\t\t\t\t\t<div class=\"elementor-container elementor-column-gap-default\">\n\t\t\t\t\t<div class=\"elementor-column elementor-col-100 elementor-top-column elementor-element elementor-element-6e14ced7\" data-id=\"6e14ced7\" data-element_type=\"column\" data-e-type=\"column\">\n\t\t\t<div class=\"elementor-widget-wrap elementor-element-populated\">\n\t\t\t\t\t\t<div class=\"elementor-element elementor-element-d097338 elementor-widget__width-initial elementor-widget elementor-widget-text-editor\" data-id=\"d097338\" data-element_type=\"widget\" data-e-type=\"widget\" data-widget_type=\"text-editor.default\">\n\t\t\t\t<div class=\"elementor-widget-container\">\n\t\t\t\t\t\t\t\t\t<p><\/p>\n<p><span style=\"background-color: var(--ast-global-color-5); color: var(--ast-global-color-3); font-style: inherit; font-weight: inherit;\">Consejos de compra:<\/span><br><\/p>\n<p><\/p>\n<p><\/p>\n<p>Si ve el perfil de un vendedor con muchos comentarios positivos, significa que probablemente tendr\u00e1 una gran experiencia compr\u00e1ndole.<\/p>\n<p><\/p>\n<p><\/p>\n<p>Haga todas las preguntas que tenga sobre el art\u00edculo para que se sienta c\u00f3modo con su compra.&nbsp;Le ahorra tiempo porque re\u00fane toda la informaci\u00f3n antes de que el paquete aparezca en su puerta.&nbsp;\u00a1Tambi\u00e9n puedes pedir fotos adicionales!<\/p>\n<p><\/p>\n<p><\/p>\n<p>Sugerimos usar PayPal por razones de seguridad.<\/p>\n<p><\/p>\n<p><\/p>\n<p><strong>Comprar paso a paso<\/strong><\/p>\n<p><\/p>\n<p><\/p>\n<p>Encu\u00e9ntra un art\u00edculo que te guste y chatea con el vendedor.<\/p>\n<p><\/p>\n<p><\/p>\n<p>Inicie una conversaci\u00f3n con el vendedor<\/p>\n<p><\/p>\n<p><\/p>\n<p>Desde el hilo de conversaci\u00f3n puedes:<\/p>\n<p><\/p>\n<p><\/p>\n<p>Chatear con el vendedor o Llamar el vendedor.<\/p>\n<p><\/p>\n<p><\/p>\n<p>Ofrecer un nuevo precio.<\/p>\n<p><\/p>\n<p><\/p>\n<p>Comprar el art\u00edculo de inmediato.<\/p>\n<p><\/p>\n<p><\/p>\n<p>Aclarar cualquier duda que tenga sobre el art\u00edculo.<\/p>\n<p><\/p>\n<p><\/p>\n<p>Comprando el articulo:<\/p>\n<p><\/p>\n<p><\/p>\n<p>Ya sea en la lista del art\u00edculo o en la pantalla de conversaci\u00f3n, puede realizar su compra.<\/p>\n<p><\/p>\n<p><\/p>\n<p>Recibiendo tu art\u00edculo:<\/p>\n<p><\/p>\n<p><\/p>\n<p>\u00bfTodo pagado?&nbsp;\u00a1Estupendo!&nbsp;Ahora solo espera a que llegue tu art\u00edculo.<\/p>\n<p><\/p>\n<p><\/p>\n<p>El vendedor tiene 5 d\u00edas para enviar su nuevo tesoro.<\/p>\n<p><\/p>\n<p><\/p>\n<p>Podr\u00e1 realizar un seguimiento del estado de entrega de su paquete con un N\u00famero de Seguimiento.<\/p>\n<p><\/p>\n<p><\/p>\n<p>La entrega suele tardar hasta 5 d\u00edas laborables, pero a veces puede tardar un poco m\u00e1s.<\/p>\n<p><\/p>\n<p><\/p>\n<p>Despu\u00e9s de la entrega de su art\u00edculo, tendr\u00e1 2 opciones:<\/p>\n<p><\/p>\n<p><\/p>\n<p>Todo est\u00e1 bien, deja una rese\u00f1a con estrellas.<\/p>\n<p><\/p>\n<p><\/p>\n<p>Tengo un problema: si su art\u00edculo no ha llegado, lleg\u00f3 da\u00f1ado o no coincide con la descripci\u00f3n, comun\u00edquese primero con el vendedor para encontrar una \u201cSoluci\u00f3n Amistosa\u201d, si no es posible, cont\u00e1ctenos.<\/p>\n<p><\/p>\n<p><\/p>\n<p><strong>El tiempo de entrega<\/strong><\/p>\n<p><\/p>\n<p><\/p>\n<p>El tiempo de entrega de un art\u00edculo depende del servicio de env\u00edo que elija el comprador y del tiempo de manipulaci\u00f3n del vendedor.&nbsp;Los compradores pueden ver la fecha de entrega estimada de su pedido al finalizar la compra.&nbsp;Adem\u00e1s, ser\u00e1n notificados una vez que el vendedor env\u00ede su art\u00edculo.<\/p>\n<p><\/p>\n<p><\/p>\n<p>Tiempo de manipulaci\u00f3n del vendedor:<\/p>\n<p><\/p>\n<p><\/p>\n<p>Los vendedores tienen hasta 5 d\u00edas h\u00e1biles para enviar el art\u00edculo, dependiendo del m\u00e9todo de env\u00edo que haya elegido su comprador.<\/p>\n<p><\/p>\n<p><\/p>\n<p>Tiempo de env\u00edo:<\/p>\n<p><\/p>\n<p><\/p>\n<p>El tiempo de env\u00edo var\u00eda seg\u00fan el destino del paquete, as\u00ed como el proveedor de env\u00edo: por lo general, demora de 2 a 3 d\u00edas h\u00e1biles, pero a veces puede ser m\u00e1s largo.<\/p>\n<p><\/p>\n<p><\/p>\n<p>Los s\u00e1bados, domingos y los principales feriados nacionales generalmente no se incluyen en las estimaciones de tiempo de tr\u00e1nsito.<\/p>\n<p><\/p>\n<p><\/p>\n<p><strong>Seguimiento de paquetes<\/strong><\/p>\n<p><\/p>\n<p><\/p>\n<p>Tanto los compradores como los vendedores pueden rastrear su paquete en el hilo de mensajes.&nbsp;All\u00ed pueden ver d\u00f3nde est\u00e1 el paquete y su tiempo de entrega previsto a trav\u00e9s de la web de la empresa transportadora con n\u00famero de seguimiento.<\/p>\n<p><\/p>\n<p><\/p>\n<p>Resolver problemas con la entrega:<\/p>\n<p><\/p>\n<p><\/p>\n<p>Si es un comprador y su art\u00edculo no ha llegado, lleg\u00f3 da\u00f1ado o tiene una discrepancia significativa con la descripci\u00f3n, aseg\u00farese de notificar al vendedor \u201cTengo un Problema\u201d dentro de los siguientes plazos:<\/p>\n<p><\/p>\n<p><\/p>\n<p>Dentro de los 2 d\u00edas posteriores a la entrega de su art\u00edculo si no es significativamente como se describe o est\u00e1 da\u00f1ado, o Dentro de los 2 d\u00edas posteriores a la fecha de entrega esperada si el art\u00edculo no ha llegado:<\/p>\n<p><\/p>\n<p><\/p>\n<p><strong>Cancelar un pedido<\/strong><\/p>\n<p><\/p>\n<p><\/p>\n<p>Un comprador y un vendedor pueden cancelar su pedido solo si el art\u00edculo a\u00fan no se ha enviado.<\/p>\n<p><\/p>\n<p><\/p>\n<p>Para cancelar su compra:<\/p>\n<p><\/p>\n<p><\/p>\n<p>Abra su pantalla de conversaci\u00f3n con el vendedor.<\/p>\n<p><\/p>\n<p><\/p>\n<p>Un acuerdo mutuo entre un comprador y un vendedor sobre la cancelaci\u00f3n de su pedido les ayudar\u00e1 a evitar comentarios negativos.<\/p>\n<p><\/p>\n<p><\/p>\n<p><strong>Devolver un art\u00edculo<\/strong><\/p>\n<p><\/p>\n<p><\/p>\n<p>Si su art\u00edculo se da\u00f1\u00f3 durante el transporte o no es significativamente como se describe, puede devolverlo y solicitar un reembolso.&nbsp;Si el art\u00edculo no le queda o no le gusta, solo puede devolverlo si su vendedor lo acepta.<\/p>\n<p><\/p>\n<p><\/p>\n<p>Importante:<\/p>\n<p><\/p>\n<p><\/p>\n<p>Debes devolver el art\u00edculo en las mismas condiciones en las que lo recibiste, es decir, no puedes lavarlo ni usarlo.<\/p>\n<p><\/p>\n<p><\/p>\n<p><strong>Iniciar una devoluci\u00f3n<\/strong><\/p>\n<p><\/p>\n<p><\/p>\n<p>Si el art\u00edculo que recibi\u00f3 se da\u00f1\u00f3 durante el transporte o difiere significativamente de la descripci\u00f3n, estos son los pasos que debe seguir: En el hilo de conversaci\u00f3n con su vendedor, escriba \u201cTengo un problema\u201d dentro de los 2 d\u00edas posteriores a la entrega del art\u00edculo.<\/p>\n<p><\/p>\n<p><\/p>\n<p>Proporcione al vendedor la evidencia que le demuestre que el art\u00edculo lleg\u00f3 da\u00f1ado durante el transporte o que no coincide de manera significativa con la descripci\u00f3n.&nbsp;La evidencia puede ser fotos con cualquiera de los siguientes:<\/p>\n<p><\/p>\n<p><\/p>\n<p>El art\u00edculo con la (s) pieza (s) da\u00f1ada (s) visibles.<\/p>\n<p><\/p>\n<p><\/p>\n<p>El embalaje del art\u00edculo muestra la (s) pieza (s) da\u00f1ada (s).<\/p>\n<p><\/p>\n<p><\/p>\n<p>Las partes del art\u00edculo que no coinciden con la descripci\u00f3n del art\u00edculo.<\/p>\n<p><\/p>\n<p><\/p>\n<p>Busque una soluci\u00f3n con el vendedor.&nbsp;Discuta las opciones de reembolso y env\u00edo de devoluci\u00f3n del art\u00edculo:<\/p>\n<p><\/p>\n<p><\/p>\n<p>El vendedor puede pedirle que devuelva el art\u00edculo y le reembolse el pago.<\/p>\n<p><\/p>\n<p><\/p>\n<p>Luego, seg\u00fan su conversaci\u00f3n con el vendedor, contin\u00fae con uno de los escenarios que se describen a continuaci\u00f3n.<\/p>\n<p><\/p>\n<p><\/p>\n<p><strong>\u00bfLleg\u00f3 a un acuerdo con el vendedor?<\/strong><\/p>\n<p><\/p>\n<p><\/p>\n<p>Si estuvo de acuerdo con el reembolso:<\/p>\n<p><\/p>\n<p><\/p>\n<p>Organice la devoluci\u00f3n del art\u00edculo directamente con el vendedor.<\/p>\n<p><\/p>\n<p><\/p>\n<p>Tan pronto como el vendedor reciba un n\u00famero de seguimiento v\u00e1lido del paquete de devoluci\u00f3n de su parte, puede cancelar el pedido y reembolsarle.<\/p>\n<p><\/p>\n<p><\/p>\n<p>Aseg\u00farese de compartir el n\u00famero de seguimiento del paquete con el vendedor.&nbsp;Les recomendamos encarecidamente que esperen hasta recibir al menos esta prueba antes de proceder con el reembolso.<\/p>\n<p><\/p>\n<p><\/p>\n<p>Si acord\u00f3 que usted (el comprador) se quedar\u00eda con el art\u00edculo, confirme en su hilo de conversaci\u00f3n con el vendedor.<\/p>\n<p><\/p>\n<p><\/p>\n<p><strong>\u00bfNo puedes acordar el reembolso con el vendedor?<\/strong><\/p>\n<p><\/p>\n<p><\/p>\n<p>P\u00eddenos que intervengamos.<\/p>\n<p><\/p>\n<p><\/p>\n<p>Si necesita ayuda para resolver el problema, comun\u00edquese con nosotros escribiendo un correo electr\u00f3nico describiendo su problema a contact@sportweb.club Analizaremos el caso para ayudarle a encontrar una soluci\u00f3n.<\/p>\n<p><\/p>\n<p><\/p>\n<p><strong>Pr\u00f3ximos pasos a seguir<\/strong><\/p>\n<p><\/p>\n<p><\/p>\n<p>Si se confirma la devoluci\u00f3n del art\u00edculo, haga lo siguiente:<\/p>\n<p><\/p>\n<p><\/p>\n<p>Env\u00ede el art\u00edculo al vendedor en un plazo de 5 d\u00edas mediante un m\u00e9todo de env\u00edo con seguimiento.<\/p>\n<p><\/p>\n<p><\/p>\n<p>Env\u00edele la siguiente informaci\u00f3n:<\/p>\n<p><\/p>\n<p><\/p>\n<p>N\u00famero de seguimiento v\u00e1lido del paquete.<\/p>\n<p><\/p>\n<p><\/p>\n<p>Foto del art\u00edculo en el embalaje.<\/p>\n<p><\/p>\n<p><\/p>\n<p>Foto de la etiqueta de env\u00edo (con el c\u00f3digo de seguimiento, los nombres del remitente y del destinatario visibles). A menos que algo est\u00e9 mal, \u00e9l resolver\u00e1 el reembolso por usted.<\/p>\n<p><\/p>\n<p><\/p>\n<p>Si el art\u00edculo que compraste no te queda.<\/p>\n<p><\/p>\n<p><\/p>\n<p>Desafortunadamente, en esta situaci\u00f3n no puede reclamar un reembolso a menos que el vendedor acepte la devoluci\u00f3n despu\u00e9s de que usted lo contacte en privado.<\/p>\n<p><\/p>\n<p><\/p>\n<p>Si este es el caso, deber\u00e1 acordar las condiciones de devoluci\u00f3n con \u00e9l.<\/p>\n<p><\/p>\n<p><\/p>\n<p><strong>Devoluciones<\/strong><\/p>\n<p><\/p>\n<p><\/p>\n<p>A menos que acuerde lo contrario con su vendedor, normalmente deber\u00e1 cubrir los gastos de env\u00edo de devoluci\u00f3n.<\/p>\n<p><\/p>\n<p><\/p>\n<p>tenga en cuenta:<\/p>\n<p><\/p>\n<p><\/p>\n<p>En algunos casos, cuando hay fuertes indicios de que el art\u00edculo que recibi\u00f3 es una falsificaci\u00f3n, es posible que no tenga que devolv\u00e9rselo al vendedor.&nbsp;En esta situaci\u00f3n, es posible que le pidamos que coopere con nosotros.<\/p>\n<p><\/p>\t\t\t\t\t\t\t\t<\/div>\n\t\t\t\t<\/div>\n\t\t\t\t\t<\/div>\n\t\t<\/div>\n\t\t\t\t\t<\/div>\n\t\t<\/section>\n\t\t\t\t<\/div>\n\t\t","protected":false},"excerpt":{"rendered":"<p>Consejos de compra: Si ve el perfil de un vendedor con muchos comentarios positivos, significa que probablemente tendr\u00e1 una gran experiencia compr\u00e1ndole. Haga todas las preguntas que tenga sobre el art\u00edculo para que se sienta c\u00f3modo con su compra.\u00a0Le ahorra tiempo porque re\u00fane toda la informaci\u00f3n antes de que el paquete aparezca en su puerta.\u00a0\u00a1Tambi\u00e9n [&hellip;]<\/p>\n","protected":false},"author":1,"featured_media":0,"parent":0,"menu_order":0,"comment_status":"closed","ping_status":"closed","template":"","meta":{"site-sidebar-layout":"default","site-content-layout":"default","ast-site-content-layout":"","site-content-style":"default","site-sidebar-style":"default","ast-global-header-display":"","ast-banner-title-visibility":"","ast-main-header-display":"","ast-hfb-above-header-display":"","ast-hfb-below-header-display":"","ast-hfb-mobile-header-display":"","site-post-title":"","ast-breadcrumbs-content":"","ast-featured-img":"","footer-sml-layout":"","theme-transparent-header-meta":"default","adv-header-id-meta":"","stick-header-meta":"","header-above-stick-meta":"","header-main-stick-meta":"","header-below-stick-meta":"","astra-migrate-meta-layouts":"default","ast-page-background-enabled":"default","ast-page-background-meta":{"desktop":{"background-color":"var(--ast-global-color-4)","background-image":"","background-repeat":"repeat","background-position":"center center","background-size":"auto","background-attachment":"scroll","background-type":"","background-media":"","overlay-type":"","overlay-color":"","overlay-opacity":"","overlay-gradient":""},"tablet":{"background-color":"","background-image":"","background-repeat":"repeat","background-position":"center center","background-size":"auto","background-attachment":"scroll","background-type":"","background-media":"","overlay-type":"","overlay-color":"","overlay-opacity":"","overlay-gradient":""},"mobile":{"background-color":"","background-image":"","background-repeat":"repeat","background-position":"center center","background-size":"auto","background-attachment":"scroll","background-type":"","background-media":"","overlay-type":"","overlay-color":"","overlay-opacity":"","overlay-gradient":""}},"ast-content-background-meta":{"desktop":{"background-color":"var(--ast-global-color-5)","background-image":"","background-repeat":"repeat","background-position":"center center","background-size":"auto","background-attachment":"scroll","background-type":"","background-media":"","overlay-type":"","overlay-color":"","overlay-opacity":"","overlay-gradient":""},"tablet":{"background-color":"var(--ast-global-color-5)","background-image":"","background-repeat":"repeat","background-position":"center center","background-size":"auto","background-attachment":"scroll","background-type":"","background-media":"","overlay-type":"","overlay-color":"","overlay-opacity":"","overlay-gradient":""},"mobile":{"background-color":"var(--ast-global-color-5)","background-image":"","background-repeat":"repeat","background-position":"center center","background-size":"auto","background-attachment":"scroll","background-type":"","background-media":"","overlay-type":"","overlay-color":"","overlay-opacity":"","overlay-gradient":""}},"footnotes":""},"class_list":["post-533","page","type-page","status-publish","hentry"],"yoast_head":"<!-- This site is optimized with the Yoast SEO plugin v27.3 - https:\/\/yoast.com\/product\/yoast-seo-wordpress\/ -->\n<title>Compra tu Material Deportivo de Segunda Mano en Sportweb.Club<\/title>\n<meta name=\"description\" content=\"SportWeb.Club la nueva plataforma para comprar material deportivo de segunda mano a los mejores precios del mercado en l\u00ednea. \u00a1Visita ahora!\" \/>\n<meta name=\"robots\" content=\"index, follow, max-snippet:-1, max-image-preview:large, max-video-preview:-1\" \/>\n<link rel=\"canonical\" href=\"https:\/\/sportweb.club\/buy-your-secondhand-sports-equipment-on-sportweb-club\/\" \/>\n<meta property=\"og:locale\" content=\"es_ES\" \/>\n<meta property=\"og:type\" content=\"article\" \/>\n<meta property=\"og:title\" content=\"Compra material deportivo de segunda mano en Sportweb.Club\" \/>\n<meta property=\"og:description\" content=\"SportWeb.Club la nueva plataforma para comprar material deportivo de segunda mano a los mejores precios del mercado en l\u00ednea. \u00a1Visita ahora!\" \/>\n<meta property=\"og:url\" content=\"https:\/\/sportweb.club\/buy-your-secondhand-sports-equipment-on-sportweb-club\/\" \/>\n<meta property=\"og:site_name\" content=\"SportWeb Club\" \/>\n<meta property=\"article:modified_time\" content=\"2024-01-19T10:35:34+00:00\" \/>\n<meta property=\"og:image\" content=\"https:\/\/sportweb.club\/wp-content\/uploads\/2023\/01\/buy-it.png\" \/>\n\t<meta property=\"og:image:width\" content=\"396\" \/>\n\t<meta property=\"og:image:height\" content=\"260\" \/>\n\t<meta property=\"og:image:type\" content=\"image\/png\" \/>\n<meta name=\"twitter:card\" content=\"summary_large_image\" \/>\n<meta name=\"twitter:title\" content=\"Compra material deportivo de segunda mano en Sportweb.Club\" \/>\n<meta name=\"twitter:description\" content=\"SportWeb.Club la nueva plataforma para comprar material deportivo de segunda mano a los mejores precios del mercado en l\u00ednea. \u00a1Visita ahora!\" \/>\n<meta name=\"twitter:image\" content=\"https:\/\/sportweb.club\/wp-content\/uploads\/2023\/01\/buy-it.png\" \/>\n<meta name=\"twitter:label1\" content=\"Tiempo de lectura\" \/>\n\t<meta name=\"twitter:data1\" content=\"5 minutos\" \/>\n<script type=\"application\/ld+json\" class=\"yoast-schema-graph\">{\"@context\":\"https:\\\/\\\/schema.org\",\"@graph\":[{\"@type\":\"WebPage\",\"@id\":\"https:\\\/\\\/sportweb.club\\\/buy-your-secondhand-sports-equipment-on-sportweb-club\\\/\",\"url\":\"https:\\\/\\\/sportweb.club\\\/buy-your-secondhand-sports-equipment-on-sportweb-club\\\/\",\"name\":\"Compra tu Material Deportivo de Segunda Mano en Sportweb.Club\",\"isPartOf\":{\"@id\":\"https:\\\/\\\/sportweb.club\\\/#website\"},\"datePublished\":\"2024-01-09T15:37:04+00:00\",\"dateModified\":\"2024-01-19T10:35:34+00:00\",\"description\":\"SportWeb.Club la nueva plataforma para comprar material deportivo de segunda mano a los mejores precios del mercado en l\u00ednea. \u00a1Visita ahora!\",\"breadcrumb\":{\"@id\":\"https:\\\/\\\/sportweb.club\\\/buy-your-secondhand-sports-equipment-on-sportweb-club\\\/#breadcrumb\"},\"inLanguage\":\"es\",\"potentialAction\":[{\"@type\":\"ReadAction\",\"target\":[\"https:\\\/\\\/sportweb.club\\\/buy-your-secondhand-sports-equipment-on-sportweb-club\\\/\"]}]},{\"@type\":\"BreadcrumbList\",\"@id\":\"https:\\\/\\\/sportweb.club\\\/buy-your-secondhand-sports-equipment-on-sportweb-club\\\/#breadcrumb\",\"itemListElement\":[{\"@type\":\"ListItem\",\"position\":1,\"name\":\"Home\",\"item\":\"https:\\\/\\\/sportweb.club\\\/es\\\/\"},{\"@type\":\"ListItem\",\"position\":2,\"name\":\"Comprar\"}]},{\"@type\":\"WebSite\",\"@id\":\"https:\\\/\\\/sportweb.club\\\/#website\",\"url\":\"https:\\\/\\\/sportweb.club\\\/\",\"name\":\"SportWeb Club\",\"description\":\"The Marketplace to Buy and Sell Sports Products.\",\"publisher\":{\"@id\":\"https:\\\/\\\/sportweb.club\\\/#organization\"},\"potentialAction\":[{\"@type\":\"SearchAction\",\"target\":{\"@type\":\"EntryPoint\",\"urlTemplate\":\"https:\\\/\\\/sportweb.club\\\/?s={search_term_string}\"},\"query-input\":{\"@type\":\"PropertyValueSpecification\",\"valueRequired\":true,\"valueName\":\"search_term_string\"}}],\"inLanguage\":\"es\"},{\"@type\":\"Organization\",\"@id\":\"https:\\\/\\\/sportweb.club\\\/#organization\",\"name\":\"SportWeb Club\",\"url\":\"https:\\\/\\\/sportweb.club\\\/\",\"logo\":{\"@type\":\"ImageObject\",\"inLanguage\":\"es\",\"@id\":\"https:\\\/\\\/sportweb.club\\\/#\\\/schema\\\/logo\\\/image\\\/\",\"url\":\"https:\\\/\\\/sportweb.club\\\/wp-content\\\/uploads\\\/2023\\\/01\\\/sportweblogo.jpg\",\"contentUrl\":\"https:\\\/\\\/sportweb.club\\\/wp-content\\\/uploads\\\/2023\\\/01\\\/sportweblogo.jpg\",\"width\":450,\"height\":80,\"caption\":\"SportWeb Club\"},\"image\":{\"@id\":\"https:\\\/\\\/sportweb.club\\\/#\\\/schema\\\/logo\\\/image\\\/\"}}]}<\/script>\n<!-- \/ Yoast SEO plugin. -->","yoast_head_json":{"title":"Compra tu Material Deportivo de Segunda Mano en Sportweb.Club","description":"SportWeb.Club la nueva plataforma para comprar material deportivo de segunda mano a los mejores precios del mercado en l\u00ednea. \u00a1Visita ahora!","robots":{"index":"index","follow":"follow","max-snippet":"max-snippet:-1","max-image-preview":"max-image-preview:large","max-video-preview":"max-video-preview:-1"},"canonical":"https:\/\/sportweb.club\/buy-your-secondhand-sports-equipment-on-sportweb-club\/","og_locale":"es_ES","og_type":"article","og_title":"Compra material deportivo de segunda mano en Sportweb.Club","og_description":"SportWeb.Club la nueva plataforma para comprar material deportivo de segunda mano a los mejores precios del mercado en l\u00ednea. \u00a1Visita ahora!","og_url":"https:\/\/sportweb.club\/buy-your-secondhand-sports-equipment-on-sportweb-club\/","og_site_name":"SportWeb Club","article_modified_time":"2024-01-19T10:35:34+00:00","og_image":[{"width":396,"height":260,"url":"https:\/\/sportweb.club\/wp-content\/uploads\/2023\/01\/buy-it.png","type":"image\/png"}],"twitter_card":"summary_large_image","twitter_title":"Compra material deportivo de segunda mano en Sportweb.Club","twitter_description":"SportWeb.Club la nueva plataforma para comprar material deportivo de segunda mano a los mejores precios del mercado en l\u00ednea. \u00a1Visita ahora!","twitter_image":"https:\/\/sportweb.club\/wp-content\/uploads\/2023\/01\/buy-it.png","twitter_misc":{"Tiempo de lectura":"5 minutos"},"schema":{"@context":"https:\/\/schema.org","@graph":[{"@type":"WebPage","@id":"https:\/\/sportweb.club\/buy-your-secondhand-sports-equipment-on-sportweb-club\/","url":"https:\/\/sportweb.club\/buy-your-secondhand-sports-equipment-on-sportweb-club\/","name":"Compra tu Material Deportivo de Segunda Mano en Sportweb.Club","isPartOf":{"@id":"https:\/\/sportweb.club\/#website"},"datePublished":"2024-01-09T15:37:04+00:00","dateModified":"2024-01-19T10:35:34+00:00","description":"SportWeb.Club la nueva plataforma para comprar material deportivo de segunda mano a los mejores precios del mercado en l\u00ednea. \u00a1Visita ahora!","breadcrumb":{"@id":"https:\/\/sportweb.club\/buy-your-secondhand-sports-equipment-on-sportweb-club\/#breadcrumb"},"inLanguage":"es","potentialAction":[{"@type":"ReadAction","target":["https:\/\/sportweb.club\/buy-your-secondhand-sports-equipment-on-sportweb-club\/"]}]},{"@type":"BreadcrumbList","@id":"https:\/\/sportweb.club\/buy-your-secondhand-sports-equipment-on-sportweb-club\/#breadcrumb","itemListElement":[{"@type":"ListItem","position":1,"name":"Home","item":"https:\/\/sportweb.club\/es\/"},{"@type":"ListItem","position":2,"name":"Comprar"}]},{"@type":"WebSite","@id":"https:\/\/sportweb.club\/#website","url":"https:\/\/sportweb.club\/","name":"SportWeb Club","description":"The Marketplace to Buy and Sell Sports Products.","publisher":{"@id":"https:\/\/sportweb.club\/#organization"},"potentialAction":[{"@type":"SearchAction","target":{"@type":"EntryPoint","urlTemplate":"https:\/\/sportweb.club\/?s={search_term_string}"},"query-input":{"@type":"PropertyValueSpecification","valueRequired":true,"valueName":"search_term_string"}}],"inLanguage":"es"},{"@type":"Organization","@id":"https:\/\/sportweb.club\/#organization","name":"SportWeb Club","url":"https:\/\/sportweb.club\/","logo":{"@type":"ImageObject","inLanguage":"es","@id":"https:\/\/sportweb.club\/#\/schema\/logo\/image\/","url":"https:\/\/sportweb.club\/wp-content\/uploads\/2023\/01\/sportweblogo.jpg","contentUrl":"https:\/\/sportweb.club\/wp-content\/uploads\/2023\/01\/sportweblogo.jpg","width":450,"height":80,"caption":"SportWeb Club"},"image":{"@id":"https:\/\/sportweb.club\/#\/schema\/logo\/image\/"}}]}},"_links":{"self":[{"href":"https:\/\/sportweb.club\/es\/wp-json\/wp\/v2\/pages\/533","targetHints":{"allow":["GET"]}}],"collection":[{"href":"https:\/\/sportweb.club\/es\/wp-json\/wp\/v2\/pages"}],"about":[{"href":"https:\/\/sportweb.club\/es\/wp-json\/wp\/v2\/types\/page"}],"author":[{"embeddable":true,"href":"https:\/\/sportweb.club\/es\/wp-json\/wp\/v2\/users\/1"}],"replies":[{"embeddable":true,"href":"https:\/\/sportweb.club\/es\/wp-json\/wp\/v2\/comments?post=533"}],"version-history":[{"count":11,"href":"https:\/\/sportweb.club\/es\/wp-json\/wp\/v2\/pages\/533\/revisions"}],"predecessor-version":[{"id":5013,"href":"https:\/\/sportweb.club\/es\/wp-json\/wp\/v2\/pages\/533\/revisions\/5013"}],"wp:attachment":[{"href":"https:\/\/sportweb.club\/es\/wp-json\/wp\/v2\/media?parent=533"}],"curies":[{"name":"wp","href":"https:\/\/api.w.org\/{rel}","templated":true}]}}